{"id":319,"date":"2022-12-09T09:05:49","date_gmt":"2022-12-09T09:05:49","guid":{"rendered":"https:\/\/golf-slovenia.com\/?page_id=319"},"modified":"2024-01-22T08:49:38","modified_gmt":"2024-01-22T08:49:38","slug":"om-oss","status":"publish","type":"page","link":"https:\/\/golf-slovenia.com\/sv\/om-oss\/","title":{"rendered":"Om oss"},"content":{"rendered":"<p>Jag har tio \u00e5rs erfarenhet av turistbranschen i Slovenien och utomlands, fr\u00e5n att hj\u00e4lpa kunder att planera sina lyxsemestrar.<\/p>\n\n\n\n<p>Min erfarenhet har gett mig f\u00f6rm\u00e5gan att grundligt f\u00f6rst\u00e5 vad en kund vill ha, hur de vill ha det och hur de kommer att k\u00e4nna sig n\u00e4r de f\u00e5r det - en f\u00f6rstklassig tj\u00e4nst som endast ett f\u00e5tal f\u00f6retag kan erbjuda.<\/p>\n\n\n\n<p>V\u00e4rlden av lyxsemestrar \u00e4r n\u00e4ra sammankopplad med golf, och v\u00e5rt f\u00f6retag b\u00f6rjade snart se potentialen i att kombinera extravaganta resor med denna sport. N\u00e4r vi introducerades till den utvecklande golfv\u00e4rlden i Slovenien ins\u00e5g vi att v\u00e5rt land \u00e4r en dold p\u00e4rla som fortfarande \u00e4r oexploaterad.<\/p>\n\n\n\n<figure class=\"wp-block-image size-large\"><img loading=\"lazy\" decoding=\"async\" width=\"1024\" height=\"743\" src=\"https:\/\/golf-slovenia.com\/wp-content\/uploads\/golfslovenia1-1024x743.webp\" alt=\"Golf Slovenien\" class=\"wp-image-94\" srcset=\"https:\/\/golf-slovenia.com\/wp-content\/uploads\/golfslovenia1-1024x743.webp 1024w, https:\/\/golf-slovenia.com\/wp-content\/uploads\/golfslovenia1-300x218.webp 300w, https:\/\/golf-slovenia.com\/wp-content\/uploads\/golfslovenia1-768x558.webp 768w, https:\/\/golf-slovenia.com\/wp-content\/uploads\/golfslovenia1-1536x1115.webp 1536w, https:\/\/golf-slovenia.com\/wp-content\/uploads\/golfslovenia1-18x12.webp 18w, https:\/\/golf-slovenia.com\/wp-content\/uploads\/golfslovenia1.webp 2000w\" sizes=\"auto, (max-width: 1024px) 100vw, 1024px\" \/><figcaption class=\"wp-element-caption\">Slovenien \u00e4r en dold p\u00e4rla f\u00f6r golfspelare<\/figcaption><\/figure>\n\n\n\n<p>Detta \u00e4r historien bakom Golf Slovenia. Vi ville presentera v\u00e5rt fantastiska lilla land f\u00f6r golfspelare fr\u00e5n hela v\u00e4rlden genom att erbjuda dem o\u00f6vertr\u00e4ffade semesterpaket.<\/p>\n\n\n\n<p>Slovenien \u00e4r ett land med m\u00e5nga m\u00f6jligheter som g\u00f6r det m\u00f6jligt f\u00f6r golfspelare att ha en m\u00e5ngsidig semester genom att njuta av sitt favoritspel och kombinera det med andra aktiviteter.<\/p>\n\n\n\n<p>Man tillbringar all sin tid med att utforska landets arkitektur, mat och konst - och man kommer att \u00e4lska det or\u00f6rda landskapet med sina pittoreska berg, vattenfall, grottor och sj\u00f6ar.<\/p>\n\n\n\n<h2 class=\"wp-block-heading\">Exklusiv service f\u00f6r alla golfspelare<\/h2>\n\n\n\n<p>Vi vill att du ska f\u00e5 en upplevelse f\u00f6r livet p\u00e5 din n\u00e4sta golfsemester. V\u00e5ra expertplanerade resor \u00e4r utformade f\u00f6r att skapa best\u00e5ende minnen samtidigt som vi erbjuder den finaste lyxservicen. Vi str\u00e4var efter att g\u00f6ra din golfsemester i Slovenien s\u00e5 perfekt som m\u00f6jligt.<\/p>\n\n\n\n<figure class=\"wp-block-image size-large\"><img decoding=\"async\" src=\"https:\/\/golf-slovenia.com\/wp-content\/uploads\/Martuljek-mountains-s-1024x576.webp\" alt=\"Fantastiska Slovenien\" class=\"wp-image-146\"\/><figcaption class=\"wp-element-caption\">Fantastiska Slovenien<\/figcaption><\/figure>\n\n\n\n<p>D\u00e4rf\u00f6r har vi beslutat att inte planera semestern i f\u00f6rv\u00e4g, eftersom vi f\u00f6rst\u00e5r att varje golfspelare har sina egna preferenser. Med detta i \u00e5tanke har vi f\u00f6rberett ett noggrant genomt\u00e4nkt urval av alla viktiga ingredienser i en golfsemester. D\u00e4refter utformar vi en resplan utifr\u00e5n den information du l\u00e4mnar och b\u00f6rjar p\u00e5 v\u00e5r v\u00e4g mot att kurera din personliga golfupplevelse.<\/p>\n\n\n\n<h2 class=\"wp-block-heading\">Personliga golfsemestrar f\u00f6r alla<\/h2>\n\n\n\n<p>Vi \u00e4r alltid entusiastiska \u00f6ver att arbeta direkt med dig f\u00f6r att skapa en semester som \u00e4r skr\u00e4ddarsydd efter dina behov och \u00f6nskem\u00e5l. Vi kommer att skapa en verkligt minnesv\u00e4rd upplevelse f\u00f6r dig. En d\u00e4r v\u00e5r personliga pr\u00e4gel sipprar igenom.<\/p>\n\n\n\n<p>Du f\u00e5r det b\u00e4sta av tv\u00e5 v\u00e4rldar med en sm\u00e5skalig researrang\u00f6r som ger dig personlig uppm\u00e4rksamhet och lyxen och urvalet fr\u00e5n ett stort varum\u00e4rke.<\/p>\n\n\n\n<p>Bes\u00f6k v\u00e5r <a href=\"https:\/\/golf-slovenia.com\/sv\/\">Golf Slovenien<\/a> och l\u00e4s om hur vi kan hj\u00e4lpa dig att f\u00e5 ditt livs semester. Vi kan s\u00e4tta ig\u00e5ng s\u00e5 snart du skickar oss en <a href=\"https:\/\/golf-slovenia.com\/sv\/forfragan\/\">F\u00f6rfr\u00e5gan<\/a>!<\/p>\n\n\n\n<p>F\u00f6r ett bredare spektrum av lyxiga semesterresor kan du ocks\u00e5 kolla in f\u00f6ljande <a href=\"http:\/\/slovenialuxuryholidays.com\">Lyxsemester i Slovenien<\/a>. Och f\u00f6r att f\u00e5 en uppfattning om allt du kan g\u00f6ra i Slovenien kan du kolla in f\u00f6ljande <a href=\"http:\/\/slovenia-holidays.com\">Semester i Slovenien<\/a> och <a href=\"http:\/\/sloveniatours.com\">Turer i Slovenien<\/a>.<\/p>\n\n\n\n<p>Du kan kolla in alla v\u00e5ra partners p\u00e5 <a href=\"http:\/\/slovenia-discovery.com\">Uppt\u00e4ckten i Slovenien<\/a>.<\/p>","protected":false},"excerpt":{"rendered":"<p>Jag har tio \u00e5rs erfarenhet av turistbranschen i Slovenien och utomlands, fr\u00e5n att hj\u00e4lpa kunder att planera sina lyxsemestrar. Min erfarenhet har gett mig f\u00f6rm\u00e5gan att grundligt f\u00f6rst\u00e5 vad en kund vill ha, hur de vill ha det och hur de kommer att k\u00e4nna sig n\u00e4r de f\u00e5r det - en premiumtj\u00e4nst som bara ett f\u00e5tal... <a href=\"https:\/\/golf-slovenia.com\/sv\/om-oss\/\">Forts\u00e4ttning<\/a><\/p>","protected":false},"author":1,"featured_media":92,"parent":0,"menu_order":0,"comment_status":"closed","ping_status":"closed","template":"","meta":{"_acf_changed":false,"footnotes":""},"class_list":["post-319","page","type-page","status-publish","has-post-thumbnail","hentry"],"acf":{"page_subheading":"Our team at Golf Slovenia lives and breathes its one goal \u2014 to present Slovenia as the uncut jewel of golf tourism to golfers from around the world."},"_links":{"self":[{"href":"https:\/\/golf-slovenia.com\/sv\/wp-json\/wp\/v2\/pages\/319","targetHints":{"allow":["GET"]}}],"collection":[{"href":"https:\/\/golf-slovenia.com\/sv\/wp-json\/wp\/v2\/pages"}],"about":[{"href":"https:\/\/golf-slovenia.com\/sv\/wp-json\/wp\/v2\/types\/page"}],"author":[{"embeddable":true,"href":"https:\/\/golf-slovenia.com\/sv\/wp-json\/wp\/v2\/users\/1"}],"replies":[{"embeddable":true,"href":"https:\/\/golf-slovenia.com\/sv\/wp-json\/wp\/v2\/comments?post=319"}],"version-history":[{"count":25,"href":"https:\/\/golf-slovenia.com\/sv\/wp-json\/wp\/v2\/pages\/319\/revisions"}],"predecessor-version":[{"id":11145,"href":"https:\/\/golf-slovenia.com\/sv\/wp-json\/wp\/v2\/pages\/319\/revisions\/11145"}],"wp:featuredmedia":[{"embeddable":true,"href":"https:\/\/golf-slovenia.com\/sv\/wp-json\/wp\/v2\/media\/92"}],"wp:attachment":[{"href":"https:\/\/golf-slovenia.com\/sv\/wp-json\/wp\/v2\/media?parent=319"}],"curies":[{"name":"wp","href":"https:\/\/api.w.org\/{rel}","templated":true}]}}