{"id":300,"date":"2022-12-09T07:24:04","date_gmt":"2022-12-09T07:24:04","guid":{"rendered":"https:\/\/golf-slovenia.com\/?page_id=300"},"modified":"2023-11-10T12:33:20","modified_gmt":"2023-11-10T12:33:20","slug":"7-basta-golfbanorna-i-slovenien","status":"publish","type":"page","link":"https:\/\/golf-slovenia.com\/sv\/7-basta-golfbanorna-i-slovenien\/","title":{"rendered":"7 b\u00e4sta golfbanorna i Slovenien"},"content":{"rendered":"<p>Slovenien utvecklas exponentiellt som en destination f\u00f6r golfturism. Det finns f\u00f6r n\u00e4rvarande <strong>15 golfbanor<\/strong> i Slovenien, som alla st\u00e4ndigt arbetar f\u00f6r att erbjuda sina kunder de b\u00e4sta tj\u00e4nsterna.<\/p>\n\n\n\n<p>Golfbanan Royal Bled har till och med tagit sig in i <strong>bland de 100 b\u00e4sta golfbanorna<\/strong> p\u00e5 den europeiska kontinenten, och ytterligare fyra slovenska golfbanor har beaktats p\u00e5 listan bland de \u00f6ver 7000 europeiska golfbanorna.<\/p>\n\n\n\n<p>Vi har f\u00f6rberett en \u00f6versikt \u00f6ver alla <strong>platser som du m\u00e5ste bes\u00f6ka i Slovenien<\/strong>Alla erbjuder en unik och h\u00f6gklassig golfupplevelse.<\/p>\n\n\n\n<h2 class=\"wp-block-heading\" id=\"royal-bled-golf\">1. Royal Bled Golf<\/h2>\n\n\n\n<p><strong>Bygg\u00e5r: <\/strong>1937<\/p>\n\n\n\n<p><strong>H\u00e5l: <\/strong>18 (+9)<\/p>\n\n\n\n<p><strong>Par: <\/strong>72<\/p>\n\n\n\n<p><strong>L\u00e4ngd: <\/strong>6563 meter<\/p>\n\n\n\n<p>Golfbanan Royal Bled \u00e4r den <strong>Sloveniens flaggskepp inom golf<\/strong> och \u00e4r p\u00e5 v\u00e4g att bli en av de mest exklusiva platserna i Europa. Eftersom den <strong>Sloveniens \u00e4ldsta golfbana<\/strong>, dess b\u00f6rjan str\u00e4cker sig s\u00e5 l\u00e5ngt tillbaka som till <strong>1937<\/strong>, \u00e4ven om den 1972 omgjordes och renoverades av den ber\u00f6mda golfarkitekten <strong>Donald Harradine<\/strong>.<\/p>\n\n\n\n\n\n<p>The <strong>18-h\u00e5ls King's Course<\/strong> \u00e4r den st\u00f6rsta i Slovenien och \u00e5tf\u00f6ljs av den <strong>9-h\u00e5ls sj\u00f6bana<\/strong>med chippingomr\u00e5den, puttinggreener, kompakta banor och en driving range. H\u00e4r finns en restaurang, f\u00f6rvaringssk\u00e5p, barnvagnar och uthyrning av all n\u00f6dv\u00e4ndig utrustning.<\/p>\n\n\n\n<p>\u00c4ven om banorna \u00e4r omgivna av h\u00f6ga toppar fr\u00e5n <strong>Julianska Alperna<\/strong> och <strong>Karawanks<\/strong>De \u00e4r inte s\u00e4rskilt kuperade. Royal Bled \u00e4r en av de vackraste golfbanorna i Europa och ett m\u00e5ste f\u00f6r alla golfintresserade som vill spela golf.<\/p>\n\n\n\n<p>Och <strong>Bled-sj\u00f6n<\/strong> ligger precis runt h\u00f6rnet, med de massiva v\u00e4ggarna i Bled Castle som tornar upp sig \u00f6ver den - en syn som du inte f\u00e5r missa.<\/p>\n\n\n\n<h2 class=\"wp-block-heading\" id=\"golf-arboretum\">2. Arboretum f\u00f6r golf<\/h2>\n\n\n\n<p><strong>Bygg\u00e5r: <\/strong>1998<\/p>\n\n\n\n<p><strong>H\u00e5l: <\/strong>18<\/p>\n\n\n\n<p><strong>Par: <\/strong>71<\/p>\n\n\n\n<p><strong>L\u00e4ngd: <\/strong>4985 meter<\/p>\n\n\n\n<p>Golf Arboretum ligger mitt i en tallskog och erbjuder en <strong>18-h\u00e5l<\/strong> njutning f\u00f6r sina bes\u00f6kare. Inte l\u00e5ngt d\u00e4rifr\u00e5n finns Sloveniens mest bes\u00f6kta botaniska tr\u00e4dg\u00e5rd, <strong>Arboretum Vol\u010dji Potok<\/strong>. Och precis ovanf\u00f6r tr\u00e4dtopparna kan du f\u00e5 en glimt av det h\u00f6ga <strong>Kamnik-Savinja Alperna<\/strong>.<\/p>\n\n\n\n\n\n<p>P\u00e5 <strong>5,4 kilometer<\/strong>, har platsen en <strong>par av 77<\/strong> och har en driving range, en chipping area och en kompakt bana. Som en av de nyaste golfbanorna i Slovenien genomg\u00e5r den fortfarande en eller tv\u00e5 \u00e4ndringar varje \u00e5r f\u00f6r att erbjuda en \u00e4nnu b\u00e4ttre golfupplevelse.<\/p>\n\n\n\n<h2 class=\"wp-block-heading\" id=\"golf-grad-otocec\">3. Golf Grad Oto\u010dec<\/h2>\n\n\n\n<p><strong>Bygg\u00e5r: <\/strong>2005<\/p>\n\n\n\n<p><strong>H\u00e5l: <\/strong>18<\/p>\n\n\n\n<p><strong>Par: <\/strong>72<\/p>\n\n\n\n<p><strong>L\u00e4ngd: <\/strong>6189 meter<\/p>\n\n\n\n<p>Utspridda l\u00e4ngs med <strong>Floden Krka<\/strong>Golfbanan Grad Oto\u010dec \u00e4r det senaste tillskottet till Sloveniens golfsf\u00e4r. Det b\u00f6ljande landskapet \u00e4r omgivet av en skog, vilket ger golfspelarna lugn och avskildhet.<\/p>\n\n\n\n\n\n<p>Det finns <strong>18 h\u00e5l<\/strong> p\u00e5 banan, som ligger en knapp kilometer fr\u00e5n den <strong>Oto\u010dec Castle hotell<\/strong> - ett medeltida slott som f\u00f6rvandlats till ett <strong>5-stj\u00e4rnigt hotell<\/strong> och l\u00e4mpligt boende f\u00f6r de bes\u00f6kande golfspelarna. Det kan vara ganska anstr\u00e4ngande att g\u00e5 under varma dagar, s\u00e5 spelarna kan anv\u00e4nda barnvagnar f\u00f6r att n\u00e5 drivingrangen och puttinggreenerna.<\/p>\n\n\n\n<h2 class=\"wp-block-heading\" id=\"golf-ptuj\">4. Golf Ptuj<\/h2>\n\n\n\n<p><strong>Bygg\u00e5r: <\/strong>1992<\/p>\n\n\n\n<p><strong>H\u00e5l: <\/strong>18<\/p>\n\n\n\n<p><strong>Par: <\/strong>71<\/p>\n\n\n\n<p><strong>L\u00e4ngd:<\/strong> 5727 meter<\/p>\n\n\n\n<p>Liksom Golf Grad Oto\u010dec ligger Golf Ptuj-banan l\u00e4ngs en flod och n\u00e4ra ett slott. <strong>Drava-floden<\/strong> och <strong>Slottet i Ptuj<\/strong>. Bel\u00e4get mitt p\u00e5 en vidstr\u00e4ckt sl\u00e4tt kan du se l\u00e5ngt \u00e5t alla h\u00e5ll.<\/p>\n\n\n\n\n\n<p>Platsen har ofta ansetts vara Sloveniens b\u00e4st arrangerade golfbana. Dess <strong>18 h\u00e5l<\/strong> \u00e4r k\u00e4nda f\u00f6r att g\u00f6mma m\u00e5nga f\u00e4llor och vattenhinder d\u00e4r precision \u00e4r viktigare \u00e4n styrka.&nbsp;<\/p>\n\n\n\n<h2 class=\"wp-block-heading\" id=\"cubo-golf-ljubljana\">5. Cubo Golf Ljubljana<\/h2>\n\n\n\n<p><strong>Bygg\u00e5r: <\/strong>2008<\/p>\n\n\n\n<p><strong>H\u00e5l: <\/strong>18<\/p>\n\n\n\n<p><strong>Par: <\/strong>72<\/p>\n\n\n\n<p><strong>L\u00e4ngd: <\/strong>5872 meter<\/p>\n\n\n\n<p>En enkel <strong>15 minuter<\/strong> Det r\u00e4cker med en bil f\u00f6r att ta sig fr\u00e5n Ljubljanas centrum till Cubo Golf Ljubljana-banan. Utrustad med <strong>modern teknik<\/strong>, det g\u00f6r det m\u00f6jligt att <strong>Nattlig tr\u00e4ffning.<\/strong> och har \u00f6ppna fairways, vilket leder till f\u00e4rre f\u00f6rlorade bollar.<\/p>\n\n\n\n\n\n<p>Kursen har <strong>18 h\u00e5l<\/strong>, inklusive sex par tre, sex par fyra och sex par fem. H\u00e4r finns en driving range, en chipping area, en putting green och en kompaktbana. Efter en dag med att sl\u00e5 bort bollarna kan du s\u00e4tta dig ner f\u00f6r en m\u00e5ltid p\u00e5 <strong>Restaurang Cubo<\/strong>.<\/p>\n\n\n\n<h2 class=\"wp-block-heading\" id=\"golf-livada\">6. Golf Livada Moravske Toplice<\/h2>\n\n\n\n<p><strong>Bygg\u00e5r: <\/strong>1998<\/p>\n\n\n\n<p><strong>H\u00e5l:<\/strong> 18<\/p>\n\n\n\n<p><strong>Par:<\/strong> 72<\/p>\n\n\n\n<p><strong>L\u00e4ngd:<\/strong> 6236 meter<\/p>\n\n\n\n<p>Golfbanan Golf Livada Moravske Toplice ligger bredvid termalbadet. <strong>Terme 3000<\/strong>. Det byggdes f\u00f6r att spabes\u00f6kare ska kunna kombinera sin avkopplande semester med golf. Det finns <strong>18 h\u00e5l<\/strong>Det finns en driving range och barnvagnar f\u00f6r att k\u00f6ra runt p\u00e5 banan.<\/p>\n\n\n\n\n\n<p>Om du vill kombinera din golfsemester med termisk avkoppling \u00e4r det h\u00e4r golfbanan i Slovenien du ska bes\u00f6ka.<\/p>\n\n\n\n<h2 class=\"wp-block-heading\" id=\"golf-mokrice\">7. Golf Grad Mokrice<\/h2>\n\n\n\n<p><strong>Bygg\u00e5r: <\/strong>1944<\/p>\n\n\n\n<p><strong>H\u00e5l: <\/strong>18<\/p>\n\n\n\n<p><strong>Par: <\/strong>71<\/p>\n\n\n\n<p><strong>L\u00e4ngd:<\/strong> 5785 meter<\/p>\n\n\n\n<p>Golf Grad Mokrice \u00e4r kanske inte den mest k\u00e4nda golfbanan i Slovenien, men h\u00e4r finns en av de mest k\u00e4nda golfbanorna i Slovenien. <strong>de mest kr\u00e4vande h\u00e5len<\/strong> i denna del av Europa. Bland de <strong>18 f\u00e4lt<\/strong>, den femte par-fyra banan \u00e4r den som tar mest ut av alla golfare.<\/p>\n\n\n\n\n\n<p>Banan str\u00e4cker sig under den medeltida staden med dess murar. <strong>Slottet Mokrice<\/strong> \u00f6ver gr\u00f6na f\u00e4lt omgivna av skog. Till och med en sj\u00f6 fungerar som ett naturligt hinder. Den har en likhet med Royal Bled - dess designer var <strong>Donald Harradine<\/strong>.<\/p>\n\n\n\n<h3 class=\"wp-block-heading\">Bes\u00f6k Slovenien f\u00f6r din kommande golfsemester!<\/h3>\n\n\n\n<p>Om du letar efter den perfekta platsen att koppla av p\u00e5 en golfsemester, <strong>Slovenien \u00e4r ditt b\u00e4sta val<\/strong>. Dessa banor \u00e4r bara toppen av isberget, och det finns m\u00e5nga andra fritidsaktiviteter som du kan kombinera med golf. Slovenien \u00e4r ett utm\u00e4rkt st\u00e4lle att koppla av p\u00e5 medan du spelar ditt favoritspel.<\/p>\n\n\n\n<p>Du kan se hur vi kan hj\u00e4lpa dig att utforma din perfekta golfsemester i Slovenien genom att bes\u00f6ka v\u00e5r <a href=\"https:\/\/golf-slovenia.com\/sv\/\">hemsida<\/a>. D\u00e4refter kan du fylla i v\u00e5r <a href=\"https:\/\/golf-slovenia.com\/sv\/forfragan\/\">F\u00f6rfr\u00e5gningsformul\u00e4r<\/a>s\u00e5 kan vi b\u00f6rja boka dina avslagstider!<\/p>","protected":false},"excerpt":{"rendered":"<p>Slovenien utvecklas exponentiellt som destination f\u00f6r golfturism. Det finns f\u00f6r n\u00e4rvarande 15 golfbanor i Slovenien, som alla st\u00e4ndigt arbetar f\u00f6r att ge sina kunder den b\u00e4sta servicen. Golfbanan Royal Bled lyckades till och med ta sig in bland de 100 b\u00e4sta golfbanorna i kontinentala Europa, och ytterligare fyra slovenska golfbanor \u00e4r aktuella f\u00f6r ... <a href=\"https:\/\/golf-slovenia.com\/sv\/7-basta-golfbanorna-i-slovenien\/\">Forts\u00e4ttning<\/a><\/p>","protected":false},"author":1,"featured_media":47,"parent":0,"menu_order":0,"comment_status":"closed","ping_status":"closed","template":"","meta":{"_acf_changed":false,"footnotes":""},"class_list":["post-300","page","type-page","status-publish","has-post-thumbnail","hentry"],"acf":{"page_subheading":"Learn all you need to know about best golf courses in Slovenia before planning your golf holidays and booking your tee times at these elite venues."},"_links":{"self":[{"href":"https:\/\/golf-slovenia.com\/sv\/wp-json\/wp\/v2\/pages\/300","targetHints":{"allow":["GET"]}}],"collection":[{"href":"https:\/\/golf-slovenia.com\/sv\/wp-json\/wp\/v2\/pages"}],"about":[{"href":"https:\/\/golf-slovenia.com\/sv\/wp-json\/wp\/v2\/types\/page"}],"author":[{"embeddable":true,"href":"https:\/\/golf-slovenia.com\/sv\/wp-json\/wp\/v2\/users\/1"}],"replies":[{"embeddable":true,"href":"https:\/\/golf-slovenia.com\/sv\/wp-json\/wp\/v2\/comments?post=300"}],"version-history":[{"count":20,"href":"https:\/\/golf-slovenia.com\/sv\/wp-json\/wp\/v2\/pages\/300\/revisions"}],"predecessor-version":[{"id":6493,"href":"https:\/\/golf-slovenia.com\/sv\/wp-json\/wp\/v2\/pages\/300\/revisions\/6493"}],"wp:featuredmedia":[{"embeddable":true,"href":"https:\/\/golf-slovenia.com\/sv\/wp-json\/wp\/v2\/media\/47"}],"wp:attachment":[{"href":"https:\/\/golf-slovenia.com\/sv\/wp-json\/wp\/v2\/media?parent=300"}],"curies":[{"name":"wp","href":"https:\/\/api.w.org\/{rel}","templated":true}]}}