{"id":319,"date":"2022-12-09T09:05:49","date_gmt":"2022-12-09T09:05:49","guid":{"rendered":"https:\/\/golf-slovenia.com\/?page_id=319"},"modified":"2024-01-22T08:49:38","modified_gmt":"2024-01-22T08:49:38","slug":"over-ons","status":"publish","type":"page","link":"https:\/\/golf-slovenia.com\/nl\/over-ons\/","title":{"rendered":"Over ons"},"content":{"rendered":"<p>Ik heb tien jaar ervaring in de toeristische sector in Sloveni\u00eb en daarbuiten, van het helpen van klanten bij het plannen van hun luxe vakanties.<\/p>\n\n\n\n<p>Dankzij mijn ervaring kan ik goed begrijpen wat een klant wil, hoe hij het wil en hoe hij zich zal voelen als hij het ontvangt - een topservice die slechts enkele bedrijven kunnen bieden.<\/p>\n\n\n\n<p>De wereld van luxe vakanties is nauw verweven met golf, en ons bedrijf zag al snel het potentieel van het combineren van extravagante uitjes met deze sport. Toen we kennismaakten met de evoluerende wereld van de golf in Sloveni\u00eb, beseften we dat ons land een verborgen juweel is dat onontgonnen blijft.<\/p>\n\n\n\n<figure class=\"wp-block-image size-large\"><img loading=\"lazy\" decoding=\"async\" width=\"1024\" height=\"743\" src=\"https:\/\/golf-slovenia.com\/wp-content\/uploads\/golfslovenia1-1024x743.webp\" alt=\"Golf Sloveni\u00eb\" class=\"wp-image-94\" srcset=\"https:\/\/golf-slovenia.com\/wp-content\/uploads\/golfslovenia1-1024x743.webp 1024w, https:\/\/golf-slovenia.com\/wp-content\/uploads\/golfslovenia1-300x218.webp 300w, https:\/\/golf-slovenia.com\/wp-content\/uploads\/golfslovenia1-768x558.webp 768w, https:\/\/golf-slovenia.com\/wp-content\/uploads\/golfslovenia1-1536x1115.webp 1536w, https:\/\/golf-slovenia.com\/wp-content\/uploads\/golfslovenia1-18x12.webp 18w, https:\/\/golf-slovenia.com\/wp-content\/uploads\/golfslovenia1.webp 2000w\" sizes=\"auto, (max-width: 1024px) 100vw, 1024px\" \/><figcaption class=\"wp-element-caption\">Sloveni\u00eb is een verborgen juweel voor golfers<\/figcaption><\/figure>\n\n\n\n<p>En dit is het verhaal achter Golf Sloveni\u00eb. We wilden ons prachtige kleine land presenteren aan golfers uit de hele wereld door hen onge\u00ebvenaarde vakantiepakketten aan te bieden.<\/p>\n\n\n\n<p>Sloveni\u00eb is een land van mogelijkheden en biedt golfers de mogelijkheid een veelzijdige vakantie te hebben door te genieten van hun favoriete spel en dat te combineren met andere activiteiten.<\/p>\n\n\n\n<p>Men brengt al zijn tijd door met het verkennen van de architectuur, de keuken en de kunst van het land - en men houdt van het ongerepte landschap met zijn schilderachtige bergen, watervallen, grotten en meren.<\/p>\n\n\n\n<h2 class=\"wp-block-heading\">Exclusieve service voor elke golfer<\/h2>\n\n\n\n<p>Wij willen dat u op uw volgende golfvakantie de ervaring van uw leven heeft. Onze vakkundig geplande reizen zijn ontworpen om blijvende herinneringen te cre\u00ebren en tegelijkertijd de beste luxe service te bieden. Wij streven ernaar om uw Sloveni\u00eb golfvakantie zo perfect mogelijk te maken.<\/p>\n\n\n\n<figure class=\"wp-block-image size-large\"><img decoding=\"async\" src=\"https:\/\/golf-slovenia.com\/wp-content\/uploads\/Martuljek-mountains-s-1024x576.webp\" alt=\"Prachtig Sloveni\u00eb\" class=\"wp-image-146\"\/><figcaption class=\"wp-element-caption\">Prachtig Sloveni\u00eb<\/figcaption><\/figure>\n\n\n\n<p>Daarom hebben we besloten de vakanties niet vooraf te plannen, omdat we begrijpen dat elke golfer zijn voorkeuren heeft. Met dat in gedachten hebben we een weloverwogen selectie gemaakt van elk essentieel ingredi\u00ebnt van een golfvakantie. Daarna werken we een route uit op basis van de door u verstrekte informatie en beginnen we met het samenstellen van uw persoonlijke golfervaring.<\/p>\n\n\n\n<h2 class=\"wp-block-heading\">Gepersonaliseerde golfvakanties voor iedereen<\/h2>\n\n\n\n<p>Wij zijn altijd enthousiast om direct met u samen te werken om een vakantie te cre\u00ebren die is afgestemd op uw behoeften en wensen. We zullen een onvergetelijke ervaring voor u cre\u00ebren. E\u00e9n waarin onze persoonlijke aanpak doorloopt.<\/p>\n\n\n\n<p>U krijgt het beste van twee werelden met een kleinschalige touroperator die u persoonlijke aandacht biedt en de luxe en selectie van een groot merk.<\/p>\n\n\n\n<p>Bezoek onze <a href=\"https:\/\/golf-slovenia.com\/nl\/\">Golf Sloveni\u00eb<\/a> homepage en lees hoe wij u kunnen helpen de vakantie van uw leven te realiseren. We kunnen aan de slag zodra u ons een <a href=\"https:\/\/golf-slovenia.com\/nl\/onderzoek\/\">onderzoek<\/a>!<\/p>\n\n\n\n<p>Voor een breder spectrum van luxe uitjes kunt u ook kijken op <a href=\"http:\/\/slovenialuxuryholidays.com\">Sloveni\u00eb Luxe Vakantie<\/a>. En om een idee te krijgen van wat je allemaal kunt doen in Sloveni\u00eb, kijk dan op <a href=\"http:\/\/slovenia-holidays.com\">Sloveni\u00eb Vakantie<\/a> en <a href=\"http:\/\/sloveniatours.com\">Tochten Sloveni\u00eb<\/a>.<\/p>\n\n\n\n<p>U kunt al onze partners bekijken op <a href=\"http:\/\/slovenia-discovery.com\">Sloveni\u00eb Ontdekking<\/a>.<\/p>","protected":false},"excerpt":{"rendered":"<p>Ik heb tien jaar ervaring in de toeristische sector in Sloveni\u00eb en daarbuiten, met het helpen van klanten bij het plannen van hun luxe vakanties. Mijn ervaring heeft me het vermogen gegeven om grondig te begrijpen wat een klant wil, hoe hij het wil en hoe hij zich zal voelen als hij het ontvangt - een eersteklas service die slechts een paar ... <a href=\"https:\/\/golf-slovenia.com\/nl\/over-ons\/\">Vervolg<\/a><\/p>","protected":false},"author":1,"featured_media":92,"parent":0,"menu_order":0,"comment_status":"closed","ping_status":"closed","template":"","meta":{"_acf_changed":false,"footnotes":""},"class_list":["post-319","page","type-page","status-publish","has-post-thumbnail","hentry"],"acf":{"page_subheading":"Our team at Golf Slovenia lives and breathes its one goal \u2014 to present Slovenia as the uncut jewel of golf tourism to golfers from around the world."},"_links":{"self":[{"href":"https:\/\/golf-slovenia.com\/nl\/wp-json\/wp\/v2\/pages\/319","targetHints":{"allow":["GET"]}}],"collection":[{"href":"https:\/\/golf-slovenia.com\/nl\/wp-json\/wp\/v2\/pages"}],"about":[{"href":"https:\/\/golf-slovenia.com\/nl\/wp-json\/wp\/v2\/types\/page"}],"author":[{"embeddable":true,"href":"https:\/\/golf-slovenia.com\/nl\/wp-json\/wp\/v2\/users\/1"}],"replies":[{"embeddable":true,"href":"https:\/\/golf-slovenia.com\/nl\/wp-json\/wp\/v2\/comments?post=319"}],"version-history":[{"count":25,"href":"https:\/\/golf-slovenia.com\/nl\/wp-json\/wp\/v2\/pages\/319\/revisions"}],"predecessor-version":[{"id":11145,"href":"https:\/\/golf-slovenia.com\/nl\/wp-json\/wp\/v2\/pages\/319\/revisions\/11145"}],"wp:featuredmedia":[{"embeddable":true,"href":"https:\/\/golf-slovenia.com\/nl\/wp-json\/wp\/v2\/media\/92"}],"wp:attachment":[{"href":"https:\/\/golf-slovenia.com\/nl\/wp-json\/wp\/v2\/media?parent=319"}],"curies":[{"name":"wp","href":"https:\/\/api.w.org\/{rel}","templated":true}]}}