{"id":13553,"date":"2024-03-22T13:32:58","date_gmt":"2024-03-22T13:32:58","guid":{"rendered":"https:\/\/golf-slovenia.com\/?page_id=13553"},"modified":"2024-04-26T05:52:16","modified_gmt":"2024-04-26T05:52:16","slug":"hoe-kom-ik-in-slovenie","status":"publish","type":"page","link":"https:\/\/golf-slovenia.com\/nl\/hoe-kom-ik-in-slovenie\/","title":{"rendered":"Hoe kom je in Sloveni\u00eb?"},"content":{"rendered":"<p>Plan je een reis naar Sloveni\u00eb en vraag je je af hoe je daar komt? Zoek niet verder!<\/p>\n\n\n\n<p>Sloveni\u00eb ligt gunstig <strong>gelegen in het centrum van Europa<\/strong>waardoor het gemakkelijk is om vanuit elke richting te komen. Of je nu per vliegtuig, over land of over zee komt, er zijn genoeg mogelijkheden om dit kleine maar machtige land te bereiken.<\/p>\n\n\n\n<figure class=\"wp-block-image size-large is-resized\"><img decoding=\"async\" src=\"https:\/\/golf-slovenia.com\/wp-content\/uploads\/beautiful-landscape-of-lake-bled-the-church-island-in-the-middle-and-the-castle-in-the-background-of-white-clouded-sky-from-ojstrica-viewpoint-in-bled-slovenia-stockpack-adobe-stock-1024x439.webp\" alt=\"bled viewpoint sloveni\u00eb\" class=\"wp-image-13742\" style=\"width:1159px;height:auto\"\/><figcaption class=\"wp-element-caption\">Verborgen pareltjes in Sloveni\u00eb - Meer van Bled<\/figcaption><\/figure>\n\n\n\n<p>Met zijn adembenemende natuurlijke schoonheid, rijke culturele geschiedenis en gastvrije bevolking is Sloveni\u00eb de perfecte bestemming voor reizigers die dit deel van Europa willen verkennen.<\/p>\n\n\n\n<p>In deze gids behandelen we alle manieren waarop je naar Sloveni\u00eb kunt reizen, zodat je gemakkelijk je reis kunt plannen.<\/p>\n\n\n\n<h2 class=\"wp-block-heading\">Aankomst met het vliegtuig<\/h2>\n\n\n\n<p>Een vlucht naar Sloveni\u00eb is de beste optie om hier te komen, vooral als je niet uit een van de aangrenzende landen komt.<\/p>\n\n\n\n<p>Sloveni\u00eb heeft 3 internationale luchthavens (Ljubljana, Maribor, Portoro\u017e).&nbsp;<\/p>\n\n\n\n<p><strong>Ljubljana (Jo\u017ee Pu\u010dnik Luchthaven)<\/strong> - de belangrijkste luchthaven in Sloveni\u00eb&nbsp;<\/p>\n\n\n\n<p>Het ligt ongeveer 26 km ten noorden van de hoofdstad. Je kunt een taxi nemen, een luchthavenshuttle, een auto huren of kiezen voor onze transferopties, afhankelijk van je reisroute.&nbsp;<\/p>\n\n\n\n<p>Het vliegveld van Ljubljana is de beste optie als je naar Sloveni\u00eb reist, vooral als je plaatsen in het midden, noorden of noordwesten van het land wilt bezoeken.<\/p>\n\n\n\n<p><strong>Maribor (Luchthaven Edvard Rusjan)<\/strong> - tweede internationale luchthaven<\/p>\n\n\n\n<p>Het ligt ongeveer 10 km ten zuiden van Maribor, de op een na grootste stad van Sloveni\u00eb. Reizen van en naar het vliegveld doe je met een taxi of een vooraf geboekte transfer. Maribor Airport wordt voornamelijk gebruikt voor seizoens- en chartervluchten.&nbsp;<\/p>\n\n\n\n<p><strong>Luchthaven Portoro\u017e <\/strong>- kleinere charters, zakenvluchten en vrachtvluchten<\/p>\n\n\n\n<p>Het vliegveld ligt 6 km ten zuiden van Portoro\u017e en je kunt de volgende steden binnen een uur rijden bereiken: Tri\u00ebst (Itali\u00eb), Koper, Postojna, Ljubljana (Sloveni\u00eb) en Kroatische steden op het schiereiland Istri\u00eb.<\/p>\n\n\n\n<p><strong>Trieste Luchthaven (Friuli Venezia Giulia Luchthaven)<\/strong> - Veel rechtstreekse vluchten, net over de grens met Sloveni\u00eb<\/p>\n\n\n\n<p>Tri\u00ebst Airport, ook bekend als Friuli Venezia Giulia Airport, ligt ongeveer 33 km ten noordwesten van Tri\u00ebst, Itali\u00eb. Het biedt rechtstreekse vluchten naar verschillende bestemmingen, waaronder grote steden en regionale hubs, met luchtvaartmaatschappijen als Ryanair en ITA Airways. Hoewel het in Itali\u00eb ligt, kun je Sloveni\u00eb in minder dan 30 minuten bereiken, en Ljubljana in 1u20min.<\/p>\n\n\n\n<p><strong>Andere alternatieve luchthavens in de buurt van Sloveni\u00eb <\/strong>(minder dan 2 uur rijden):<\/p>\n\n\n\n<p>De andere meest geschikte luchthaven buiten Sloveni\u00eb is <strong>Veneti\u00eb<\/strong> (Marco Polo en Treviso), met talrijke internationale verbindingen. <strong>Zagreb<\/strong> en <strong>Wenen<\/strong> zijn ook geweldige opties, hoewel de laatste iets verder weg ligt.<\/p>\n\n\n\n<p>Andere opties: Pula, Klagenfurt, Graz, Tri\u00ebst<\/p>\n\n\n\n<h2 class=\"wp-block-heading\">Aankomst met de auto<\/h2>\n\n\n\n<p>Met de auto naar Sloveni\u00eb komen is een handige en praktische optie, want het land heeft <strong>uitstekende verbindingen<\/strong> naar de rest van Europa via een <strong>netwerk van snelwegen<\/strong>. Het is gemakkelijk om het hele land met de auto te verkennen, want de afstanden zijn klein en je kunt het hele land in een paar korte ritten doorkruisen.<\/p>\n\n\n\n<p>Sloveni\u00eb is zelfs de <strong>perfecte bestemming voor een roadtrip<\/strong>Dan kun je genieten van al het prachtige natuurschoon en de diverse culturele attracties die het land te bieden heeft.<\/p>\n\n\n\n<p>Het is belangrijk om te weten dat je het volgende moet doen <strong>een snelwegvignet kopen<\/strong> om gebruik te maken van de snelwegen in Sloveni\u00eb. Deze kun je kopen bij benzinestations, postkantoren en kiosken - maar de <strong>beste manier<\/strong> is om <a href=\"https:\/\/evinjeta.dars.si\/en\">online kopen<\/a>. Ze zijn beschikbaar voor verschillende periodes, vari\u00ebrend van een week tot een jaar. Als je eenmaal je vignet hebt, kun je genieten van soepele, probleemloze reizen terwijl je Sloveni\u00eb met de auto verkent.<\/p>\n\n\n\n<h2 class=\"wp-block-heading\">Met de trein<\/h2>\n\n\n\n<p>Met de trein naar Sloveni\u00eb is heel eenvoudig. Er zijn <strong>goede treinverbindingen<\/strong> uit buurlanden en vele andere landen: Kroati\u00eb, Itali\u00eb, Oostenrijk, Hongarije, Servi\u00eb, Tsjechi\u00eb, Duitsland, Zwitserland, enz.&nbsp;<\/p>\n\n\n\n<p>Sloveni\u00eb is opgenomen in de <strong>Wereldpas voor Eurail<\/strong> systeem.&nbsp;<\/p>\n\n\n\n<p>Je kunt ook per trein reizen vanaf nabijgelegen luchthavens, zoals Tri\u00ebst, Zagreb of Wenen.<\/p>\n\n\n\n<h2 class=\"wp-block-heading\">Aankomst met de bus<\/h2>\n\n\n\n<p>Met de bus vanuit veel Europese steden naar Sloveni\u00eb reizen is heel eenvoudig. Er zijn <strong>directe buslijnen<\/strong> uit Zweden en Denemarken, en de meeste internationale bussen stoppen in Ljubljana.<\/p>\n\n\n\n<p>Buitenlandse busvervoersaanbieders in de EU hebben geen speciale vergunningen nodig om door Sloveni\u00eb te reizen, waarbij de bussen van FlixBus en Nomago steeds populairder worden.<\/p>\n\n\n\n<h2 class=\"wp-block-heading\">Heb ik een visum nodig voor Sloveni\u00eb?<\/h2>\n\n\n\n<p>Burgers van de lidstaten van de Europese Economische Ruimte (EER) mogen Sloveni\u00eb binnenkomen met een <strong>geldige identiteitskaart of een geldig paspoort<\/strong> en hebben geen visum of verblijfsvergunning nodig.<\/p>\n\n\n\n<p>Onderdanen van derde landen moeten een visum of verblijfsvergunning aanvragen bij de diplomatieke vertegenwoordiging van Sloveni\u00eb in het buitenland.<\/p>\n\n\n\n<p>* De lijst van landen die een visum nodig hebben voor Sloveni\u00eb kan worden bekeken op de offici\u00eble website van de overheid. <a href=\"https:\/\/www.gov.si\/en\/countries\/\">hier<\/a>.<\/p>","protected":false},"excerpt":{"rendered":"<p>Ben je een reis naar Sloveni\u00eb aan het plannen en vraag je je af hoe je daar komt? Zoek niet verder! Sloveni\u00eb heeft een gunstige ligging in het centrum van Europa, waardoor het gemakkelijk te bereiken is vanuit elke richting. Of je nu per vliegtuig, over land of over zee komt, er zijn genoeg mogelijkheden om dit kleine maar machtige land te bereiken. ... <a href=\"https:\/\/golf-slovenia.com\/nl\/hoe-kom-ik-in-slovenie\/\">Vervolg<\/a><\/p>","protected":false},"author":8,"featured_media":15427,"parent":0,"menu_order":0,"comment_status":"closed","ping_status":"closed","template":"","meta":{"_acf_changed":false,"footnotes":""},"class_list":["post-13553","page","type-page","status-publish","has-post-thumbnail","hentry"],"acf":{"page_subheading":"Learn how to get to Slovenia by plane, car, or public transportation, and have an easier time planning your trip with our comprehensive guide."},"_links":{"self":[{"href":"https:\/\/golf-slovenia.com\/nl\/wp-json\/wp\/v2\/pages\/13553","targetHints":{"allow":["GET"]}}],"collection":[{"href":"https:\/\/golf-slovenia.com\/nl\/wp-json\/wp\/v2\/pages"}],"about":[{"href":"https:\/\/golf-slovenia.com\/nl\/wp-json\/wp\/v2\/types\/page"}],"author":[{"embeddable":true,"href":"https:\/\/golf-slovenia.com\/nl\/wp-json\/wp\/v2\/users\/8"}],"replies":[{"embeddable":true,"href":"https:\/\/golf-slovenia.com\/nl\/wp-json\/wp\/v2\/comments?post=13553"}],"version-history":[{"count":4,"href":"https:\/\/golf-slovenia.com\/nl\/wp-json\/wp\/v2\/pages\/13553\/revisions"}],"predecessor-version":[{"id":15426,"href":"https:\/\/golf-slovenia.com\/nl\/wp-json\/wp\/v2\/pages\/13553\/revisions\/15426"}],"wp:featuredmedia":[{"embeddable":true,"href":"https:\/\/golf-slovenia.com\/nl\/wp-json\/wp\/v2\/media\/15427"}],"wp:attachment":[{"href":"https:\/\/golf-slovenia.com\/nl\/wp-json\/wp\/v2\/media?parent=13553"}],"curies":[{"name":"wp","href":"https:\/\/api.w.org\/{rel}","templated":true}]}}