{"id":319,"date":"2022-12-09T09:05:49","date_gmt":"2022-12-09T09:05:49","guid":{"rendered":"https:\/\/golf-slovenia.com\/?page_id=319"},"modified":"2024-01-22T08:49:38","modified_gmt":"2024-01-22T08:49:38","slug":"om-oss","status":"publish","type":"page","link":"https:\/\/golf-slovenia.com\/nb\/om-oss\/","title":{"rendered":"Om oss"},"content":{"rendered":"<p>Jeg har ti \u00e5rs erfaring fra reiselivsbransjen i Slovenia og i utlandet, der jeg har hjulpet kunder med \u00e5 planlegge luksusferier.<\/p>\n\n\n\n<p>Min erfaring har gitt meg evnen til \u00e5 forst\u00e5 grundig hva en kunde vil ha, hvordan de vil ha det, og hvordan de vil f\u00f8le seg n\u00e5r de mottar det - en f\u00f8rsteklasses tjeneste som bare noen f\u00e5 selskaper kan tilby.<\/p>\n\n\n\n<p>En verden av luksusferier flettes tett sammen med golf, og selskapet v\u00e5rt begynte snart \u00e5 se potensialet i \u00e5 kombinere ekstravagante utflukter med denne sporten. Da vi ble introdusert til den utviklende golfverdenen i Slovenia, inns\u00e5 vi at landet v\u00e5rt er en skjult perle som forblir uutnyttet.<\/p>\n\n\n\n<figure class=\"wp-block-image size-large\"><img loading=\"lazy\" decoding=\"async\" width=\"1024\" height=\"743\" src=\"https:\/\/golf-slovenia.com\/wp-content\/uploads\/golfslovenia1-1024x743.webp\" alt=\"Golf Slovenia\" class=\"wp-image-94\" srcset=\"https:\/\/golf-slovenia.com\/wp-content\/uploads\/golfslovenia1-1024x743.webp 1024w, https:\/\/golf-slovenia.com\/wp-content\/uploads\/golfslovenia1-300x218.webp 300w, https:\/\/golf-slovenia.com\/wp-content\/uploads\/golfslovenia1-768x558.webp 768w, https:\/\/golf-slovenia.com\/wp-content\/uploads\/golfslovenia1-1536x1115.webp 1536w, https:\/\/golf-slovenia.com\/wp-content\/uploads\/golfslovenia1-18x12.webp 18w, https:\/\/golf-slovenia.com\/wp-content\/uploads\/golfslovenia1.webp 2000w\" sizes=\"auto, (max-width: 1024px) 100vw, 1024px\" \/><figcaption class=\"wp-element-caption\">Slovenia er en skjult perle for golfspillere<\/figcaption><\/figure>\n\n\n\n<p>Og dette er historien bak Golf Slovenia. Vi \u00f8nsket \u00e5 presentere v\u00e5rt fantastiske lille land for golfere fra hele verden ved \u00e5 tilby dem uovertrufne feriepakker.<\/p>\n\n\n\n<p>Slovenia er et land av muligheter og lar golfere ha allsidige ferier ved \u00e5 nyte favorittspillet sitt og kombinere det med andre aktiviteter.<\/p>\n\n\n\n<p>Man bruker all sin tid p\u00e5 \u00e5 utforske landets arkitektur, mat og kunst - og de vil elske det uber\u00f8rte landskapet med sine pittoreske fjell, fosser, grotter og innsj\u00f8er.<\/p>\n\n\n\n<h2 class=\"wp-block-heading\">Eksklusiv tjeneste for alle golfspillere<\/h2>\n\n\n\n<p>Vi \u00f8nsker at du skal f\u00e5 en opplevelse for livet p\u00e5 din neste golfferie. V\u00e5re ekspertplanlagte turer er designet for \u00e5 skape varige minner samtidig som vi tilbyr den beste luksustjenesten. Vi streber etter \u00e5 gj\u00f8re din golfferie i Slovenia s\u00e5 perfekt som mulig.<\/p>\n\n\n\n<figure class=\"wp-block-image size-large\"><img decoding=\"async\" src=\"https:\/\/golf-slovenia.com\/wp-content\/uploads\/Martuljek-mountains-s-1024x576.webp\" alt=\"Fantastiske Slovenia\" class=\"wp-image-146\"\/><figcaption class=\"wp-element-caption\">Fantastiske Slovenia<\/figcaption><\/figure>\n\n\n\n<p>Derfor har vi bestemt oss for \u00e5 ikke planlegge ferien p\u00e5 forh\u00e5nd, da vi forst\u00e5r at hver golfspiller har sine preferanser. Med det i tankene har vi utarbeidet et grundig gjennomtenkt utvalg av alle viktige ingredienser i en golfferie. Etter det utarbeider vi en reiserute basert p\u00e5 informasjonen du oppgir, og begynner p\u00e5 veien mot \u00e5 kuratere din personlige golfopplevelse.<\/p>\n\n\n\n<h2 class=\"wp-block-heading\">Personlig tilpasset golfferie for alle<\/h2>\n\n\n\n<p>Vi er alltid entusiastiske over \u00e5 jobbe direkte med deg for \u00e5 skape en ferie skreddersydd til dine behov og \u00f8nsker. Vi vil skape en virkelig minneverdig opplevelse for deg. En opplevelse der v\u00e5rt personlige preg gjennomsyrer alt.<\/p>\n\n\n\n<p>Du f\u00e5r det beste fra begge verdener med en liten turoperat\u00f8r som tilbyr din personlige oppmerksomhet og luksusen og utvalget til et stort merke.<\/p>\n\n\n\n<p>Bes\u00f8k v\u00e5r <a href=\"https:\/\/golf-slovenia.com\/nb\/\">Golf Slovenia<\/a> og les om hvordan vi kan hjelpe deg med \u00e5 f\u00e5 ditt livs ferie. Vi kan sette i gang s\u00e5 snart du sender oss et <a href=\"https:\/\/golf-slovenia.com\/nb\/foresporsel\/\">foresp\u00f8rsel<\/a>!<\/p>\n\n\n\n<p>For et bredere spekter av luksuri\u00f8se utflukter, kan du ogs\u00e5 se p\u00e5 <a href=\"http:\/\/slovenialuxuryholidays.com\">Luksusferie i Slovenia<\/a>. Og for \u00e5 f\u00e5 en id\u00e9 om alt du kan gj\u00f8re i Slovenia, sjekk ut <a href=\"http:\/\/slovenia-holidays.com\">Helligdager i Slovenia<\/a> og <a href=\"http:\/\/sloveniatours.com\">Slovenia Tours<\/a>.<\/p>\n\n\n\n<p>Du kan se alle partnerne v\u00e5re p\u00e5 <a href=\"http:\/\/slovenia-discovery.com\">Slovenia Oppdagelse<\/a>.<\/p>","protected":false},"excerpt":{"rendered":"<p>Jeg har ti \u00e5rs erfaring fra turistbransjen i Slovenia og i utlandet, der jeg har hjulpet kunder med \u00e5 planlegge luksusferier. Erfaringen min har gitt meg evnen til \u00e5 sette meg grundig inn i hva kundene \u00f8nsker, hvordan de vil ha det, og hvordan de vil f\u00f8le seg n\u00e5r de f\u00e5r det - en f\u00f8rsteklasses tjeneste som bare noen f\u00e5... <a href=\"https:\/\/golf-slovenia.com\/nb\/om-oss\/\">Fortsettelse<\/a><\/p>","protected":false},"author":1,"featured_media":92,"parent":0,"menu_order":0,"comment_status":"closed","ping_status":"closed","template":"","meta":{"_acf_changed":false,"footnotes":""},"class_list":["post-319","page","type-page","status-publish","has-post-thumbnail","hentry"],"acf":{"page_subheading":"Our team at Golf Slovenia lives and breathes its one goal \u2014 to present Slovenia as the uncut jewel of golf tourism to golfers from around the world."},"_links":{"self":[{"href":"https:\/\/golf-slovenia.com\/nb\/wp-json\/wp\/v2\/pages\/319","targetHints":{"allow":["GET"]}}],"collection":[{"href":"https:\/\/golf-slovenia.com\/nb\/wp-json\/wp\/v2\/pages"}],"about":[{"href":"https:\/\/golf-slovenia.com\/nb\/wp-json\/wp\/v2\/types\/page"}],"author":[{"embeddable":true,"href":"https:\/\/golf-slovenia.com\/nb\/wp-json\/wp\/v2\/users\/1"}],"replies":[{"embeddable":true,"href":"https:\/\/golf-slovenia.com\/nb\/wp-json\/wp\/v2\/comments?post=319"}],"version-history":[{"count":25,"href":"https:\/\/golf-slovenia.com\/nb\/wp-json\/wp\/v2\/pages\/319\/revisions"}],"predecessor-version":[{"id":11145,"href":"https:\/\/golf-slovenia.com\/nb\/wp-json\/wp\/v2\/pages\/319\/revisions\/11145"}],"wp:featuredmedia":[{"embeddable":true,"href":"https:\/\/golf-slovenia.com\/nb\/wp-json\/wp\/v2\/media\/92"}],"wp:attachment":[{"href":"https:\/\/golf-slovenia.com\/nb\/wp-json\/wp\/v2\/media?parent=319"}],"curies":[{"name":"wp","href":"https:\/\/api.w.org\/{rel}","templated":true}]}}