{"id":300,"date":"2022-12-09T07:24:04","date_gmt":"2022-12-09T07:24:04","guid":{"rendered":"https:\/\/golf-slovenia.com\/?page_id=300"},"modified":"2023-11-10T12:33:20","modified_gmt":"2023-11-10T12:33:20","slug":"de-7-beste-golfbanene-i-slovenia","status":"publish","type":"page","link":"https:\/\/golf-slovenia.com\/nb\/de-7-beste-golfbanene-i-slovenia\/","title":{"rendered":"De 7 beste golfbanene i Slovenia"},"content":{"rendered":"<p>Slovenia utvikler seg eksponentielt som et reisem\u00e5l for golfturisme. Det finnes for tiden <strong>15 golfbaner<\/strong> i Slovenia, som alle jobber kontinuerlig for \u00e5 levere de beste tjenestene til sine kunder.<\/p>\n\n\n\n<p>Royal Bled golfbane klarte det til og med <strong>blant de 100 beste golfbanene<\/strong> i det kontinentale Europa, med ytterligere fire slovenske golfbaner som vurderes for listen blant de 7000+ europeiske.<\/p>\n\n\n\n<p>Vi har utarbeidet en oversikt over alle <strong>steder du m\u00e5 bes\u00f8ke i hele Slovenia<\/strong>hver av dem tilbyr en unik og f\u00f8rsteklasses golfopplevelse.<\/p>\n\n\n\n<h2 class=\"wp-block-heading\" id=\"royal-bled-golf\">1. Royal Bled Golf<\/h2>\n\n\n\n<p><strong>Bygge\u00e5r: <\/strong>1937<\/p>\n\n\n\n<p><strong>Hull: <\/strong>18 (+9)<\/p>\n\n\n\n<p><strong>Par: <\/strong>72<\/p>\n\n\n\n<p><strong>Lengde: <\/strong>6563 meter<\/p>\n\n\n\n<p>Royal Bled golfbane er den <strong>flaggskipet i slovensk golf<\/strong> og er p\u00e5 vei til \u00e5 bli en av de mest eksklusive arenaene i Europa. Som <strong>den eldste golfbanen i Slovenia<\/strong>, har sin opprinnelse s\u00e5 langt tilbake som <strong>1937<\/strong>, selv om den ble grundig redesignet og renovert i 1972 av den ber\u00f8mte golfarkitekten <strong>Donald Harradine<\/strong>.<\/p>\n\n\n\n\n\n<p>Den <strong>18-hulls King's Course<\/strong> er den st\u00f8rste i Slovenia og ledsages av den <strong>9-hulls innsj\u00f8bane<\/strong>med chippingomr\u00e5der, puttinggreener, kompakte baner og en driving range. Fasilitetene inkluderer en restaurant, skap, buggyer og utleie av alt n\u00f8dvendig utstyr.<\/p>\n\n\n\n<p>Selv om banene er omgitt av ruvende topper av den <strong>Juliske alper<\/strong> og <strong>Karawanks<\/strong>De er ikke spesielt kuperte. Royal Bled er dekorert av absolutt ro og beroligende ber\u00f8ring med naturen, og er en av de mest fantastiske golfbanene i Europa og et must-bes\u00f8k for enhver ivrig golfspiller.<\/p>\n\n\n\n<p>Og <strong>Bledsj\u00f8en<\/strong> ligger rett rundt hj\u00f8rnet, med de massive murene til Bled-slottet ruvende over seg - et syn du ikke b\u00f8r g\u00e5 glipp av.<\/p>\n\n\n\n<h2 class=\"wp-block-heading\" id=\"golf-arboretum\">2. Golf Arboretum<\/h2>\n\n\n\n<p><strong>Bygge\u00e5r: <\/strong>1998<\/p>\n\n\n\n<p><strong>Hull: <\/strong>18<\/p>\n\n\n\n<p><strong>Par: <\/strong>71<\/p>\n\n\n\n<p><strong>Lengde: <\/strong>4985 meter<\/p>\n\n\n\n<p>Golf Arboretum ligger midt i en furuskog, og presenterer et <strong>18-hulls<\/strong> glede for sine bes\u00f8kende. Ikke langt unna ligger den mest bes\u00f8kte botaniske hagen i Slovenia, <strong>Arboret Vol\u010dji Potok<\/strong>. Og rett over tretoppene kan du f\u00e5 et glimt av den ruvende <strong>Kamnik-Savinja Alpene<\/strong>.<\/p>\n\n\n\n\n\n<p>P\u00e5 <strong>5,4 kilometer<\/strong>stedet har en <strong>par av 77<\/strong> og har en driving range, et chipping-omr\u00e5de og en kompakt bane. Som en av de nyeste golfbanene i Slovenia gjennomg\u00e5r den fortsatt en modifikasjon eller to hvert \u00e5r for \u00e5 tilby en enda bedre golfopplevelse.<\/p>\n\n\n\n<h2 class=\"wp-block-heading\" id=\"golf-grad-otocec\">3. Golf Grad Oto\u010dec<\/h2>\n\n\n\n<p><strong>Bygge\u00e5r: <\/strong>2005<\/p>\n\n\n\n<p><strong>Hull: <\/strong>18<\/p>\n\n\n\n<p><strong>Par: <\/strong>72<\/p>\n\n\n\n<p><strong>Lengde: <\/strong>6189 meter<\/p>\n\n\n\n<p>Sprer seg langs med <strong>Elven Krka<\/strong>Golfbanen Grad Oto\u010dec er det nyeste tilskuddet til Slovenias golfsf\u00e6re. Det b\u00f8lgende landskapet den ligger i er omkranset av en skog, noe som gir golfspillerne ro og tilbaketrukkethet.<\/p>\n\n\n\n\n\n<p>Det finnes <strong>18 hull<\/strong> p\u00e5 banen, som ligger bare en knapp kilometer fra <strong>Oto\u010dec Castle Hotel<\/strong> - et middelalderslott forvandlet til et <strong>5-stjerners hotell<\/strong> og passende innkvartering for tilreisende golfspillere. Det kan v\u00e6re relativt anstrengende \u00e5 g\u00e5 p\u00e5 varme dager, s\u00e5 spillerne kan bruke buggyer for \u00e5 n\u00e5 driving ranges og putting greener.<\/p>\n\n\n\n<h2 class=\"wp-block-heading\" id=\"golf-ptuj\">4. Golf Ptuj<\/h2>\n\n\n\n<p><strong>Bygge\u00e5r: <\/strong>1992<\/p>\n\n\n\n<p><strong>Hull: <\/strong>18<\/p>\n\n\n\n<p><strong>Par: <\/strong>71<\/p>\n\n\n\n<p><strong>Lengde:<\/strong> 5727 meter<\/p>\n\n\n\n<p>I likhet med Golf Grad Oto\u010dec ligger Golf Ptuj-banen langs en elv og i n\u00e6rheten av et slott. <strong>Elven Drava<\/strong> og <strong>Ptuj slott<\/strong>. Ligger midt p\u00e5 en vidstrakt slette, kan du se milevis i alle retninger.<\/p>\n\n\n\n\n\n<p>Anlegget har ofte blitt ansett som den best tilrettelagte golfbanen i Slovenia. Dens <strong>18 hull<\/strong> er kjent for \u00e5 skjule mange feller og har vannhindringer der presisjon trumfer styrke.&nbsp;<\/p>\n\n\n\n<h2 class=\"wp-block-heading\" id=\"cubo-golf-ljubljana\">5. Cubo Golf Ljubljana<\/h2>\n\n\n\n<p><strong>Bygge\u00e5r: <\/strong>2008<\/p>\n\n\n\n<p><strong>Hull: <\/strong>18<\/p>\n\n\n\n<p><strong>Par: <\/strong>72<\/p>\n\n\n\n<p><strong>Lengde: <\/strong>5872 meter<\/p>\n\n\n\n<p>Bare <strong>15 minutter<\/strong> kj\u00f8retur er nok til \u00e5 komme fra Ljubljanas sentrum til Cubo Golf Ljubljana-banen. Utstyrt med <strong>moderne teknologi<\/strong>Det gj\u00f8r det mulig \u00e5 <strong>treff om natten<\/strong> og har \u00e5pne fairways, noe som resulterer i f\u00e6rre tapte baller.<\/p>\n\n\n\n\n\n<p>Kurset har <strong>18 hull<\/strong>, inkludert seks par tre, seks par fire og seks par fem. Det har en driving range, chipping omr\u00e5de, putting green, og kompakt kurs. Etter en dag med \u00e5 legge bort ballene, kan du sette deg ned for et m\u00e5ltid p\u00e5 restauranten. <strong>Cubo restaurant<\/strong>.<\/p>\n\n\n\n<h2 class=\"wp-block-heading\" id=\"golf-livada\">6. Golf Livada Moravske Toplice<\/h2>\n\n\n\n<p><strong>Bygge\u00e5r: <\/strong>1998<\/p>\n\n\n\n<p><strong>Hull:<\/strong> 18<\/p>\n\n\n\n<p><strong>Par:<\/strong> 72<\/p>\n\n\n\n<p><strong>Lengde:<\/strong> 6236 meter<\/p>\n\n\n\n<p>Golf Livada Moravske Toplice-banen ligger ved siden av termalbadet. <strong>Terme 3000<\/strong>. Det ble bygget for spabes\u00f8kende for \u00e5 kombinere en avslappende ferie med golf. Det finnes <strong>18 hull<\/strong>, en driving range, og buggyer tilgjengelig for \u00e5 kj\u00f8re rundt p\u00e5 banen.<\/p>\n\n\n\n\n\n<p>Hvis man \u00f8nsker \u00e5 kombinere golfferien med termisk avslapning, er dette golfbanen i Slovenia \u00e5 bes\u00f8ke.<\/p>\n\n\n\n<h2 class=\"wp-block-heading\" id=\"golf-mokrice\">7. Golf Grad Mokrice<\/h2>\n\n\n\n<p><strong>Bygge\u00e5r: <\/strong>1944<\/p>\n\n\n\n<p><strong>Hull: <\/strong>18<\/p>\n\n\n\n<p><strong>Par: <\/strong>71<\/p>\n\n\n\n<p><strong>Lengde:<\/strong> 5785 meter<\/p>\n\n\n\n<p>Selv om det kanskje ikke er den mest kjente golfbanen i Slovenia, har Golf Grad Mokrice en av Slovenias beste golfbaner. <strong>mest krevende hull<\/strong> i denne delen av Europa. Blant de <strong>18 felt<\/strong>Den 5. par-fire krever mest av enhver golfspiller.<\/p>\n\n\n\n\n\n<p>Banen strekker seg nedenfor murene til den middelalderlige <strong>Mokrice slott<\/strong> over gr\u00f8nne jorder omgitt av skog. Til og med en innsj\u00f8 fungerer som et naturlig hinder. Det deler en likhet med Royal Bled - dens designer var <strong>Donald Harradine<\/strong>.<\/p>\n\n\n\n<h3 class=\"wp-block-heading\">Bes\u00f8k Slovenia for din kommende golfferie!<\/h3>\n\n\n\n<p>Hvis du er p\u00e5 utkikk etter det perfekte stedet \u00e5 slappe av p\u00e5 en golfferie, <strong>Slovenia er ditt beste valg<\/strong>. Disse banene er bare toppen av isfjellet, og det finnes mange andre fritidsaktiviteter du kan kombinere med golf. Slovenia er et flott sted \u00e5 slappe av mens du spiller favorittspillet ditt.<\/p>\n\n\n\n<p>Du vil se hvordan vi kan hjelpe deg med \u00e5 designe din ideelle golfferie i Slovenia ved \u00e5 bes\u00f8ke v\u00e5r <a href=\"https:\/\/golf-slovenia.com\/nb\/\">hjemmeside<\/a>. Etterp\u00e5 kan du fylle ut v\u00e5rt <a href=\"https:\/\/golf-slovenia.com\/nb\/foresporsel\/\">foresp\u00f8rselsskjema<\/a>, og vi kan begynne \u00e5 bestille dine starttider!<\/p>","protected":false},"excerpt":{"rendered":"<p>Slovenia er i eksponentiell utvikling som golfturismedestinasjon. I dag finnes det 15 golfbaner i Slovenia, og alle jobber kontinuerlig med \u00e5 tilby de beste tjenestene til kundene sine. Royal Bled-golfbanen er til og med blant de 100 beste golfbanene p\u00e5 det europeiske kontinentet, og ytterligere fire slovenske golfbaner er p\u00e5 listen over de... <a href=\"https:\/\/golf-slovenia.com\/nb\/de-7-beste-golfbanene-i-slovenia\/\">Fortsettelse<\/a><\/p>","protected":false},"author":1,"featured_media":47,"parent":0,"menu_order":0,"comment_status":"closed","ping_status":"closed","template":"","meta":{"_acf_changed":false,"footnotes":""},"class_list":["post-300","page","type-page","status-publish","has-post-thumbnail","hentry"],"acf":{"page_subheading":"Learn all you need to know about best golf courses in Slovenia before planning your golf holidays and booking your tee times at these elite venues."},"_links":{"self":[{"href":"https:\/\/golf-slovenia.com\/nb\/wp-json\/wp\/v2\/pages\/300","targetHints":{"allow":["GET"]}}],"collection":[{"href":"https:\/\/golf-slovenia.com\/nb\/wp-json\/wp\/v2\/pages"}],"about":[{"href":"https:\/\/golf-slovenia.com\/nb\/wp-json\/wp\/v2\/types\/page"}],"author":[{"embeddable":true,"href":"https:\/\/golf-slovenia.com\/nb\/wp-json\/wp\/v2\/users\/1"}],"replies":[{"embeddable":true,"href":"https:\/\/golf-slovenia.com\/nb\/wp-json\/wp\/v2\/comments?post=300"}],"version-history":[{"count":20,"href":"https:\/\/golf-slovenia.com\/nb\/wp-json\/wp\/v2\/pages\/300\/revisions"}],"predecessor-version":[{"id":6493,"href":"https:\/\/golf-slovenia.com\/nb\/wp-json\/wp\/v2\/pages\/300\/revisions\/6493"}],"wp:featuredmedia":[{"embeddable":true,"href":"https:\/\/golf-slovenia.com\/nb\/wp-json\/wp\/v2\/media\/47"}],"wp:attachment":[{"href":"https:\/\/golf-slovenia.com\/nb\/wp-json\/wp\/v2\/media?parent=300"}],"curies":[{"name":"wp","href":"https:\/\/api.w.org\/{rel}","templated":true}]}}