{"id":20,"date":"2022-11-15T10:52:33","date_gmt":"2022-11-15T10:52:33","guid":{"rendered":"https:\/\/golf-slovenia.com\/partners\/"},"modified":"2022-11-19T18:17:37","modified_gmt":"2022-11-19T18:17:37","slug":"partnere","status":"publish","type":"page","link":"https:\/\/golf-slovenia.com\/nb\/partnere\/","title":{"rendered":"Partnere"},"content":{"rendered":"<p><strong><a href=\"https:\/\/slovenia-holidays.com\/\" target=\"_blank\" rel=\"noreferrer noopener\">FERIE I SLOVENIA<\/a><\/strong><\/p>\n\n\n\n<p>Det st\u00f8rste utvalget av ferier i Slovenia. Fra aktiv- og opplevelsespakker til organiserte turer med utend\u00f8rsaktiviteter, fra familieferier og avslappede storbyferier til luksus og skreddersydde ferier. Uansett hva du foretrekker, har Slovenia Holidays de beste guidede og selvguidede turene.<\/p>\n\n\n\n<p><strong><a href=\"https:\/\/slovenia-activites.com\/\" target=\"_blank\" rel=\"noreferrer noopener\">AKTIVITETER I SLOVENIA<\/a><\/strong><\/p>\n\n\n\n<p>Slovenia Activities \u00e5pner d\u00f8ren til alle de beste opplevelsene Slovenia har \u00e5 by p\u00e5. Vi s\u00f8rger for at du kan nyte landets eksepsjonelle potensial til det fulle. Enten du vil delta i en bestemt utend\u00f8rsaktivitet, legge ut p\u00e5 en kulinarisk reise eller velge en kombinasjon av avslappende tidsfordriv og mer spennende varianter - eventyret begynner her!&nbsp;&nbsp;<\/p>\n\n\n\n<p><strong><a href=\"https:\/\/day-trips-slovenia.com\/\" target=\"_blank\" rel=\"noreferrer noopener\">DAGSTURER SLOVENIA<\/a><\/strong><\/p>\n\n\n\n<p>Dagsturer i sm\u00e5 grupper og private turer fra Ljubljana, Bled, Koper, Zagreb og Venezia for \u00e5 se de beste stedene i Slovenia i kombinasjon med dagsturer til nabolandene Kroatia og Italia.<\/p>\n\n\n\n<p><strong><a href=\"https:\/\/fishing-guides-slovenia.com\/\" target=\"_blank\" rel=\"noreferrer noopener\">FISKEGUIDER SLOVENIA<\/a><\/strong><\/p>\n\n\n\n<p>Uforglemmelig fiskeopplevelse (tur og ferie, leie av utstyr) med lokale fiskere p\u00e5 vakre, skjulte steder i Slovenia.<\/p>\n\n\n\n<p><strong><a href=\"https:\/\/wine-tours-slovenia.com\/\" target=\"_blank\" rel=\"noreferrer noopener\">VINTURER SLOVENIA<\/a><\/strong><\/p>\n\n\n\n<p>Vinturer er perfekte for b\u00e5de nybegynnere og erfarne vinsmakere. Du trenger ingen forkunnskaper. Det eneste som kreves er lysten til \u00e5 slappe av, drikke vin og slappe av litt til.<\/p>\n\n\n\n<p>Det finnes ingen bedre m\u00e5te \u00e5 oppleve Slovenias rike vinproduksjonstradisjon p\u00e5, samtidig som du kan sosialisere med andre reisende og smake p\u00e5 naturens herligheter p\u00e5 \u00e9n og samme dag.<\/p>\n\n\n\n<p><strong><a href=\"https:\/\/biketourljubljana.com\/\" target=\"_blank\" rel=\"noreferrer noopener\">SYKKELTUR I LJUBLJANA<\/a><\/strong><\/p>\n\n\n\n<p>En avslappet, livlig og morsom tur gjennom Ljubljanas scener og rike kulturarv. I tillegg til de vakre severdighetene f\u00e5r du ogs\u00e5 h\u00f8re spennende historier fra fortiden og om hva som r\u00f8rer seg i byen.<\/p>\n\n\n\n<p><a href=\"https:\/\/walking-holidays-slovenia.com\/\"><strong>VANDREFERIE SLOVENIA<\/strong><\/a><\/p>\n\n\n\n<p>V\u00e5re vandreferier i Slovenia er for deg som liker \u00e5 tilbringe tid utend\u00f8rs og oppdage attraksjoner i Slovenia som ikke kan n\u00e5s med bil. Fra rolige turer langs uber\u00f8rte elver til eventyrlige fjellturer.<\/p>\n\n\n\n<p><a href=\"https:\/\/huttohuthikingslovenia.com\/\"><strong>HYTTETUR FRA HYTTE TIL HYTTE SLOVENIA<\/strong><\/a><\/p>\n\n\n\n<p>Opplev magien ved \u00e5 vandre mellom hyttene i de slovenske fjellene. Mellom toppene i De julianske alper og den uber\u00f8rte naturen i Triglav nasjonalpark finnes det ikke noe bedre sted \u00e5 v\u00e5kne enn med en soloppgang i fjellet.<\/p>\n\n\n\n<p><a href=\"https:\/\/triglavtours.com\/\"><strong>TRIGLAV TOURS<\/strong><\/a><\/p>\n\n\n\n<p>Bestig den h\u00f8yeste toppen i De julianske alper og Slovenias h\u00f8yeste fjell. Med hjelp av v\u00e5re erfarne, profesjonelle fjellguider har det aldri v\u00e6rt morsommere og tryggere \u00e5 bestige Triglav.<\/p>\n\n\n\n<p><a href=\"https:\/\/slovenia-fly-fishing.com\/\"><strong>SLOVENIA FLUEFISKE<\/strong><\/a><\/p>\n\n\n\n<p>Slovenia er et land fylt med fiskrike elver i et variert landskap mellom fjell, sletter og hav. Med hjelp av v\u00e5re dyktige lokale fiskeguider blir fluefiske i Slovenia en uforglemmelig opplevelse.<\/p>\n\n\n\n<p><strong><a href=\"https:\/\/thebalkantours.com\/\">BALKAN-TURNEEN<\/a><\/strong><\/p>\n\n\n\n<p>Uforglemmelige ferier p\u00e5 tvers av landene p\u00e5 Balkan.<\/p>\n\n\n\n<p><strong><a href=\"https:\/\/shoreexcursionskoper.com\/\" target=\"_blank\" rel=\"noreferrer noopener\">UTFLUKTER I LAND KOPER<\/a><\/strong><\/p>\n\n\n\n<p>De beste guidede landutfluktene fra Koper rundt om i Slovenia for \u00e5 oppdage b\u00e5de de st\u00f8rste attraksjonene og skjulte perler.<\/p>\n\n\n\n<p><strong><a href=\"https:\/\/hvarstagdo.com\/\" target=\"_blank\" rel=\"noreferrer noopener\">HVAR STAG DO<\/a><\/strong><\/p>\n\n\n\n<p>Det beste stedet \u00e5 organisere en uforglemmelig utdrikningslag p\u00e5 den utrolige \u00f8ya Hvar for \u00e5 gi vennen din noen siste netter med fest f\u00f8r han gifter seg.<\/p>\n\n\n\n<p><strong><a href=\"https:\/\/sloveniaprivatetours.com\/\" target=\"_blank\" rel=\"noreferrer noopener\">SLOVENIA PRIVATE TURER<\/a><\/strong><\/p>\n\n\n\n<p>Slovenia Private Tours er din sjanse til \u00e5 oppleve landet v\u00e5rt helt uten stress, i selskap med en profesjonell lokal sj\u00e5f\u00f8r og guide som viser deg hva Slovenia handler om.<\/p>","protected":false},"excerpt":{"rendered":"<p>SLOVENIAFERIER Det bredeste utvalget av ferier i Slovenia. Fra aktive og opplevelsesrike pakker, til organiserte turer med utend\u00f8rsaktiviteter, fra familieferier og avslappede storbyferier, til luksus og skreddersydde ferier. Uansett hva du foretrekker, har Slovenia Holidays de beste guidede og selvguidede turene for deg. SLOVENIA ACTIVITIES Slovenia Activities \u00e5pner d\u00f8ren til ... <a href=\"https:\/\/golf-slovenia.com\/nb\/partnere\/\">Fortsettelse<\/a><\/p>","protected":false},"author":1,"featured_media":0,"parent":0,"menu_order":0,"comment_status":"open","ping_status":"open","template":"","meta":{"_acf_changed":false,"footnotes":""},"class_list":["post-20","page","type-page","status-publish","hentry"],"acf":{"page_subheading":"We are stronger together."},"_links":{"self":[{"href":"https:\/\/golf-slovenia.com\/nb\/wp-json\/wp\/v2\/pages\/20","targetHints":{"allow":["GET"]}}],"collection":[{"href":"https:\/\/golf-slovenia.com\/nb\/wp-json\/wp\/v2\/pages"}],"about":[{"href":"https:\/\/golf-slovenia.com\/nb\/wp-json\/wp\/v2\/types\/page"}],"author":[{"embeddable":true,"href":"https:\/\/golf-slovenia.com\/nb\/wp-json\/wp\/v2\/users\/1"}],"replies":[{"embeddable":true,"href":"https:\/\/golf-slovenia.com\/nb\/wp-json\/wp\/v2\/comments?post=20"}],"version-history":[{"count":1,"href":"https:\/\/golf-slovenia.com\/nb\/wp-json\/wp\/v2\/pages\/20\/revisions"}],"predecessor-version":[{"id":40,"href":"https:\/\/golf-slovenia.com\/nb\/wp-json\/wp\/v2\/pages\/20\/revisions\/40"}],"wp:attachment":[{"href":"https:\/\/golf-slovenia.com\/nb\/wp-json\/wp\/v2\/media?parent=20"}],"curies":[{"name":"wp","href":"https:\/\/api.w.org\/{rel}","templated":true}]}}