{"id":19,"date":"2022-11-15T10:52:33","date_gmt":"2022-11-15T10:52:33","guid":{"rendered":"https:\/\/golf-slovenia.com\/sustainability\/"},"modified":"2022-11-19T18:17:53","modified_gmt":"2022-11-19T18:17:53","slug":"baerekraft","status":"publish","type":"page","link":"https:\/\/golf-slovenia.com\/nb\/baerekraft\/","title":{"rendered":"B\u00e6rekraft"},"content":{"rendered":"<h2 class=\"wp-block-heading\">FORM\u00c5LSPARAGRAF<\/h2>\n\n\n\n<p>Vi er et fremtidsrettet incoming-reisebyr\u00e5 som har som m\u00e5l \u00e5 gi kundene v\u00e5re en unik, lokal opplevelse og tilf\u00f8re aktiviteter til det lokale tilbudet. Dette gj\u00f8r vi samtidig som vi fremmer kulturelt og milj\u00f8vennlig engasjement gjennom et n\u00e6rt samarbeid med lokale leverand\u00f8rer. Vi ser det som v\u00e5r plikt \u00e5 samarbeide direkte med leverand\u00f8rer, kunder og samfunnet for \u00f8vrig for \u00e5 fremme b\u00e6rekraft gjennom oppl\u00e6ring og bevaring av kultur- og naturressurser p\u00e5 reisem\u00e5lene v\u00e5re.<\/p>\n\n\n\n<h2 class=\"wp-block-heading\">LEP D.O.O.'S RETNINGSLINJER FOR B\u00c6REKRAFT<\/h2>\n\n\n\n<p>Vi er opptatt av \u00e5 beskytte milj\u00f8et og redusere v\u00e5r negative p\u00e5virkning p\u00e5 naturen. Vi forplikter oss til \u00e5 handle p\u00e5 f\u00f8lgende m\u00e5te for \u00e5 bevare milj\u00f8et:<\/p>\n\n\n\n<ul class=\"wp-block-list\">\n<li>overholde milj\u00f8vernlovgivningen,<\/li>\n\n\n\n<li>overv\u00e5ke hvordan v\u00e5re aktiviteter p\u00e5virker milj\u00f8et,<\/li>\n\n\n\n<li>oppfylle m\u00e5lene og tiltakene som er fastsatt i b\u00e6rekraftspolicyen,<\/li>\n\n\n\n<li>informere de ansatte om v\u00e5re retningslinjer, m\u00e5l og tiltak for b\u00e6rekraft.<\/li>\n\n\n\n<li>informere gjester og leverand\u00f8rer om v\u00e5rt arbeid for \u00e5 redusere de negative milj\u00f8konsekvensene av v\u00e5r virksomhet og oppfordre dem til \u00e5 delta og st\u00f8tte oss,<\/li>\n\n\n\n<li>fremme b\u00e6rekraftig mobilitet og annen milj\u00f8vennlig praksis blant v\u00e5re ansatte.<\/li>\n<\/ul>\n\n\n\n<p>Vi er spesielt oppmerksomme p\u00e5 f\u00f8lgende omr\u00e5der:<\/p>\n\n\n\n<h3 class=\"wp-block-heading\">ENERGIFORBRUK<\/h3>\n\n\n\n<p>Selskapet v\u00e5rt har forpliktet seg til kontinuerlig \u00e5 forbedre energiytelsen og redusere klimagassutslippene.<\/p>\n\n\n\n<p>For \u00e5 n\u00e5 m\u00e5lene vil selskapet:<\/p>\n\n\n\n<ol class=\"wp-block-list\">\n<li>Redusere energibehovet i hele virksomheten:<\/li>\n<\/ol>\n\n\n\n<p>Hvitevarer og elektronikk - Kj\u00f8p energieffektive produkter og bruk dem effektivt. Bruk et avansert grenuttak for \u00e5 redusere \"vampyrbelastninger\" - str\u00f8m som g\u00e5r til spille n\u00e5r elektronikken ikke er i bruk. Belysning -&gt; Kj\u00f8p inn energieffektive produkter, bruk dem effektivt og s\u00f8rg for mer dagslys p\u00e5 kontoret ved hjelp av energieffektive vinduer og takvinduer. Elektrisk romoppvarming og kj\u00f8ling -&gt; Kj\u00f8p inn energieffektive elektriske systemer og bruk dem effektivt. Isolere og lufttette kontoret p\u00e5 riktig m\u00e5te.  Elektrisk oppvarming av vann -&gt; Kj\u00f8p en energieffektiv elektrisk varmtvannsbereder og bruk den effektivt, eller velg en energieffektiv varmtvannsbereder som ikke bruker str\u00f8m.<\/p>\n\n\n\n<ol class=\"wp-block-list\">\n<li>Bruke energi mer effektivt<\/li>\n\n\n\n<li>Skaffe energiforsyninger fra fornybare kilder<\/li>\n\n\n\n<li>overv\u00e5ke, m\u00e5le og rapportere data om energiforbruk og energiproduksjon, og<\/li>\n\n\n\n<li>Bevisstgj\u00f8re alle ansatte, studenter og leverand\u00f8rer om deres ansvar for energisparing.<\/li>\n<\/ol>\n\n\n\n<p>Vi leier lokaler i et kontorbygg med milj\u00f8vennlig arkitektur som drastisk reduserer forbruket av energi og klimagasser ved hjelp av gjennomtenkte materialvalg og feilfri prosjektering. Ventilert aluminiumsfasade med varmeisolasjon, flerlags glass, mulighet for \u00e5 \u00e5pne vinduer, et sentralt styringssystem for overv\u00e5king av kj\u00f8ling\/oppvarming og fjernvarme bidrar ytterligere til lave driftskostnader.<\/p>\n\n\n\n<h3 class=\"wp-block-heading\">VANNFORBRUK<\/h3>\n\n\n\n<p>Hos Lep d.o.o. bruker vi vann med omhu. Ved siden av begge kontorets kraner henger det fargerike klistremerker som oppfordrer de ansatte til \u00e5 spare p\u00e5 vannet.<\/p>\n\n\n\n<h3 class=\"wp-block-heading\">AVFALLSH\u00c5NDTERING<\/h3>\n\n\n\n<p>Vi bestreber oss p\u00e5 \u00e5 redusere mengden avfall som produseres p\u00e5 kontoret, spesielt mengden plast. Derfor kj\u00f8per vi inn varer uten eller med lite plast.<br>emballasje. Varer kj\u00f8pes inn i store kvanta der det er mulig. Vi kildesorterer ogs\u00e5 avfallet v\u00e5rt (papir, plast og emballasje, glass), som deretter kastes i egnede bycontainere og resirkuleres.<\/p>\n\n\n\n<h3 class=\"wp-block-heading\">FORBRUK AV ANDRE RESSURSER (PAPIR)<\/h3>\n\n\n\n<p>Lep d.o.o. reduserer papirforbruket ved \u00e5 fokusere p\u00e5 digital markedsf\u00f8ring og nettbasert kommunikasjon. Utskrift av gjenv\u00e6rende materialer planlegges n\u00f8ye og presist for \u00e5 unng\u00e5 ubenyttet restmateriale. Vi bruker sertifisert resirkulert papir.<\/p>\n\n\n\n<h3 class=\"wp-block-heading\">PERSONALPOLITIKK<\/h3>\n\n\n\n<p>I selskapet v\u00e5rt s\u00f8rger vi for gode arbeidsforhold. Vi respekterer nasjonal og internasjonal lovgivning om arbeids- og menneskerettigheter. De ansatte f\u00e5r jevnlig oppl\u00e6ring og oppl\u00e6ringsprogrammer og er kjent med selskapets retningslinjer, m\u00e5l og tiltak for b\u00e6rekraft.<\/p>\n\n\n\n<h3 class=\"wp-block-heading\">INNKJ\u00d8PSPOLITIKK<\/h3>\n\n\n\n<p>I Lep d.o.o. er vi klar over at vi ved \u00e5 kj\u00f8pe lokale varer og tjenester bidrar til lokalsamfunnets trivsel. Innkj\u00f8pspolitikken v\u00e5r prioriterer derfor lokale produkter, milj\u00f8vennlige produkter og produkter med b\u00e6rekraftsertifikater (rettferdig handel, \u00f8kologisk, FSC osv.).<\/p>\n\n\n\n<h2 class=\"wp-block-heading\"><strong>OVERORDNET M\u00c5L<\/strong><\/h2>\n\n\n\n<p>Vi \u00f8nsker \u00e5 dele v\u00e5r lidenskap for Slovenia og v\u00e5r kunnskap om landets natur, historie og mennesker med gjestene v\u00e5re ved \u00e5 tilby b\u00e6rekraftige reiser som er l\u00f8nnsomme for selskapet v\u00e5rt og gunstige for lokalsamfunn og milj\u00f8.<\/p>\n\n\n\n<p><strong>SAMFUNN OG KULTUR<\/strong><\/p>\n\n\n\n<p>- Drive og st\u00f8tte naturvern- og utdanningsprosjekter, og gi til og st\u00f8tte veldedige organisasjoner og initiativer i de bes\u00f8kte lokalsamfunnene.<\/p>\n\n\n\n<p>- Gjennomf\u00f8re turer for \u00e5 maksimere utbyttet av kulturarven i de bes\u00f8kte lokalsamfunnene og gi dem insentiver til \u00e5 bevare og beskytte kulturen sin.<\/p>\n\n\n\n<p>- Utvikle vertssamfunnenes evne til \u00e5 tjene til livets opphold gjennom turisme ved \u00e5 hjelpe dem med \u00e5 bli en del av et turismenettverk, forst\u00e5 bransjen og f\u00e5 markedsadgang.<\/p>\n\n\n\n<p><strong>\u00d8KONOMISK ANSVAR<\/strong><\/p>\n\n\n\n<p>- Behold pengene lokalt ved (i st\u00f8rst mulig grad) \u00e5 handle lokalt og bo p\u00e5 familiedrevne gjestehus og hoteller.<\/p>\n\n\n\n<p>- S\u00f8rge for inntektsbringende aktiviteter ved \u00e5 ansette, l\u00e6re opp og oppmuntre lokalbefolkningen til \u00e5 delta i gjennomf\u00f8ringen av turene og aktivitetene v\u00e5re.<\/p>\n\n\n\n<p>- Oppmuntre gjestene v\u00e5re til \u00e5 kj\u00f8pe lokalt h\u00e5ndverk og lokale tjenester.<\/p>\n\n\n\n<p><strong>MILJ\u00d8ANSVAR<\/strong><\/p>\n\n\n\n<p>- Tilby milj\u00f8vennlige turer av h\u00f8y kvalitet gjennom v\u00e5r ledende tiln\u00e6rming til oppl\u00e6ring av guider som oppfyller internasjonale standarder for guiding.<\/p>\n\n\n\n<p>- \u00d8ke bevisstheten i lokalsamfunnene om viktigheten av \u00e5 beskytte Slovenias naturverdier.<\/p>\n\n\n\n<p>- St\u00f8tte og sette i gang lokale skogplantings- og bevaringsprosjekter.<\/p>\n\n\n\n<p><strong>REISELIVSN\u00c6RINGEN<\/strong><\/p>\n\n\n\n<p>- G\u00e5 inn for en ansvarlig tiln\u00e6rming til reiselivsutvikling<\/p>\n\n\n\n<p><strong>V\u00c5RT TEAM<\/strong><\/p>\n\n\n\n<p>- Tilby givende arbeidserfaringer for v\u00e5re unge medarbeidere.<\/p>\n\n\n\n<p>- Personlige m\u00e5l: Vi fortsetter \u00e5 st\u00f8tte de ansatte i \u00e5 forf\u00f8lge personlige m\u00e5l.<\/p>\n\n\n\n<p>- Fleksibelt arbeid: Vi fortsetter \u00e5 tilby et fleksibelt arbeidsmilj\u00f8, og hittil har alle ansattes foresp\u00f8rsler om \u00e5 endre arbeidsm\u00f8nsteret sitt blitt godkjent.<\/p>\n\n\n\n<p>- Oppl\u00e6ring: 50% bidrar til oppl\u00e6ring av 2 nye guider innen 2023.<\/p>\n\n\n\n<p><strong>V\u00c5RE KUNDER<\/strong><\/p>\n\n\n\n<p>- Forbedre kommunikasjonen rundt de ansvarlige aspektene ved turene v\u00e5re.<\/p>\n\n\n\n<p>- Oppfordre gjestene v\u00e5re til \u00e5 bidra til \u00e5 st\u00f8tte lokale barn fra familier i n\u00f8d. N\u00e5 et donasjonsbel\u00f8p p\u00e5 10 000 euro innen 2024.<\/p>\n\n\n\n<h3 class=\"wp-block-heading\">REISEPARTNERPRIS<\/h3>\n\n\n\n<figure class=\"wp-block-image\"><img decoding=\"async\" src=\"https:\/\/960335.smushcdn.com\/2779545\/wp-content\/uploads\/partner-300x117.webp?lossy=1&amp;strip=1&amp;webp=1\" alt=\"\" class=\"wp-image-3451\"\/><\/figure>\n\n\n\n<p>Travelife Partner-utmerkelsen er en anerkjennelse av v\u00e5rt engasjement for sosial og milj\u00f8messig b\u00e6rekraft. Basert p\u00e5 en verifisert egenvurdering oppfyller vi mer enn 100 kriterier knyttet til b\u00e6rekraftsledelse, kontordrift, samarbeid med leverand\u00f8rer og kundekommunikasjon. Vi arbeider for ytterligere forbedringer med sikte p\u00e5 \u00e5 n\u00e5 det tredjepartsreviderte Travelife Certified-stadiet.<\/p>\n\n\n\n<p>Lep d.o.o.-teamet har gleden av \u00e5 kunngj\u00f8re at vi har inng\u00e5tt et samarbeid med&nbsp;<strong>Travelife for turoperat\u00f8rer og reisebyr\u00e5er<\/strong>&nbsp;program. Travelife er et internasjonalt anerkjent, GSTC-Global Sustainable Tourism Council-akkreditert oppl\u00e6rings-, ledelses- og sertifiseringsprogram for b\u00e6rekraftig turisme. Det er et sertifiseringsprogram i tre trinn for turoperat\u00f8rer og reisebyr\u00e5er: (1) Travelife Engaged, (2) Travelife Partner og (3) Travelife Certified.<strong>&nbsp;Travelife-partneren<\/strong>&nbsp;utmerkelsen er en anerkjennelse av v\u00e5rt engasjement for sosial og milj\u00f8messig b\u00e6rekraft. Vi streber etter ytterligere forbedringer for til slutt \u00e5 oppfylle Travelife Certified-kriteriene.<\/p>\n\n\n\n<p>V\u00e5re resultater innen b\u00e6rekraft er samlet i denne b\u00e6rekraftsrapporten.<\/p>","protected":false},"excerpt":{"rendered":"<p>MISSION STATEMENT Vi er et fremtidsrettet incoming-reisebyr\u00e5 som har som m\u00e5l \u00e5 gi kundene v\u00e5re en unik, lokal opplevelse og tilf\u00f8re aktiviteter til det lokale tilbudet. Dette gj\u00f8r vi samtidig som vi fremmer kulturelt og milj\u00f8vennlig engasjement gjennom et n\u00e6rt samarbeid med lokale leverand\u00f8rer. Vi ser det som v\u00e5r plikt \u00e5 samarbeide direkte med leverand\u00f8rer, ... <a href=\"https:\/\/golf-slovenia.com\/nb\/baerekraft\/\">Fortsettelse<\/a><\/p>","protected":false},"author":1,"featured_media":0,"parent":0,"menu_order":0,"comment_status":"open","ping_status":"open","template":"","meta":{"_acf_changed":false,"footnotes":""},"class_list":["post-19","page","type-page","status-publish","hentry"],"acf":{"page_subheading":"A healthy environment is essential to continue our work, which is why we choose sustainable practices and environmentally friendly ways to do it."},"_links":{"self":[{"href":"https:\/\/golf-slovenia.com\/nb\/wp-json\/wp\/v2\/pages\/19","targetHints":{"allow":["GET"]}}],"collection":[{"href":"https:\/\/golf-slovenia.com\/nb\/wp-json\/wp\/v2\/pages"}],"about":[{"href":"https:\/\/golf-slovenia.com\/nb\/wp-json\/wp\/v2\/types\/page"}],"author":[{"embeddable":true,"href":"https:\/\/golf-slovenia.com\/nb\/wp-json\/wp\/v2\/users\/1"}],"replies":[{"embeddable":true,"href":"https:\/\/golf-slovenia.com\/nb\/wp-json\/wp\/v2\/comments?post=19"}],"version-history":[{"count":1,"href":"https:\/\/golf-slovenia.com\/nb\/wp-json\/wp\/v2\/pages\/19\/revisions"}],"predecessor-version":[{"id":42,"href":"https:\/\/golf-slovenia.com\/nb\/wp-json\/wp\/v2\/pages\/19\/revisions\/42"}],"wp:attachment":[{"href":"https:\/\/golf-slovenia.com\/nb\/wp-json\/wp\/v2\/media?parent=19"}],"curies":[{"name":"wp","href":"https:\/\/api.w.org\/{rel}","templated":true}]}}