{"id":13553,"date":"2024-03-22T13:32:58","date_gmt":"2024-03-22T13:32:58","guid":{"rendered":"https:\/\/golf-slovenia.com\/?page_id=13553"},"modified":"2024-04-26T05:52:16","modified_gmt":"2024-04-26T05:52:16","slug":"hvordan-komme-seg-til-slovenia","status":"publish","type":"page","link":"https:\/\/golf-slovenia.com\/nb\/hvordan-komme-seg-til-slovenia\/","title":{"rendered":"Hvordan komme seg til Slovenia?"},"content":{"rendered":"<p>Planlegger du en tur til Slovenia og lurer p\u00e5 hvordan du kommer deg dit? Da trenger du ikke lete lenger!<\/p>\n\n\n\n<p>Slovenia ligger beleilig til <strong>ligger midt i sentrum av Europa<\/strong>noe som gj\u00f8r det enkelt \u00e5 komme hit fra alle retninger. Enten du kommer med fly, til lands eller til sj\u00f8s, er det mange muligheter for \u00e5 komme til dette lille, men mektige landet.<\/p>\n\n\n\n<figure class=\"wp-block-image size-large is-resized\"><img decoding=\"async\" src=\"https:\/\/golf-slovenia.com\/wp-content\/uploads\/beautiful-landscape-of-lake-bled-the-church-island-in-the-middle-and-the-castle-in-the-background-of-white-clouded-sky-from-ojstrica-viewpoint-in-bled-slovenia-stockpack-adobe-stock-1024x439.webp\" alt=\"bled utsiktspunkt slovenia\" class=\"wp-image-13742\" style=\"width:1159px;height:auto\"\/><figcaption class=\"wp-element-caption\">Skjulte perler i Slovenia - Bledsj\u00f8en<\/figcaption><\/figure>\n\n\n\n<p>Med sin fantastiske natur, rike kulturhistorie og im\u00f8tekommende lokalbefolkning er Slovenia det perfekte reisem\u00e5l for deg som \u00f8nsker \u00e5 utforske denne delen av Europa.<\/p>\n\n\n\n<p>I denne guiden tar vi for oss alle m\u00e5tene du kan komme deg til Slovenia p\u00e5, slik at du enkelt kan planlegge reisen.<\/p>\n\n\n\n<h2 class=\"wp-block-heading\">Ankomst med fly<\/h2>\n\n\n\n<p>Det beste alternativet er \u00e5 ta fly til Slovenia, spesielt hvis du ikke kommer fra et av nabolandene.<\/p>\n\n\n\n<p>Slovenia har 3 internasjonale flyplasser (Ljubljana, Maribor, Portoro\u017e).&nbsp;<\/p>\n\n\n\n<p><strong>Ljubljana (Jo\u017ee Pu\u010dnik lufthavn)<\/strong> - hovedflyplassen i Slovenia&nbsp;<\/p>\n\n\n\n<p>Den ligger ca. 26 km nord for hovedstaden. Du kan ta taxi, flyplasstransport, leie bil eller velge v\u00e5re transferalternativer, avhengig av reiseruten din.&nbsp;<\/p>\n\n\n\n<p>Ljubljana lufthavn er det beste alternativet n\u00e5r du reiser til Slovenia, s\u00e6rlig hvis du skal bes\u00f8ke steder i den sentrale, nordlige eller nordvestlige delen av landet.<\/p>\n\n\n\n<p><strong>Maribor (Edvard Rusjan lufthavn)<\/strong> - den andre internasjonale flyplassen<\/p>\n\n\n\n<p>Den ligger ca. 10 km s\u00f8r for Maribor, den nest st\u00f8rste byen i Slovenia. Du reiser til og fra flyplassen med taxi eller forh\u00e5ndsbestilt transport. Maribor lufthavn brukes hovedsakelig til sesong- og charterflyvninger.&nbsp;<\/p>\n\n\n\n<p><strong>Portoro\u017e lufthavn <\/strong>- mindre charter-, forretnings- og fraktflyvninger<\/p>\n\n\n\n<p>Flyplassen ligger 6 km s\u00f8r for Portoro\u017e, og du kan n\u00e5 f\u00f8lgende byer innen en times kj\u00f8ring: Trieste (Italia), Koper, Postojna, Ljubljana (Slovenia) og kroatiske byer p\u00e5 Istria-halv\u00f8ya.<\/p>\n\n\n\n<p><strong>Trieste lufthavn (Friuli Venezia Giulia lufthavn)<\/strong> - Mange direkteflyvninger, like over grensen til Slovenia.<\/p>\n\n\n\n<p>Trieste lufthavn, ogs\u00e5 kjent som Friuli Venezia Giulia lufthavn, ligger ca. 33 km nordvest for Trieste i Italia. Flyselskaper som Ryanair og ITA Airways tilbyr direkteflyvninger til en rekke destinasjoner, inkludert storbyer og regionale knutepunkter. Selv om flyplassen ligger i Italia, kan du n\u00e5 Slovenia p\u00e5 under 30 minutter, og Ljubljana p\u00e5 1t20 min.<\/p>\n\n\n\n<p><strong>Andre alternative flyplasser i n\u00e6rheten av Slovenia <\/strong>(mindre enn 2 timers kj\u00f8ring):<\/p>\n\n\n\n<p>Den andre mest praktiske flyplassen utenfor Slovenia er <strong>Venezia<\/strong> (Marco Polo og Treviso), med mange internasjonale forbindelser. <strong>Zagreb<\/strong> og <strong>Wien<\/strong> er ogs\u00e5 gode alternativer, selv om sistnevnte ligger litt lenger unna.<\/p>\n\n\n\n<p>Andre alternativer: Pula, Klagenfurt, Graz og Trieste<\/p>\n\n\n\n<h2 class=\"wp-block-heading\">Ankomst med bil<\/h2>\n\n\n\n<p>Det er b\u00e5de praktisk og praktisk \u00e5 ankomme Slovenia med bil, ettersom landet har <strong>utmerkede forbindelser<\/strong> til resten av Europa via en <strong>nettverk av motorveier<\/strong>. Det er enkelt \u00e5 utforske hele landet med bil, ettersom avstandene er sm\u00e5 og du kan dekke hele landet p\u00e5 bare noen f\u00e5 korte kj\u00f8returer.<\/p>\n\n\n\n<p>Slovenia er faktisk det <strong>perfekt reisem\u00e5l for en biltur<\/strong>Her kan du f\u00e5 med deg all den fantastiske naturen og de mange kulturelle attraksjonene landet har \u00e5 by p\u00e5.<\/p>\n\n\n\n<p>Det er viktig \u00e5 v\u00e6re oppmerksom p\u00e5 at du m\u00e5 <strong>kj\u00f8pe en motorveivignett<\/strong> for \u00e5 bruke motorveiene i Slovenia. Disse kan kj\u00f8pes p\u00e5 bensinstasjoner, postkontorer og i kiosker - men det er ikke mulig \u00e5 <strong>beste m\u00e5ten<\/strong> er \u00e5 <a href=\"https:\/\/evinjeta.dars.si\/en\">kj\u00f8p p\u00e5 nettet<\/a>. Vignettene er tilgjengelige i ulike tidsrom, fra en uke til et \u00e5r. N\u00e5r du har f\u00e5tt vignetten din, kan du utforske Slovenia med bil uten problemer.<\/p>\n\n\n\n<h2 class=\"wp-block-heading\">Ankomst med tog<\/h2>\n\n\n\n<p>\u00c5 ta tog til Slovenia er s\u00e5 enkelt som det kan bli. Det finnes <strong>gode jernbaneforbindelser<\/strong> fra nabolandene og mange andre land: Kroatia, Italia, \u00d8sterrike, Ungarn, Serbia, Tsjekkia, Tyskland, Sveits osv.&nbsp;<\/p>\n\n\n\n<p>Slovenia er inkludert i <strong>Eurail Global Pass<\/strong> system.&nbsp;<\/p>\n\n\n\n<p>Du kan ogs\u00e5 reise med tog fra flyplasser i n\u00e6rheten, som Trieste, Zagreb eller Wien.<\/p>\n\n\n\n<h2 class=\"wp-block-heading\">Ankomst med buss<\/h2>\n\n\n\n<p>Det er ganske enkelt \u00e5 reise til Slovenia med buss fra en rekke europeiske byer. Det finnes <strong>direkte busslinjer<\/strong> fra Sverige og Danmark, og de fleste internasjonale busser stopper i Ljubljana.<\/p>\n\n\n\n<p>Utenlandske busstransport\u00f8rer som er registrert i EU, trenger ikke spesialtillatelse for \u00e5 reise i Slovenia, og FlixBus' og Nomagos busser blir stadig mer popul\u00e6re.<\/p>\n\n\n\n<h2 class=\"wp-block-heading\">Trenger jeg VISA for \u00e5 reise til Slovenia?<\/h2>\n\n\n\n<p>Innbyggere i medlemsstatene i Det europeiske \u00f8konomiske samarbeidsomr\u00e5det (E\u00d8S) kan reise inn i Slovenia med et <strong>gyldig identitetskort eller gyldig pass<\/strong> og krever ikke visum eller oppholdstillatelse.<\/p>\n\n\n\n<p>Tredjelandsborgere m\u00e5 skaffe seg visum eller oppholdstillatelse fra Slovenias diplomatiske representasjon i utlandet.<\/p>\n\n\n\n<p>* Listen over land som krever visum til Slovenia, finner du p\u00e5 Slovenias offisielle hjemmeside. <a href=\"https:\/\/www.gov.si\/en\/countries\/\">her<\/a>.<\/p>","protected":false},"excerpt":{"rendered":"<p>Planlegger du en tur til Slovenia og lurer p\u00e5 hvordan du kommer deg dit? Da trenger du ikke lete lenger! Slovenia ligger midt i Europa, noe som gj\u00f8r det enkelt \u00e5 komme dit fra alle retninger. Enten du kommer med fly, til lands eller til sj\u00f8s, er det mange muligheter for \u00e5 komme til dette lille, men mektige landet. ... <a href=\"https:\/\/golf-slovenia.com\/nb\/hvordan-komme-seg-til-slovenia\/\">Fortsettelse<\/a><\/p>","protected":false},"author":8,"featured_media":15427,"parent":0,"menu_order":0,"comment_status":"closed","ping_status":"closed","template":"","meta":{"_acf_changed":false,"footnotes":""},"class_list":["post-13553","page","type-page","status-publish","has-post-thumbnail","hentry"],"acf":{"page_subheading":"Learn how to get to Slovenia by plane, car, or public transportation, and have an easier time planning your trip with our comprehensive guide."},"_links":{"self":[{"href":"https:\/\/golf-slovenia.com\/nb\/wp-json\/wp\/v2\/pages\/13553","targetHints":{"allow":["GET"]}}],"collection":[{"href":"https:\/\/golf-slovenia.com\/nb\/wp-json\/wp\/v2\/pages"}],"about":[{"href":"https:\/\/golf-slovenia.com\/nb\/wp-json\/wp\/v2\/types\/page"}],"author":[{"embeddable":true,"href":"https:\/\/golf-slovenia.com\/nb\/wp-json\/wp\/v2\/users\/8"}],"replies":[{"embeddable":true,"href":"https:\/\/golf-slovenia.com\/nb\/wp-json\/wp\/v2\/comments?post=13553"}],"version-history":[{"count":4,"href":"https:\/\/golf-slovenia.com\/nb\/wp-json\/wp\/v2\/pages\/13553\/revisions"}],"predecessor-version":[{"id":15426,"href":"https:\/\/golf-slovenia.com\/nb\/wp-json\/wp\/v2\/pages\/13553\/revisions\/15426"}],"wp:featuredmedia":[{"embeddable":true,"href":"https:\/\/golf-slovenia.com\/nb\/wp-json\/wp\/v2\/media\/15427"}],"wp:attachment":[{"href":"https:\/\/golf-slovenia.com\/nb\/wp-json\/wp\/v2\/media?parent=13553"}],"curies":[{"name":"wp","href":"https:\/\/api.w.org\/{rel}","templated":true}]}}