{"id":13,"date":"2022-11-15T10:52:33","date_gmt":"2022-11-15T10:52:33","guid":{"rendered":"https:\/\/golf-slovenia.com\/cookie-policy\/"},"modified":"2022-11-19T18:17:28","modified_gmt":"2022-11-19T18:17:28","slug":"retningslinjer-for-informasjonskapsler","status":"publish","type":"page","link":"https:\/\/golf-slovenia.com\/nb\/retningslinjer-for-informasjonskapsler\/","title":{"rendered":"Retningslinjer for informasjonskapsler"},"content":{"rendered":"<p>Disse retningslinjene for informasjonskapsler forklarer hva informasjonskapsler er og hvordan vi bruker dem. Du b\u00f8r lese disse retningslinjene for \u00e5 forst\u00e5 hva informasjonskapsler er, hvordan vi bruker dem, hvilke typer informasjonskapsler vi bruker, dvs. informasjonen vi samler inn ved hjelp av informasjonskapsler og hvordan denne informasjonen brukes, og hvordan du kan kontrollere innstillingene for informasjonskapsler. Hvis du vil ha mer informasjon om hvordan vi bruker, lagrer og beskytter personopplysningene dine, kan du lese personvernerkl\u00e6ringen v\u00e5r.<br><br>Du kan n\u00e5r som helst endre eller trekke tilbake ditt samtykke fra erkl\u00e6ringen om informasjonskapsler p\u00e5 nettstedet v\u00e5rt.<br><br>Les mer om hvem vi er, hvordan du kan kontakte oss og hvordan vi behandler personopplysninger i v\u00e5r personvernerkl\u00e6ring.<br><br>&nbsp;Samtykket ditt gjelder bare for dette domenet.<\/p>\n\n\n\n<h4 class=\"wp-block-heading\">HVA ER INFORMASJONSKAPSLER?<\/h4>\n\n\n\n<p>Informasjonskapsler er sm\u00e5 tekstfiler som brukes til \u00e5 lagre sm\u00e5 biter av informasjon. Informasjonskapslene lagres p\u00e5 enheten din n\u00e5r nettstedet lastes inn i nettleseren din. Disse informasjonskapslene hjelper oss med \u00e5 f\u00e5 nettstedet til \u00e5 fungere som det skal, gj\u00f8re nettstedet sikrere, gi en bedre brukeropplevelse og forst\u00e5 hvordan nettstedet fungerer og analysere hva som fungerer og hvor det m\u00e5 forbedres.<\/p>\n\n\n\n<h4 class=\"wp-block-heading\">HVORDAN BRUKER VI INFORMASJONSKAPSLER?<\/h4>\n\n\n\n<p>Som de fleste andre nettjenester bruker nettstedet v\u00e5rt f\u00f8rsteparts- og tredjepartsinformasjonskapsler til en rekke form\u00e5l. F\u00f8rstepartsinformasjonskapslene er for det meste n\u00f8dvendige for at nettstedet skal fungere p\u00e5 riktig m\u00e5te, og de samler ikke inn noen av dine personlig identifiserbare opplysninger.<br><br>Tredjepartsinformasjonskapslene som brukes p\u00e5 nettstedene v\u00e5re, brukes hovedsakelig for \u00e5 forst\u00e5 hvordan nettstedet fungerer, hvordan du samhandler med nettstedet v\u00e5rt, holde tjenestene v\u00e5re sikre, levere annonser som er relevante for deg, og alt i alt gi deg en bedre og forbedret brukeropplevelse og bidra til \u00e5 \u00f8ke hastigheten p\u00e5 dine fremtidige interaksjoner med nettstedet v\u00e5rt.<\/p>\n\n\n\n<h4 class=\"wp-block-heading\">HVORDAN KAN JEG KONTROLLERE INNSTILLINGENE FOR INFORMASJONSKAPSLER?<\/h4>\n\n\n\n<p>Du kan administrere innstillingene dine for informasjonskapsler ved \u00e5 klikke p\u00e5 knappen \"Innstillinger\" og aktivere eller deaktivere informasjonskapselkategoriene i popup-vinduet i henhold til dine preferanser.<br><br>Hvis du bestemmer deg for \u00e5 endre preferansene dine senere i nettlesings\u00f8kten, kan du klikke p\u00e5 fanen \"Personvern og informasjonskapsler\" p\u00e5 skjermen. Da vises samtykkeerkl\u00e6ringen p\u00e5 nytt, slik at du kan endre preferansene dine eller trekke samtykket ditt helt tilbake.<br><br>I tillegg til dette tilbyr ulike nettlesere ulike metoder for \u00e5 blokkere og slette informasjonskapsler som brukes av nettsteder. Du kan endre innstillingene i nettleseren din for \u00e5 blokkere\/slette informasjonskapslene.<\/p>","protected":false},"excerpt":{"rendered":"<p>Disse retningslinjene for informasjonskapsler forklarer hva informasjonskapsler er og hvordan vi bruker dem. Du b\u00f8r lese disse retningslinjene for \u00e5 forst\u00e5 hva informasjonskapsler er, hvordan vi bruker dem, hvilke typer informasjonskapsler vi bruker, dvs. hvilken informasjon vi samler inn ved hjelp av informasjonskapsler og hvordan denne informasjonen brukes, og hvordan du kan kontrollere innstillingene for informasjonskapsler. For ytterligere informasjon ... <a href=\"https:\/\/golf-slovenia.com\/nb\/retningslinjer-for-informasjonskapsler\/\">Fortsettelse<\/a><\/p>","protected":false},"author":1,"featured_media":0,"parent":0,"menu_order":0,"comment_status":"open","ping_status":"open","template":"","meta":{"_acf_changed":false,"footnotes":""},"class_list":["post-13","page","type-page","status-publish","hentry"],"acf":{"page_subheading":"Understand what cookies are and how do we use them to make your experience on this website more pleasant."},"_links":{"self":[{"href":"https:\/\/golf-slovenia.com\/nb\/wp-json\/wp\/v2\/pages\/13","targetHints":{"allow":["GET"]}}],"collection":[{"href":"https:\/\/golf-slovenia.com\/nb\/wp-json\/wp\/v2\/pages"}],"about":[{"href":"https:\/\/golf-slovenia.com\/nb\/wp-json\/wp\/v2\/types\/page"}],"author":[{"embeddable":true,"href":"https:\/\/golf-slovenia.com\/nb\/wp-json\/wp\/v2\/users\/1"}],"replies":[{"embeddable":true,"href":"https:\/\/golf-slovenia.com\/nb\/wp-json\/wp\/v2\/comments?post=13"}],"version-history":[{"count":1,"href":"https:\/\/golf-slovenia.com\/nb\/wp-json\/wp\/v2\/pages\/13\/revisions"}],"predecessor-version":[{"id":39,"href":"https:\/\/golf-slovenia.com\/nb\/wp-json\/wp\/v2\/pages\/13\/revisions\/39"}],"wp:attachment":[{"href":"https:\/\/golf-slovenia.com\/nb\/wp-json\/wp\/v2\/media?parent=13"}],"curies":[{"name":"wp","href":"https:\/\/api.w.org\/{rel}","templated":true}]}}