{"id":319,"date":"2022-12-09T09:05:49","date_gmt":"2022-12-09T09:05:49","guid":{"rendered":"https:\/\/golf-slovenia.com\/?page_id=319"},"modified":"2024-01-22T08:49:38","modified_gmt":"2024-01-22T08:49:38","slug":"chi-siamo","status":"publish","type":"page","link":"https:\/\/golf-slovenia.com\/it\/chi-siamo\/","title":{"rendered":"Chi siamo"},"content":{"rendered":"<p>Ho un'esperienza decennale nell'industria del turismo in Slovenia e all'estero, aiutando i clienti a pianificare le loro vacanze di lusso.<\/p>\n\n\n\n<p>La mia esperienza mi ha dato la capacit\u00e0 di capire a fondo ci\u00f2 che un cliente vuole, come lo vuole e come si sentir\u00e0 quando lo ricever\u00e0: un servizio di qualit\u00e0 superiore che solo poche aziende possono offrire.<\/p>\n\n\n\n<p>Il mondo delle vacanze di lusso si intreccia strettamente con il golf e la nostra azienda ha iniziato presto a vedere il potenziale della combinazione di vacanze stravaganti con questo sport. Quando abbiamo conosciuto l'evoluzione del mondo del golf in Slovenia, ci siamo resi conto che il nostro Paese \u00e8 una gemma nascosta non ancora sfruttata.<\/p>\n\n\n\n<figure class=\"wp-block-image size-large\"><img loading=\"lazy\" decoding=\"async\" width=\"1024\" height=\"743\" src=\"https:\/\/golf-slovenia.com\/wp-content\/uploads\/golfslovenia1-1024x743.webp\" alt=\"Golf Slovenia\" class=\"wp-image-94\" srcset=\"https:\/\/golf-slovenia.com\/wp-content\/uploads\/golfslovenia1-1024x743.webp 1024w, https:\/\/golf-slovenia.com\/wp-content\/uploads\/golfslovenia1-300x218.webp 300w, https:\/\/golf-slovenia.com\/wp-content\/uploads\/golfslovenia1-768x558.webp 768w, https:\/\/golf-slovenia.com\/wp-content\/uploads\/golfslovenia1-1536x1115.webp 1536w, https:\/\/golf-slovenia.com\/wp-content\/uploads\/golfslovenia1-18x12.webp 18w, https:\/\/golf-slovenia.com\/wp-content\/uploads\/golfslovenia1.webp 2000w\" sizes=\"auto, (max-width: 1024px) 100vw, 1024px\" \/><figcaption class=\"wp-element-caption\">La Slovenia \u00e8 una gemma nascosta per i golfisti<\/figcaption><\/figure>\n\n\n\n<p>Questa \u00e8 la storia del Golf Slovenia. Volevamo presentare il nostro splendido Paese ai golfisti di tutto il mondo, offrendo loro pacchetti vacanza ineguagliabili.<\/p>\n\n\n\n<p>La Slovenia \u00e8 una terra ricca di opportunit\u00e0 e permette ai golfisti di trascorrere vacanze versatili, praticando il loro gioco preferito e combinandolo con altre attivit\u00e0.<\/p>\n\n\n\n<p>Si trascorre tutto il tempo ad esplorare l'architettura, la cucina e l'arte del Paese e si ama il paesaggio incontaminato con le sue pittoresche montagne, le cascate, le grotte e i laghi.<\/p>\n\n\n\n<h2 class=\"wp-block-heading\">Un servizio esclusivo per ogni golfista<\/h2>\n\n\n\n<p>Vogliamo che la vostra prossima vacanza all'insegna del golf sia l'esperienza di una vita. I nostri viaggi, sapientemente pianificati, sono concepiti per creare ricordi duraturi, fornendo al contempo il miglior servizio di lusso. Ci impegniamo a rendere la vostra vacanza di golf in Slovenia il pi\u00f9 perfetta possibile.<\/p>\n\n\n\n<figure class=\"wp-block-image size-large\"><img decoding=\"async\" src=\"https:\/\/golf-slovenia.com\/wp-content\/uploads\/Martuljek-mountains-s-1024x576.webp\" alt=\"La splendida Slovenia\" class=\"wp-image-146\"\/><figcaption class=\"wp-element-caption\">La splendida Slovenia<\/figcaption><\/figure>\n\n\n\n<p>Per questo motivo, abbiamo deciso di non pre-pianificare le vacanze, perch\u00e9 sappiamo che ogni golfista ha le sue preferenze. Per questo abbiamo preparato una selezione accurata di tutti gli ingredienti essenziali di una vacanza all'insegna del golf. Successivamente, elaboriamo un itinerario sulla base delle informazioni fornite e iniziamo a curare la vostra esperienza di golf personalizzata.<\/p>\n\n\n\n<h2 class=\"wp-block-heading\">Vacanze di golf personalizzate per tutti<\/h2>\n\n\n\n<p>Siamo sempre entusiasti di lavorare direttamente con voi per creare una vacanza su misura per le vostre esigenze e i vostri desideri. Creeremo per voi un'esperienza davvero memorabile. Un'esperienza in cui il nostro tocco personale si diffonde ovunque.<\/p>\n\n\n\n<p>Con un tour operator di piccole dimensioni, che vi offre un'attenzione personalizzata e il lusso e la selezione di un grande marchio, avrete il meglio di entrambi i mondi.<\/p>\n\n\n\n<p>Visitate il nostro <a href=\"https:\/\/golf-slovenia.com\/it\/\">Golf Slovenia<\/a> e leggete come possiamo aiutarvi a realizzare la vacanza della vostra vita. Possiamo metterci all'opera non appena ci inviate un <a href=\"https:\/\/golf-slovenia.com\/it\/inchiesta\/\">inchiesta<\/a>!<\/p>\n\n\n\n<p>Per un pi\u00f9 ampio spettro di fughe di lusso, potete anche controllare <a href=\"http:\/\/slovenialuxuryholidays.com\">Vacanze di lusso in Slovenia<\/a>. E per avere un'idea di tutto ci\u00f2 che si pu\u00f2 fare in Slovenia, date un'occhiata a <a href=\"http:\/\/slovenia-holidays.com\">Vacanze in Slovenia<\/a> e <a href=\"http:\/\/sloveniatours.com\">Tour della Slovenia<\/a>.<\/p>\n\n\n\n<p>Per conoscere tutti i nostri partner, visitate il sito <a href=\"http:\/\/slovenia-discovery.com\">Slovenia Scoperta<\/a>.<\/p>","protected":false},"excerpt":{"rendered":"<p>Ho un'esperienza decennale nell'industria del turismo in Slovenia e all'estero, nell'aiutare i clienti a pianificare le loro vacanze di lusso. La mia esperienza mi ha dato la capacit\u00e0 di capire a fondo ci\u00f2 che un cliente vuole, come lo vuole e come si sentir\u00e0 quando lo ricever\u00e0 - un servizio premium che solo pochi ... <a href=\"https:\/\/golf-slovenia.com\/it\/chi-siamo\/\">Continua<\/a><\/p>","protected":false},"author":1,"featured_media":92,"parent":0,"menu_order":0,"comment_status":"closed","ping_status":"closed","template":"","meta":{"_acf_changed":false,"footnotes":""},"class_list":["post-319","page","type-page","status-publish","has-post-thumbnail","hentry"],"acf":{"page_subheading":"Our team at Golf Slovenia lives and breathes its one goal \u2014 to present Slovenia as the uncut jewel of golf tourism to golfers from around the world."},"_links":{"self":[{"href":"https:\/\/golf-slovenia.com\/it\/wp-json\/wp\/v2\/pages\/319","targetHints":{"allow":["GET"]}}],"collection":[{"href":"https:\/\/golf-slovenia.com\/it\/wp-json\/wp\/v2\/pages"}],"about":[{"href":"https:\/\/golf-slovenia.com\/it\/wp-json\/wp\/v2\/types\/page"}],"author":[{"embeddable":true,"href":"https:\/\/golf-slovenia.com\/it\/wp-json\/wp\/v2\/users\/1"}],"replies":[{"embeddable":true,"href":"https:\/\/golf-slovenia.com\/it\/wp-json\/wp\/v2\/comments?post=319"}],"version-history":[{"count":25,"href":"https:\/\/golf-slovenia.com\/it\/wp-json\/wp\/v2\/pages\/319\/revisions"}],"predecessor-version":[{"id":11145,"href":"https:\/\/golf-slovenia.com\/it\/wp-json\/wp\/v2\/pages\/319\/revisions\/11145"}],"wp:featuredmedia":[{"embeddable":true,"href":"https:\/\/golf-slovenia.com\/it\/wp-json\/wp\/v2\/media\/92"}],"wp:attachment":[{"href":"https:\/\/golf-slovenia.com\/it\/wp-json\/wp\/v2\/media?parent=319"}],"curies":[{"name":"wp","href":"https:\/\/api.w.org\/{rel}","templated":true}]}}