{"id":300,"date":"2022-12-09T07:24:04","date_gmt":"2022-12-09T07:24:04","guid":{"rendered":"https:\/\/golf-slovenia.com\/?page_id=300"},"modified":"2023-11-10T12:33:20","modified_gmt":"2023-11-10T12:33:20","slug":"i-7-migliori-campi-da-golf-della-slovenia","status":"publish","type":"page","link":"https:\/\/golf-slovenia.com\/it\/i-7-migliori-campi-da-golf-della-slovenia\/","title":{"rendered":"I 7 migliori campi da golf in Slovenia"},"content":{"rendered":"<p>La Slovenia si sta evolvendo in modo esponenziale come destinazione del turismo golfistico. Attualmente ci sono <strong>15 campi da golf<\/strong> in Slovenia, tutti costantemente impegnati a fornire i migliori servizi ai propri clienti.<\/p>\n\n\n\n<p>Il campo da golf Royal Bled \u00e8 stato addirittura <strong>tra i 100 migliori campi da golf<\/strong> dell'Europa continentale, e altri quattro campi da golf sloveni sono stati presi in considerazione per l'elenco tra gli oltre 7000 campi europei.<\/p>\n\n\n\n<p>Abbiamo preparato una panoramica di tutti i <strong>Luoghi da visitare in Slovenia<\/strong>Ognuno di essi offre un'esperienza di golf unica e di alto livello.<\/p>\n\n\n\n<h2 class=\"wp-block-heading\" id=\"royal-bled-golf\">1. Golf Royal Bled<\/h2>\n\n\n\n<p><strong>Anno di costruzione: <\/strong>1937<\/p>\n\n\n\n<p><strong>Fori: <\/strong>18 (+9)<\/p>\n\n\n\n<p><strong>Par: <\/strong>72<\/p>\n\n\n\n<p><strong>Lunghezza: <\/strong>6563 metri<\/p>\n\n\n\n<p>Il campo da golf Royal Bled \u00e8 il <strong>Il fiore all'occhiello del golf sloveno<\/strong> e si avvia a diventare uno dei locali pi\u00f9 esclusivi d'Europa. Come il <strong>il pi\u00f9 antico campo da golf della Slovenia<\/strong>Le sue origini risalgono addirittura a <strong>1937<\/strong>anche se \u00e8 stato completamente ridisegnato e rinnovato nel 1972 dal famoso architetto del golf. <strong>Donald Harradine<\/strong>.<\/p>\n\n\n\n\n\n<p>Il <strong>Campo da 18 buche King's Course<\/strong> \u00e8 il pi\u00f9 grande della Slovenia ed \u00e8 accompagnato dalla <strong>Percorso a 9 buche sul lago<\/strong>Il campo da golf \u00e8 un'area di gioco che offre aree per il chipping, putting green, percorsi compatti e un driving range. I servizi includono un ristorante, armadietti, passeggini e noleggio di tutte le attrezzature essenziali.<\/p>\n\n\n\n<p>Sebbene i campi siano circondati dalle imponenti vette del <strong>Alpi Giulie<\/strong> e <strong>Karawanks<\/strong>Non sono particolarmente collinosi. Caratterizzato da un'assoluta serenit\u00e0 e da un rilassante contatto con la natura, il Royal Bled \u00e8 uno dei pi\u00f9 splendidi campi da golf d'Europa e una visita obbligata per ogni appassionato di golf.<\/p>\n\n\n\n<p>E <strong>Lago di Bled<\/strong> \u00e8 proprio dietro l'angolo, con le massicce mura del Castello di Bled che incombono su di esso - uno spettacolo da non perdere.<\/p>\n\n\n\n<h2 class=\"wp-block-heading\" id=\"golf-arboretum\">2. Arboreto del golf<\/h2>\n\n\n\n<p><strong>Anno di costruzione: <\/strong>1998<\/p>\n\n\n\n<p><strong>Fori: <\/strong>18<\/p>\n\n\n\n<p><strong>Par: <\/strong>71<\/p>\n\n\n\n<p><strong>Lunghezza: <\/strong>4985 metri<\/p>\n\n\n\n<p>Situato in una foresta di pini, il Golf Arboretum presenta una <strong>18 buche<\/strong> divertimento per i suoi visitatori. Non lontano, si trova il giardino botanico pi\u00f9 visitato della Slovenia, <strong>Arboreto Vol\u010dji Potok<\/strong>. E appena sopra le cime degli alberi, si intravede la torreggiante <strong>Alpi di Kamnik-Savinja<\/strong>.<\/p>\n\n\n\n\n\n<p>A <strong>5,4 chilometri<\/strong>, la sede ha un <strong>par di 77<\/strong> e dispone di un campo pratica, di un'area per il chipping e di un percorso compatto. \u00c8 uno dei campi da golf pi\u00f9 recenti della Slovenia e ogni anno subisce una o due modifiche per offrire un'esperienza di golf sempre migliore.<\/p>\n\n\n\n<h2 class=\"wp-block-heading\" id=\"golf-grad-otocec\">3. Golf Grad Oto\u010dec<\/h2>\n\n\n\n<p><strong>Anno di costruzione: <\/strong>2005<\/p>\n\n\n\n<p><strong>Fori: <\/strong>18<\/p>\n\n\n\n<p><strong>Par: <\/strong>72<\/p>\n\n\n\n<p><strong>Lunghezza: <\/strong>6189 metri<\/p>\n\n\n\n<p>Si estende lungo la <strong>Fiume Krka<\/strong>Il campo da golf di Grad Oto\u010dec \u00e8 la pi\u00f9 recente aggiunta alla sfera golfistica slovena. Il paesaggio ondulato su cui sorge \u00e8 circondato da una foresta che offre ai golfisti tranquillit\u00e0 e isolamento.<\/p>\n\n\n\n\n\n<p>Ci sono <strong>18 buche<\/strong> sul percorso, che si trova a un chilometro scarso dall'aeroporto. <strong>Albergo Castello di Oto\u010dec<\/strong> - un castello medievale trasformato in un <strong>Albergo a 5 stelle<\/strong> e alloggi adeguati per i golfisti in visita. La camminata pu\u00f2 essere relativamente faticosa nelle giornate calde, per cui i giocatori possono utilizzare dei passeggini per raggiungere i campi pratica e i putting green.<\/p>\n\n\n\n<h2 class=\"wp-block-heading\" id=\"golf-ptuj\">4. Golf Ptuj<\/h2>\n\n\n\n<p><strong>Anno di costruzione: <\/strong>1992<\/p>\n\n\n\n<p><strong>Fori: <\/strong>18<\/p>\n\n\n\n<p><strong>Par: <\/strong>71<\/p>\n\n\n\n<p><strong>Lunghezza:<\/strong> 5727 metri<\/p>\n\n\n\n<p>Come il Golf Grad Oto\u010dec, anche il campo del Golf Ptuj si trova lungo un fiume e vicino a un castello. <strong>Fiume Drava<\/strong> e <strong>Castello di Ptuj<\/strong>. Situato al centro di una vasta pianura, si pu\u00f2 vedere per chilometri in tutte le direzioni.<\/p>\n\n\n\n\n\n<p>La struttura \u00e8 stata spesso considerata il campo da golf meglio organizzato della Slovenia. Il suo <strong>18 buche<\/strong> sono noti per nascondere molte trappole e ostacoli d'acqua in cui la precisione ha la meglio sulla forza.&nbsp;<\/p>\n\n\n\n<h2 class=\"wp-block-heading\" id=\"cubo-golf-ljubljana\">5. Cubo Golf Lubiana<\/h2>\n\n\n\n<p><strong>Anno di costruzione: <\/strong>2008<\/p>\n\n\n\n<p><strong>Fori: <\/strong>18<\/p>\n\n\n\n<p><strong>Par: <\/strong>72<\/p>\n\n\n\n<p><strong>Lunghezza: <\/strong>5872 metri<\/p>\n\n\n\n<p>Un semplice <strong>15 minuti<\/strong> \u00e8 sufficiente per arrivare dal centro di Lubiana al campo del Cubo Golf Ljubljana. Dotato di <strong>tecnologia moderna<\/strong>, consente <strong>colpi notturni<\/strong> e presenta fairway aperti, con conseguente riduzione delle palle perse.<\/p>\n\n\n\n\n\n<p>Il corso ha <strong>18 buche<\/strong>che comprende sei par tre, sei par quattro e sei par cinque. Il campo da golf \u00e8 dotato di driving range, area chipping, putting green e percorso compatto. Dopo una giornata trascorsa a giocare con le palline, ci si pu\u00f2 sedere per un pasto al <strong>Ristorante Cubo<\/strong>.<\/p>\n\n\n\n<h2 class=\"wp-block-heading\" id=\"golf-livada\">6. Golf Livada Moravske Toplice<\/h2>\n\n\n\n<p><strong>Anno di costruzione: <\/strong>1998<\/p>\n\n\n\n<p><strong>Fori:<\/strong> 18<\/p>\n\n\n\n<p><strong>Par:<\/strong> 72<\/p>\n\n\n\n<p><strong>Lunghezza:<\/strong> 6236 metri<\/p>\n\n\n\n<p>Il campo del Golf Livada Moravske Toplice si trova accanto alle terme. <strong>Terme 3000<\/strong>. \u00c8 stato costruito per consentire ai visitatori delle terme di combinare la loro vacanza rilassante con il golf. Ci sono <strong>18 buche<\/strong>Un campo pratica e passeggini a disposizione per girare sul campo.<\/p>\n\n\n\n\n\n<p>Se si desidera combinare la pausa golfistica con il relax termale, questo \u00e8 il campo da golf in Slovenia da visitare.<\/p>\n\n\n\n<h2 class=\"wp-block-heading\" id=\"golf-mokrice\">7. Golf Grad Mokrice<\/h2>\n\n\n\n<p><strong>Anno di costruzione: <\/strong>1944<\/p>\n\n\n\n<p><strong>Fori: <\/strong>18<\/p>\n\n\n\n<p><strong>Par: <\/strong>71<\/p>\n\n\n\n<p><strong>Lunghezza:<\/strong> 5785 metri<\/p>\n\n\n\n<p>Anche se non \u00e8 il campo da golf pi\u00f9 conosciuto della Slovenia, il Golf Grad Mokrice dispone di uno dei migliori campi da golf della Slovenia. <strong>fori pi\u00f9 impegnativi<\/strong> in questa parte d'Europa. Tra le <strong>18 campi<\/strong>Il 5\u00b0 par-4 \u00e8 quello che pi\u00f9 di ogni altro toglie il fiato a qualsiasi golfista.<\/p>\n\n\n\n\n\n<p>Il percorso si estende sotto le mura della citt\u00e0 medievale. <strong>Castello di Mokrice<\/strong> attraverso campi verdi circondati da foreste. Anche un lago funge da ostacolo naturale. Ha una somiglianza con Royal Bled: il suo progettista \u00e8 stato <strong>Donald Harradine<\/strong>.<\/p>\n\n\n\n<h3 class=\"wp-block-heading\">Visitate la Slovenia per le vostre prossime vacanze all'insegna del golf!<\/h3>\n\n\n\n<p>Se state cercando il luogo perfetto per rilassarvi durante una vacanza all'insegna del golf, <strong>La Slovenia \u00e8 la scelta migliore<\/strong>. Questi campi rappresentano solo la punta dell'iceberg: ci sono molte altre attivit\u00e0 per il tempo libero che si possono combinare con il golf. La Slovenia \u00e8 un luogo ideale per rilassarsi giocando al proprio gioco preferito.<\/p>\n\n\n\n<p>Per scoprire come possiamo aiutarvi a progettare le vostre vacanze golf in Slovenia visitate il nostro sito <a href=\"https:\/\/golf-slovenia.com\/it\/\">homepage<\/a>. Successivamente, \u00e8 possibile compilare il nostro <a href=\"https:\/\/golf-slovenia.com\/it\/inchiesta\/\">modulo di richiesta<\/a>e potremo iniziare a prenotare i vostri tee time!<\/p>","protected":false},"excerpt":{"rendered":"<p>La Slovenia si sta evolvendo in modo esponenziale come destinazione del turismo golfistico. Attualmente in Slovenia sono presenti 15 campi da golf, tutti costantemente impegnati a fornire i migliori servizi ai propri clienti. Il campo da golf Royal Bled \u00e8 addirittura entrato nella classifica dei 100 migliori campi da golf dell'Europa continentale, e altri quattro campi da golf sloveni sono stati presi in considerazione per ... <a href=\"https:\/\/golf-slovenia.com\/it\/i-7-migliori-campi-da-golf-della-slovenia\/\">Continua<\/a><\/p>","protected":false},"author":1,"featured_media":47,"parent":0,"menu_order":0,"comment_status":"closed","ping_status":"closed","template":"","meta":{"_acf_changed":false,"footnotes":""},"class_list":["post-300","page","type-page","status-publish","has-post-thumbnail","hentry"],"acf":{"page_subheading":"Learn all you need to know about best golf courses in Slovenia before planning your golf holidays and booking your tee times at these elite venues."},"_links":{"self":[{"href":"https:\/\/golf-slovenia.com\/it\/wp-json\/wp\/v2\/pages\/300","targetHints":{"allow":["GET"]}}],"collection":[{"href":"https:\/\/golf-slovenia.com\/it\/wp-json\/wp\/v2\/pages"}],"about":[{"href":"https:\/\/golf-slovenia.com\/it\/wp-json\/wp\/v2\/types\/page"}],"author":[{"embeddable":true,"href":"https:\/\/golf-slovenia.com\/it\/wp-json\/wp\/v2\/users\/1"}],"replies":[{"embeddable":true,"href":"https:\/\/golf-slovenia.com\/it\/wp-json\/wp\/v2\/comments?post=300"}],"version-history":[{"count":20,"href":"https:\/\/golf-slovenia.com\/it\/wp-json\/wp\/v2\/pages\/300\/revisions"}],"predecessor-version":[{"id":6493,"href":"https:\/\/golf-slovenia.com\/it\/wp-json\/wp\/v2\/pages\/300\/revisions\/6493"}],"wp:featuredmedia":[{"embeddable":true,"href":"https:\/\/golf-slovenia.com\/it\/wp-json\/wp\/v2\/media\/47"}],"wp:attachment":[{"href":"https:\/\/golf-slovenia.com\/it\/wp-json\/wp\/v2\/media?parent=300"}],"curies":[{"name":"wp","href":"https:\/\/api.w.org\/{rel}","templated":true}]}}