{"id":300,"date":"2022-12-09T07:24:04","date_gmt":"2022-12-09T07:24:04","guid":{"rendered":"https:\/\/golf-slovenia.com\/?page_id=300"},"modified":"2023-11-10T12:33:20","modified_gmt":"2023-11-10T12:33:20","slug":"7-meilleurs-terrains-de-golf-en-slovenie","status":"publish","type":"page","link":"https:\/\/golf-slovenia.com\/fr\/7-meilleurs-terrains-de-golf-en-slovenie\/","title":{"rendered":"7 meilleurs terrains de golf en Slov\u00e9nie"},"content":{"rendered":"<p>La Slov\u00e9nie conna\u00eet une \u00e9volution exponentielle en tant que destination de tourisme golfique. Il y a actuellement <strong>15 terrains de golf<\/strong> en Slov\u00e9nie, qui travaillent tous en permanence pour offrir les meilleurs services \u00e0 leurs clients.<\/p>\n\n\n\n<p>Le terrain de golf Royal Bled a m\u00eame fait son entr\u00e9e <strong>parmi les 100 meilleurs terrains de golf<\/strong> d'Europe continentale, et quatre autres terrains de golf slov\u00e8nes ont \u00e9t\u00e9 retenus pour figurer sur la liste des plus de 7 000 terrains europ\u00e9ens.<\/p>\n\n\n\n<p>Nous avons pr\u00e9par\u00e9 un aper\u00e7u de toutes les <strong>Les lieux \u00e0 visiter en Slov\u00e9nie<\/strong>Chacun d'entre eux offre une exp\u00e9rience de golf unique et de qualit\u00e9.<\/p>\n\n\n\n<h2 class=\"wp-block-heading\" id=\"royal-bled-golf\">1. Royal Bled Golf<\/h2>\n\n\n\n<p><strong>Ann\u00e9e de construction : <\/strong>1937<\/p>\n\n\n\n<p><strong>Trous : <\/strong>18 (+9)<\/p>\n\n\n\n<p><strong>Par : <\/strong>72<\/p>\n\n\n\n<p><strong>Longueur : <\/strong>6563 m\u00e8tres<\/p>\n\n\n\n<p>Le terrain de golf Royal Bled est le <strong>fleuron du golf slov\u00e8ne<\/strong> et est en passe de devenir l'un des lieux les plus exclusifs d'Europe. En tant que <strong>le plus ancien terrain de golf de Slov\u00e9nie<\/strong>ses d\u00e9buts remontent \u00e0 aussi loin que <strong>1937<\/strong>bien qu'il ait \u00e9t\u00e9 enti\u00e8rement redessin\u00e9 et r\u00e9nov\u00e9 en 1972 par le c\u00e9l\u00e8bre architecte de golf. <strong>Donald Harradine<\/strong>.<\/p>\n\n\n\n\n\n<p>Le site <strong>Parcours du Roi (18 trous)<\/strong> est le plus grand de Slov\u00e9nie et s'accompagne de la <strong>Parcours du lac \u00e0 9 trous<\/strong>L'h\u00f4tel dispose d'un terrain de golf, d'aires de chipping, de putting greens, de parcours compacts et d'un practice. Les installations comprennent un restaurant, des casiers, des buggys et la location de tous les \u00e9quipements essentiels.<\/p>\n\n\n\n<p>Bien que les parcours soient entour\u00e9s par les pics imposants de la cha\u00eene de montagnes de l'Ouest. <strong>Alpes juliennes<\/strong> et <strong>Karawanks<\/strong>Ils ne sont pas particuli\u00e8rement vallonn\u00e9s. D\u00e9cor\u00e9 par une s\u00e9r\u00e9nit\u00e9 absolue et un contact apaisant avec la nature, le Royal Bled est l'un des terrains de golf les plus splendides d'Europe et une visite incontournable pour tout golfeur passionn\u00e9.<\/p>\n\n\n\n<p>Et <strong>Lac de Bled<\/strong> est juste au coin de la rue, avec les murs massifs du ch\u00e2teau de Bled qui se dressent au-dessus - un spectacle \u00e0 ne pas manquer.<\/p>\n\n\n\n<h2 class=\"wp-block-heading\" id=\"golf-arboretum\">2. Arboretum du golf<\/h2>\n\n\n\n<p><strong>Ann\u00e9e de construction : <\/strong>1998<\/p>\n\n\n\n<p><strong>Trous : <\/strong>18<\/p>\n\n\n\n<p><strong>Par : <\/strong>71<\/p>\n\n\n\n<p><strong>Longueur : <\/strong>4985 m\u00e8tres<\/p>\n\n\n\n<p>Situ\u00e9 au milieu d'une for\u00eat de pins, l'Arboretum du Golf pr\u00e9sente une <strong>18 trous<\/strong> plaisir \u00e0 ses visiteurs. Non loin de l\u00e0, vous trouverez le jardin botanique le plus visit\u00e9 de Slov\u00e9nie, <strong>Arboretum Vol\u010dji Potok<\/strong>. Et juste au-dessus de la cime des arbres, vous pouvez apercevoir l'imposant <strong>Alpes de Kamnik-Savinja<\/strong>.<\/p>\n\n\n\n\n\n<p>Sur <strong>5,4 kilom\u00e8tres<\/strong>le lieu dispose d'un <strong>par de 77<\/strong> et comprend un practice, une zone de chipping et un parcours compact. \u00c9tant l'un des terrains de golf les plus r\u00e9cents de Slov\u00e9nie, il subit encore une ou deux modifications chaque ann\u00e9e pour offrir une exp\u00e9rience de golf encore meilleure.<\/p>\n\n\n\n<h2 class=\"wp-block-heading\" id=\"golf-grad-otocec\">3. Golf Grad Oto\u010dec<\/h2>\n\n\n\n<p><strong>Ann\u00e9e de construction : <\/strong>2005<\/p>\n\n\n\n<p><strong>Trous : <\/strong>18<\/p>\n\n\n\n<p><strong>Par : <\/strong>72<\/p>\n\n\n\n<p><strong>Longueur : <\/strong>6189 m\u00e8tres<\/p>\n\n\n\n<p>S'\u00e9tendant le long de la <strong>Rivi\u00e8re Krka<\/strong>Le terrain de golf de Grad Oto\u010dec est le plus r\u00e9cent ajout \u00e0 la sph\u00e8re du golf en Slov\u00e9nie. Le paysage vallonn\u00e9 sur lequel il se trouve est entour\u00e9 d'une for\u00eat, offrant aux golfeurs tranquillit\u00e9 et isolement.<\/p>\n\n\n\n\n\n<p>Il y a <strong>18 trous<\/strong> sur le parcours, qui se trouve \u00e0 un kilom\u00e8tre \u00e0 peine du <strong>H\u00f4tel Ch\u00e2teau Oto\u010dec<\/strong> - un ch\u00e2teau m\u00e9di\u00e9val transform\u00e9 en un <strong>H\u00f4tel 5 \u00e9toiles<\/strong> et un h\u00e9bergement adapt\u00e9 pour les golfeurs en visite. La marche peut \u00eatre relativement \u00e9prouvante les jours de grande chaleur, aussi les joueurs peuvent-ils utiliser des poussettes pour se rendre sur les terrains d'entra\u00eenement et les putting greens.<\/p>\n\n\n\n<h2 class=\"wp-block-heading\" id=\"golf-ptuj\">4. Golf Ptuj<\/h2>\n\n\n\n<p><strong>Ann\u00e9e de construction : <\/strong>1992<\/p>\n\n\n\n<p><strong>Trous : <\/strong>18<\/p>\n\n\n\n<p><strong>Par : <\/strong>71<\/p>\n\n\n\n<p><strong>Longueur :<\/strong> 5727 m\u00e8tres<\/p>\n\n\n\n<p>Tout comme le Golf Grad Oto\u010dec, le parcours du Golf Ptuj est situ\u00e9 le long d'une rivi\u00e8re et pr\u00e8s d'un ch\u00e2teau. <strong>Rivi\u00e8re Drava<\/strong> et <strong>Ch\u00e2teau de Ptuj<\/strong>. Situ\u00e9 au milieu d'une vaste plaine, on peut voir des kilom\u00e8tres dans toutes les directions.<\/p>\n\n\n\n\n\n<p>Le site a souvent \u00e9t\u00e9 consid\u00e9r\u00e9 comme le terrain de golf le mieux am\u00e9nag\u00e9 de Slov\u00e9nie. Son site <strong>18 trous<\/strong> sont connus pour cacher de nombreux pi\u00e8ges et comporter des obstacles aquatiques o\u00f9 la pr\u00e9cision l'emporte sur la force.&nbsp;<\/p>\n\n\n\n<h2 class=\"wp-block-heading\" id=\"cubo-golf-ljubljana\">5. Cubo Golf Ljubljana<\/h2>\n\n\n\n<p><strong>Ann\u00e9e de construction : <\/strong>2008<\/p>\n\n\n\n<p><strong>Trous : <\/strong>18<\/p>\n\n\n\n<p><strong>Par : <\/strong>72<\/p>\n\n\n\n<p><strong>Longueur : <\/strong>5872 m\u00e8tres<\/p>\n\n\n\n<p>Un simple <strong>15 minutes<\/strong> Une voiture suffit pour se rendre du centre de Ljubljana au parcours du Cubo Golf Ljubljana. \u00c9quip\u00e9 de <strong>technologie moderne<\/strong>il permet <strong>coup de poing nocturne<\/strong> et pr\u00e9sente des fairways ouverts, ce qui permet de r\u00e9duire le nombre de balles perdues.<\/p>\n\n\n\n\n\n<p>Le cours a <strong>18 trous<\/strong>Il comprend six par trois, six par quatre et six par cinq. Il dispose d'un terrain d'entra\u00eenement, d'une zone de chipping, d'un putting green et d'un parcours compact. Apr\u00e8s une journ\u00e9e pass\u00e9e \u00e0 renvoyer les balles, vous pouvez vous asseoir pour prendre un repas \u00e0 l'h\u00f4tel. <strong>Restaurant Cubo<\/strong>.<\/p>\n\n\n\n<h2 class=\"wp-block-heading\" id=\"golf-livada\">6. Golf Livada Moravske Toplice<\/h2>\n\n\n\n<p><strong>Ann\u00e9e de construction : <\/strong>1998<\/p>\n\n\n\n<p><strong>Trous :<\/strong> 18<\/p>\n\n\n\n<p><strong>Par :<\/strong> 72<\/p>\n\n\n\n<p><strong>Longueur :<\/strong> 6236 m\u00e8tres<\/p>\n\n\n\n<p>Le parcours du Golf Livada Moravske Toplice est situ\u00e9 \u00e0 c\u00f4t\u00e9 de la station thermale. <strong>Terme 3000<\/strong>. Il a \u00e9t\u00e9 construit pour que les curistes puissent combiner leurs vacances de d\u00e9tente avec le golf. Il y a <strong>18 trous<\/strong>Il y a \u00e9galement un terrain d'entra\u00eenement et des buggys disponibles pour faire le tour du parcours.<\/p>\n\n\n\n\n\n<p>Si vous souhaitez combiner votre s\u00e9jour de golf avec une relaxation thermale, c'est le terrain de golf \u00e0 visiter en Slov\u00e9nie.<\/p>\n\n\n\n<h2 class=\"wp-block-heading\" id=\"golf-mokrice\">7. Golf Grad Mokrice<\/h2>\n\n\n\n<p><strong>Ann\u00e9e de construction : <\/strong>1944<\/p>\n\n\n\n<p><strong>Trous : <\/strong>18<\/p>\n\n\n\n<p><strong>Par : <\/strong>71<\/p>\n\n\n\n<p><strong>Longueur :<\/strong> 5785 m\u00e8tres<\/p>\n\n\n\n<p>Bien qu'il ne s'agisse pas du terrain de golf le plus connu de Slov\u00e9nie, le Golf Grad Mokrice poss\u00e8de l'un des plus beaux terrains de golf de Slov\u00e9nie. <strong>les trous les plus exigeants<\/strong> dans cette partie de l'Europe. Parmi les <strong>18 champs<\/strong>Le 5\u00e8me par quatre est le plus difficile pour un golfeur.<\/p>\n\n\n\n\n\n<p>Le parcours s'\u00e9tend sous les murs de l'enceinte m\u00e9di\u00e9vale. <strong>Ch\u00e2teau de Mokrice<\/strong> \u00e0 travers des champs verts entour\u00e9s de for\u00eats. Un lac fait m\u00eame office d'obstacle naturel. Il partage une similitude avec Royal Bled - son concepteur \u00e9tait <strong>Donald Harradine<\/strong>.<\/p>\n\n\n\n<h3 class=\"wp-block-heading\">Visitez la Slov\u00e9nie pour vos prochaines vacances de golf !<\/h3>\n\n\n\n<p>Si vous recherchez l'endroit id\u00e9al pour vous d\u00e9tendre pendant vos vacances de golf, <strong>La Slov\u00e9nie est votre meilleur choix<\/strong>. Ces parcours ne repr\u00e9sentent que la partie \u00e9merg\u00e9e de l'iceberg, et il existe de nombreuses autres activit\u00e9s de loisirs que vous pouvez combiner avec le golf. La Slov\u00e9nie est un endroit id\u00e9al pour se d\u00e9tendre tout en jouant \u00e0 votre jeu pr\u00e9f\u00e9r\u00e9.<\/p>\n\n\n\n<p>Vous verrez comment nous pouvons vous aider \u00e0 concevoir vos vacances de golf id\u00e9ales en Slov\u00e9nie en visitant notre section <a href=\"https:\/\/golf-slovenia.com\/fr\/\">page d'accueil<\/a>. Ensuite, vous pouvez remplir notre <a href=\"https:\/\/golf-slovenia.com\/fr\/enquete\/\">formulaire de demande<\/a>et nous pourrons commencer \u00e0 r\u00e9server vos heures de d\u00e9part !<\/p>","protected":false},"excerpt":{"rendered":"<p>La Slov\u00e9nie \u00e9volue de mani\u00e8re exponentielle en tant que destination touristique pour le golf. Il existe actuellement 15 terrains de golf en Slov\u00e9nie, qui s'efforcent tous de fournir les meilleurs services \u00e0 leurs clients. Le parcours de golf Royal Bled a m\u00eame \u00e9t\u00e9 class\u00e9 parmi les 100 meilleurs parcours de golf d'Europe continentale, et quatre autres parcours de golf slov\u00e8nes sont ... <a href=\"https:\/\/golf-slovenia.com\/fr\/7-meilleurs-terrains-de-golf-en-slovenie\/\">Suite<\/a><\/p>","protected":false},"author":1,"featured_media":47,"parent":0,"menu_order":0,"comment_status":"closed","ping_status":"closed","template":"","meta":{"_acf_changed":false,"footnotes":""},"class_list":["post-300","page","type-page","status-publish","has-post-thumbnail","hentry"],"acf":{"page_subheading":"Learn all you need to know about best golf courses in Slovenia before planning your golf holidays and booking your tee times at these elite venues."},"_links":{"self":[{"href":"https:\/\/golf-slovenia.com\/fr\/wp-json\/wp\/v2\/pages\/300","targetHints":{"allow":["GET"]}}],"collection":[{"href":"https:\/\/golf-slovenia.com\/fr\/wp-json\/wp\/v2\/pages"}],"about":[{"href":"https:\/\/golf-slovenia.com\/fr\/wp-json\/wp\/v2\/types\/page"}],"author":[{"embeddable":true,"href":"https:\/\/golf-slovenia.com\/fr\/wp-json\/wp\/v2\/users\/1"}],"replies":[{"embeddable":true,"href":"https:\/\/golf-slovenia.com\/fr\/wp-json\/wp\/v2\/comments?post=300"}],"version-history":[{"count":20,"href":"https:\/\/golf-slovenia.com\/fr\/wp-json\/wp\/v2\/pages\/300\/revisions"}],"predecessor-version":[{"id":6493,"href":"https:\/\/golf-slovenia.com\/fr\/wp-json\/wp\/v2\/pages\/300\/revisions\/6493"}],"wp:featuredmedia":[{"embeddable":true,"href":"https:\/\/golf-slovenia.com\/fr\/wp-json\/wp\/v2\/media\/47"}],"wp:attachment":[{"href":"https:\/\/golf-slovenia.com\/fr\/wp-json\/wp\/v2\/media?parent=300"}],"curies":[{"name":"wp","href":"https:\/\/api.w.org\/{rel}","templated":true}]}}