{"id":319,"date":"2022-12-09T09:05:49","date_gmt":"2022-12-09T09:05:49","guid":{"rendered":"https:\/\/golf-slovenia.com\/?page_id=319"},"modified":"2024-01-22T08:49:38","modified_gmt":"2024-01-22T08:49:38","slug":"meista","status":"publish","type":"page","link":"https:\/\/golf-slovenia.com\/fi\/meista\/","title":{"rendered":"Tietoa meist\u00e4"},"content":{"rendered":"<p>Minulla on vuosikymmenen kokemus matkailualalta Sloveniassa ja ulkomailla auttamalla asiakkaita suunnittelemaan luksuslomiaan.<\/p>\n\n\n\n<p>Kokemukseni on antanut minulle kyvyn ymm\u00e4rt\u00e4\u00e4 perusteellisesti, mit\u00e4 asiakas haluaa, miten h\u00e4n haluaa sen ja milt\u00e4 h\u00e4nest\u00e4 tuntuu, kun h\u00e4n saa sen - t\u00e4m\u00e4 on ensiluokkaista palvelua, jota vain harvat yritykset voivat tarjota.<\/p>\n\n\n\n<p>Ylellisyyslomien maailma kietoutuu tiiviisti yhteen golfin kanssa, ja yrityksemme alkoi pian n\u00e4hd\u00e4 mahdollisuuksia yhdist\u00e4\u00e4 ylelliset lomamatkat t\u00e4h\u00e4n urheilulajiin. Kun tutustuimme Slovenian kehittyv\u00e4\u00e4n golfmaailmaan, tajusimme, ett\u00e4 maamme on piilotettu helmi, jota ei ole viel\u00e4 hy\u00f6dynnetty.<\/p>\n\n\n\n<figure class=\"wp-block-image size-large\"><img loading=\"lazy\" decoding=\"async\" width=\"1024\" height=\"743\" src=\"https:\/\/golf-slovenia.com\/wp-content\/uploads\/golfslovenia1-1024x743.webp\" alt=\"Golf Slovenia\" class=\"wp-image-94\" srcset=\"https:\/\/golf-slovenia.com\/wp-content\/uploads\/golfslovenia1-1024x743.webp 1024w, https:\/\/golf-slovenia.com\/wp-content\/uploads\/golfslovenia1-300x218.webp 300w, https:\/\/golf-slovenia.com\/wp-content\/uploads\/golfslovenia1-768x558.webp 768w, https:\/\/golf-slovenia.com\/wp-content\/uploads\/golfslovenia1-1536x1115.webp 1536w, https:\/\/golf-slovenia.com\/wp-content\/uploads\/golfslovenia1-18x12.webp 18w, https:\/\/golf-slovenia.com\/wp-content\/uploads\/golfslovenia1.webp 2000w\" sizes=\"auto, (max-width: 1024px) 100vw, 1024px\" \/><figcaption class=\"wp-element-caption\">Slovenia on piilotettu helmi golfareille<\/figcaption><\/figure>\n\n\n\n<p>Ja t\u00e4m\u00e4 on tarina Golf Slovenian takana. Halusimme esitell\u00e4 upean pienen maamme golfareille ymp\u00e4ri maailmaa tarjoamalla heille vertaansa vailla olevia lomapaketteja.<\/p>\n\n\n\n<p>Slovenia on mahdollisuuksien maa, ja se antaa golfareille mahdollisuuden viett\u00e4\u00e4 monipuolisia lomia nauttimalla suosikkipelist\u00e4\u00e4n ja yhdist\u00e4m\u00e4ll\u00e4 sen muihin aktiviteetteihin.<\/p>\n\n\n\n<p>Viet\u00e4t kaiken aikasi tutustumalla maan arkkitehtuuriin, ruokakulttuuriin ja taiteeseen - ja rakastat my\u00f6s koskemattomia maisemia, joissa on kuvankauniita vuoria, vesiputouksia, luolia ja j\u00e4rvi\u00e4.<\/p>\n\n\n\n<h2 class=\"wp-block-heading\">Eksklusiivinen palvelu jokaiselle golfarille<\/h2>\n\n\n\n<p>Haluamme, ett\u00e4 saat el\u00e4m\u00e4si el\u00e4myksen seuraavalla golflomallasi. Asiantuntevasti suunnitellut matkamme on suunniteltu luomaan pysyvi\u00e4 muistoja ja tarjoamaan samalla hienointa luksuspalvelua. Pyrimme tekem\u00e4\u00e4n Slovenian golflomastasi mahdollisimman t\u00e4ydellisen.<\/p>\n\n\n\n<figure class=\"wp-block-image size-large\"><img decoding=\"async\" src=\"https:\/\/golf-slovenia.com\/wp-content\/uploads\/Martuljek-mountains-s-1024x576.webp\" alt=\"Upea Slovenia\" class=\"wp-image-146\"\/><figcaption class=\"wp-element-caption\">Upea Slovenia<\/figcaption><\/figure>\n\n\n\n<p>Siksi olemme p\u00e4\u00e4tt\u00e4neet olla suunnittelematta lomia etuk\u00e4teen, koska ymm\u00e4rr\u00e4mme, ett\u00e4 jokaisella golfarilla on omat mieltymyksens\u00e4. T\u00e4t\u00e4 silm\u00e4ll\u00e4 pit\u00e4en olemme laatineet perusteellisesti harkitun valikoiman jokaisesta golfloman olennaisesta osatekij\u00e4st\u00e4. Sen j\u00e4lkeen laadimme matkasuunnitelman antamiesi tietojen perusteella ja l\u00e4hdemme kuratoimaan henkil\u00f6kohtaista golfkokemustasi.<\/p>\n\n\n\n<h2 class=\"wp-block-heading\">Henkil\u00f6kohtainen golfloma kaikille<\/h2>\n\n\n\n<p>Ty\u00f6skentelemme aina innokkaasti suoraan kanssasi, jotta voimme luoda juuri sinun tarpeisiisi ja toiveisiisi r\u00e4\u00e4t\u00e4l\u00f6idyn loman. Luomme sinulle todella ikimuistoisen kokemuksen. Sellaisen, jossa henkil\u00f6kohtainen kosketuksemme l\u00e4p\u00e4isee kaiken.<\/p>\n\n\n\n<p>Saat molempien maailmojen parhaat puolet, kun saat pienen matkanj\u00e4rjest\u00e4j\u00e4n, joka tarjoaa henkil\u00f6kohtaista huomiota ja suuren tuotemerkin ylellisyytt\u00e4 ja valikoimaa.<\/p>\n\n\n\n<p>K\u00e4y meid\u00e4n <a href=\"https:\/\/golf-slovenia.com\/fi\/\">Golf Slovenia<\/a> kotisivuille ja lue, miten voimme auttaa sinua saavuttamaan el\u00e4m\u00e4si lomat. Voimme ryhty\u00e4 toimeen heti, kun l\u00e4het\u00e4t meille <a href=\"https:\/\/golf-slovenia.com\/fi\/kysely\/\">kysely<\/a>!<\/p>\n\n\n\n<p>Laajemman valikoiman ylellisi\u00e4 lomamatkoja l\u00f6yd\u00e4t my\u00f6s osoitteesta <a href=\"http:\/\/slovenialuxuryholidays.com\">Slovenia ylellinen loma<\/a>. Jos haluat saada k\u00e4sityksen siit\u00e4, mit\u00e4 kaikkea Sloveniassa voi tehd\u00e4, tutustu osoitteeseen <a href=\"http:\/\/slovenia-holidays.com\">Slovenia Lomat<\/a> ja <a href=\"http:\/\/sloveniatours.com\">Slovenia Tours<\/a>.<\/p>\n\n\n\n<p>Voit tutustua kaikkiin kumppaneihimme osoitteessa <a href=\"http:\/\/slovenia-discovery.com\">Slovenia Discovery<\/a>.<\/p>","protected":false},"excerpt":{"rendered":"<p>Minulla on vuosikymmenen kokemus matkailualalta Sloveniassa ja ulkomailla auttamalla asiakkaita suunnittelemaan luksuslomiaan. Kokemukseni on antanut minulle kyvyn ymm\u00e4rt\u00e4\u00e4 perusteellisesti, mit\u00e4 asiakas haluaa, miten h\u00e4n haluaa sen ja milt\u00e4 h\u00e4nest\u00e4 tuntuu, kun h\u00e4n saa sen - ensiluokkaista palvelua, jota vain harvat ... <a href=\"https:\/\/golf-slovenia.com\/fi\/meista\/\">Jatkuu<\/a><\/p>","protected":false},"author":1,"featured_media":92,"parent":0,"menu_order":0,"comment_status":"closed","ping_status":"closed","template":"","meta":{"_acf_changed":false,"footnotes":""},"class_list":["post-319","page","type-page","status-publish","has-post-thumbnail","hentry"],"acf":{"page_subheading":"Our team at Golf Slovenia lives and breathes its one goal \u2014 to present Slovenia as the uncut jewel of golf tourism to golfers from around the world."},"_links":{"self":[{"href":"https:\/\/golf-slovenia.com\/fi\/wp-json\/wp\/v2\/pages\/319","targetHints":{"allow":["GET"]}}],"collection":[{"href":"https:\/\/golf-slovenia.com\/fi\/wp-json\/wp\/v2\/pages"}],"about":[{"href":"https:\/\/golf-slovenia.com\/fi\/wp-json\/wp\/v2\/types\/page"}],"author":[{"embeddable":true,"href":"https:\/\/golf-slovenia.com\/fi\/wp-json\/wp\/v2\/users\/1"}],"replies":[{"embeddable":true,"href":"https:\/\/golf-slovenia.com\/fi\/wp-json\/wp\/v2\/comments?post=319"}],"version-history":[{"count":25,"href":"https:\/\/golf-slovenia.com\/fi\/wp-json\/wp\/v2\/pages\/319\/revisions"}],"predecessor-version":[{"id":11145,"href":"https:\/\/golf-slovenia.com\/fi\/wp-json\/wp\/v2\/pages\/319\/revisions\/11145"}],"wp:featuredmedia":[{"embeddable":true,"href":"https:\/\/golf-slovenia.com\/fi\/wp-json\/wp\/v2\/media\/92"}],"wp:attachment":[{"href":"https:\/\/golf-slovenia.com\/fi\/wp-json\/wp\/v2\/media?parent=319"}],"curies":[{"name":"wp","href":"https:\/\/api.w.org\/{rel}","templated":true}]}}