{"id":300,"date":"2022-12-09T07:24:04","date_gmt":"2022-12-09T07:24:04","guid":{"rendered":"https:\/\/golf-slovenia.com\/?page_id=300"},"modified":"2023-11-10T12:33:20","modified_gmt":"2023-11-10T12:33:20","slug":"7-parasta-slovenian-golfkenttia","status":"publish","type":"page","link":"https:\/\/golf-slovenia.com\/fi\/7-parasta-slovenian-golfkenttia\/","title":{"rendered":"7 parasta golfkentt\u00e4\u00e4 Sloveniassa"},"content":{"rendered":"<p>Slovenia kehittyy r\u00e4j\u00e4hdysm\u00e4isesti golfmatkailukohteena. T\u00e4ll\u00e4 hetkell\u00e4 on <strong>15 golfkentt\u00e4\u00e4<\/strong> Sloveniassa, jotka kaikki ty\u00f6skentelev\u00e4t jatkuvasti tarjotakseen asiakkailleen parhaita palveluja.<\/p>\n\n\n\n<p>Royal Bledin golfkentt\u00e4 p\u00e4\u00e4si jopa <strong>100 parhaan golfkent\u00e4n joukossa<\/strong> Manner-Euroopassa, ja nelj\u00e4 slovenialaista golfkentt\u00e4\u00e4 on otettu mukaan yli 7000 eurooppalaisen kent\u00e4n joukkoon.<\/p>\n\n\n\n<p>Olemme laatineet katsauksen kaikista <strong>ehdoton vierailukohde eri puolilla Sloveniaa<\/strong>joista jokainen tarjoaa ainutlaatuisen ja ensiluokkaisen golfkokemuksen.<\/p>\n\n\n\n<h2 class=\"wp-block-heading\" id=\"royal-bled-golf\">1. Royal Bled Golf<\/h2>\n\n\n\n<p><strong>Rakennusvuosi: <\/strong>1937<\/p>\n\n\n\n<p><strong>Rei\u00e4t: <\/strong>18 (+9)<\/p>\n\n\n\n<p><strong>Par: <\/strong>72<\/p>\n\n\n\n<p><strong>Pituus: <\/strong>6563 metri\u00e4<\/p>\n\n\n\n<p>Royal Bledin golfkentt\u00e4 on <strong>Slovenian golfin lippulaiva<\/strong> ja siit\u00e4 on tulossa yksi Euroopan hienoimmista tapahtumapaikoista. Koska <strong>Slovenian vanhin golfkentt\u00e4<\/strong>, sen alku ulottuu niinkin kauas kuin <strong>1937<\/strong>, vaikka kuuluisa golf-arkkitehti suunnitteli ja kunnosti sen perusteellisesti uudelleen vuonna 1972. <strong>Donald Harradine<\/strong>.<\/p>\n\n\n\n\n\n<p>The <strong>18-reik\u00e4inen King's Course<\/strong> on Slovenian suurin, ja sen lis\u00e4ksi on my\u00f6s <strong>9-reik\u00e4inen Lake Course<\/strong>, jossa on haketusalueita, puttausviheri\u00f6it\u00e4, kompakteja kentti\u00e4 ja ajoalue. Palveluihin kuuluu ravintola, kaapit, lastenvaunut ja kaikkien tarvittavien v\u00e4lineiden vuokraus.<\/p>\n\n\n\n<p>Vaikka kursseja ymp\u00e4r\u00f6iv\u00e4t korkeat vuorenhuiput ja <strong>Julian Alpit<\/strong> ja <strong>Karawanks<\/strong>, ne eiv\u00e4t ole erityisen m\u00e4kisi\u00e4. Royal Bled on yksi Euroopan upeimmista golfkentist\u00e4, jota koristaa t\u00e4ydellinen rauhallisuus ja rauhoittava kosketus luontoon, ja se on kaikkien innokkaiden golfaajien ehdoton vierailukohde.<\/p>\n\n\n\n<p>Ja <strong>Bled-j\u00e4rvi<\/strong> on aivan nurkan takana, ja sen yl\u00e4puolella kohoavat Bledin linnan massiiviset muurit - n\u00e4ht\u00e4vyys, jota ei kannata j\u00e4tt\u00e4\u00e4 v\u00e4liin.<\/p>\n\n\n\n<h2 class=\"wp-block-heading\" id=\"golf-arboretum\">2. Golf Arboretum<\/h2>\n\n\n\n<p><strong>Rakennusvuosi: <\/strong>1998<\/p>\n\n\n\n<p><strong>Rei\u00e4t: <\/strong>18<\/p>\n\n\n\n<p><strong>Par: <\/strong>71<\/p>\n\n\n\n<p><strong>Pituus: <\/strong>4985 metri\u00e4<\/p>\n\n\n\n<p>M\u00e4ntymets\u00e4n keskell\u00e4 sijaitseva Golf Arboretum esittelee <strong>18-reik\u00e4inen<\/strong> nautintoa k\u00e4vij\u00f6illeen. L\u00e4hist\u00f6ll\u00e4 sijaitsee Slovenian suosituin kasvitieteellinen puutarha, <strong>Arboretum Vol\u010dji Potok<\/strong>. Ja juuri puiden latvojen yl\u00e4puolella voit n\u00e4hd\u00e4 vilauksen korkeasta <strong>Kamnik-Savinja Alpit<\/strong>.<\/p>\n\n\n\n\n\n<p>Osoitteessa <strong>5,4 kilometri\u00e4<\/strong>, tapahtumapaikalla on <strong>par 77<\/strong> ja siell\u00e4 on ly\u00f6ntipaikka, chippausalue ja kompakti kentt\u00e4. Koska se on yksi Slovenian uusimmista golfkentist\u00e4, sit\u00e4 muutetaan edelleen joka vuosi, jotta se tarjoaisi entist\u00e4 paremman golfkokemuksen.<\/p>\n\n\n\n<h2 class=\"wp-block-heading\" id=\"golf-grad-otocec\">3. Golf Grad Oto\u010dec<\/h2>\n\n\n\n<p><strong>Rakennusvuosi: <\/strong>2005<\/p>\n\n\n\n<p><strong>Rei\u00e4t: <\/strong>18<\/p>\n\n\n\n<p><strong>Par: <\/strong>72<\/p>\n\n\n\n<p><strong>Pituus: <\/strong>6189 metri\u00e4<\/p>\n\n\n\n<p>Levitt\u00e4ytyminen pitkin <strong>Krka-joki<\/strong>Grad Oto\u010decin golfkentt\u00e4 on uusin lis\u00e4ys Slovenian golfkentt\u00e4\u00e4n. Kumpuileva maisema, jossa se sijaitsee, on mets\u00e4n ymp\u00e4r\u00f6im\u00e4, mik\u00e4 tarjoaa golfareille rauhaa ja eristyneisyytt\u00e4.<\/p>\n\n\n\n\n\n<p>On olemassa <strong>18 reik\u00e4\u00e4<\/strong> kent\u00e4ll\u00e4, joka sijaitsee paljaan kilometrin p\u00e4\u00e4ss\u00e4 <strong>Oto\u010decin linnahotelli<\/strong> - keskiaikainen linna muuttui <strong>5 t\u00e4hden hotelli<\/strong> ja sopiva majoitus vieraileville golfareille. K\u00e4vely voi olla suhteellisen rasittavaa kuumina p\u00e4ivin\u00e4, joten pelaajat voivat k\u00e4ytt\u00e4\u00e4 lastenvaunuja p\u00e4\u00e4st\u00e4kseen ly\u00f6ntipaikoille ja viheri\u00f6ille.<\/p>\n\n\n\n<h2 class=\"wp-block-heading\" id=\"golf-ptuj\">4. Golf Ptuj<\/h2>\n\n\n\n<p><strong>Rakennusvuosi: <\/strong>1992<\/p>\n\n\n\n<p><strong>Rei\u00e4t: <\/strong>18<\/p>\n\n\n\n<p><strong>Par: <\/strong>71<\/p>\n\n\n\n<p><strong>Pituus:<\/strong> 5727 metri\u00e4<\/p>\n\n\n\n<p>Golf Grad Oto\u010decin tapaan Golf Ptujin kentt\u00e4 sijaitsee joen varrella ja linnan l\u00e4hell\u00e4. <strong>Drava-joki<\/strong> ja <strong>Ptuj linna<\/strong>. Sijaitsee keskell\u00e4 laajaa tasankoa, josta n\u00e4kee kilometrien p\u00e4\u00e4h\u00e4n joka suuntaan.<\/p>\n\n\n\n\n\n<p>Kentt\u00e4\u00e4 on usein pidetty Slovenian parhaiten j\u00e4rjestettyn\u00e4 golfkentt\u00e4n\u00e4. Sen <strong>18 reik\u00e4\u00e4<\/strong> tiedet\u00e4\u00e4n k\u00e4tkev\u00e4n sis\u00e4\u00e4ns\u00e4 monia ansoja, ja niiss\u00e4 on vesiesteet, joissa tarkkuus voittaa voiman.&nbsp;<\/p>\n\n\n\n<h2 class=\"wp-block-heading\" id=\"cubo-golf-ljubljana\">5. Cubo Golf Ljubljana<\/h2>\n\n\n\n<p><strong>Rakennusvuosi: <\/strong>2008<\/p>\n\n\n\n<p><strong>Rei\u00e4t: <\/strong>18<\/p>\n\n\n\n<p><strong>Par: <\/strong>72<\/p>\n\n\n\n<p><strong>Pituus: <\/strong>5872 metri\u00e4<\/p>\n\n\n\n<p>Pelkk\u00e4 <strong>15 minuuttia<\/strong> ajomatka riitt\u00e4\u00e4 Ljubljanan keskustasta Cubo Golf Ljubljanan kent\u00e4lle. Varustettu <strong>moderni teknologia<\/strong>, se mahdollistaa <strong>y\u00f6llinen ly\u00f6minen<\/strong> ja sill\u00e4 on avoimet v\u00e4yl\u00e4t, mik\u00e4 v\u00e4hent\u00e4\u00e4 pallonmenetyksi\u00e4.<\/p>\n\n\n\n\n\n<p>Kurssilla on <strong>18 reik\u00e4\u00e4<\/strong>, mukaan lukien kuusi par-kolmosta, kuusi par-nelosta ja kuusi par-viitosta. Kent\u00e4ll\u00e4 on driving range, chippausalue, puttausviheri\u00f6 ja kompakti kentt\u00e4. Kun olet pelannut palloja, voit istahtaa sy\u00f6m\u00e4\u00e4n aterialle <strong>Cubo ravintola<\/strong>.<\/p>\n\n\n\n<h2 class=\"wp-block-heading\" id=\"golf-livada\">6. Golf Livada Moravske Toplice<\/h2>\n\n\n\n<p><strong>Rakennusvuosi: <\/strong>1998<\/p>\n\n\n\n<p><strong>Rei\u00e4t:<\/strong> 18<\/p>\n\n\n\n<p><strong>Par:<\/strong> 72<\/p>\n\n\n\n<p><strong>Pituus:<\/strong> 6236 metri\u00e4<\/p>\n\n\n\n<p>Golf Livada Moravske Toplicen kentt\u00e4 sijaitsee l\u00e4mp\u00f6kylpyl\u00e4n vieress\u00e4. <strong>Terme 3000<\/strong>. Se on rakennettu kylpyl\u00e4vieraille, jotka voivat yhdist\u00e4\u00e4 rentouttavan lomansa golfiin. Siell\u00e4 on <strong>18 reik\u00e4\u00e4<\/strong>, driving range ja rattaat, joilla voi ajaa kent\u00e4n ymp\u00e4ri.<\/p>\n\n\n\n\n\n<p>Jos haluat yhdist\u00e4\u00e4 golfloman ja l\u00e4mp\u00f6rentoutuksen, t\u00e4m\u00e4 on Slovenian golfkentt\u00e4, jolla kannattaa vierailla.<\/p>\n\n\n\n<h2 class=\"wp-block-heading\" id=\"golf-mokrice\">7. Golf Grad Mokrice<\/h2>\n\n\n\n<p><strong>Rakennusvuosi: <\/strong>1944<\/p>\n\n\n\n<p><strong>Rei\u00e4t: <\/strong>18<\/p>\n\n\n\n<p><strong>Par: <\/strong>71<\/p>\n\n\n\n<p><strong>Pituus:<\/strong> 5785 metri\u00e4<\/p>\n\n\n\n<p>Vaikka Golf Grad Mokrice ei ehk\u00e4 ole Slovenian tunnetuin golfkentt\u00e4, siell\u00e4 on yksi Slovenian parhaista golfkentist\u00e4. <strong>vaativimmat rei\u00e4t<\/strong> t\u00e4ss\u00e4 osassa Eurooppaa. Niist\u00e4 <strong>18 kentt\u00e4\u00e4<\/strong>, 5. par-nelonen vie eniten voimia golfarilta.<\/p>\n\n\n\n\n\n<p>Kurssi ulottuu keskiaikaisen kaupungin muurien alapuolelle. <strong>Mokricen linna<\/strong> mets\u00e4n ymp\u00e4r\u00f6imill\u00e4 vihreill\u00e4 pelloilla. Jopa j\u00e4rvi toimii luonnollisena esteen\u00e4. Sill\u00e4 on yksi yht\u00e4l\u00e4isyys Royal Bledin kanssa - sen suunnittelija oli <strong>Donald Harradine<\/strong>.<\/p>\n\n\n\n<h3 class=\"wp-block-heading\">Vieraile Sloveniassa tulevalla golflomallasi!<\/h3>\n\n\n\n<p>Jos etsit t\u00e4ydellist\u00e4 paikkaa, jossa voit rentoutua golfloman aikana, <strong>Slovenia on paras valinta<\/strong>. N\u00e4m\u00e4 kent\u00e4t ovat vain j\u00e4\u00e4vuoren huippu, ja golfiin voi yhdist\u00e4\u00e4 paljon muitakin vapaa-ajan aktiviteetteja. Slovenia on loistava paikka rentoutua ja pelata samalla suosikkipeli\u00e4si.<\/p>\n\n\n\n<p>N\u00e4et, miten voimme auttaa sinua suunnittelemaan ihanteellisen Slovenian golflomasi vierailemalla meid\u00e4n <a href=\"https:\/\/golf-slovenia.com\/fi\/\">kotisivu<\/a>. Sen j\u00e4lkeen voit t\u00e4ytt\u00e4\u00e4 <a href=\"https:\/\/golf-slovenia.com\/fi\/kysely\/\">kyselylomake<\/a>, ja voimme alkaa varata teeaikoja!<\/p>","protected":false},"excerpt":{"rendered":"<p>Slovenia kehittyy r\u00e4j\u00e4hdysm\u00e4isesti golfmatkailukohteena. Sloveniassa on t\u00e4ll\u00e4 hetkell\u00e4 15 golfkentt\u00e4\u00e4, jotka kaikki pyrkiv\u00e4t jatkuvasti tarjoamaan asiakkailleen parasta mahdollista palvelua. Royal Bledin golfkentt\u00e4 p\u00e4\u00e4si jopa Manner-Euroopan 100 parhaan golfkent\u00e4n joukkoon, ja nelj\u00e4 muuta slovenialaista golfkentt\u00e4\u00e4 on ehdolla ... <a href=\"https:\/\/golf-slovenia.com\/fi\/7-parasta-slovenian-golfkenttia\/\">Jatkuu<\/a><\/p>","protected":false},"author":1,"featured_media":47,"parent":0,"menu_order":0,"comment_status":"closed","ping_status":"closed","template":"","meta":{"_acf_changed":false,"footnotes":""},"class_list":["post-300","page","type-page","status-publish","has-post-thumbnail","hentry"],"acf":{"page_subheading":"Learn all you need to know about best golf courses in Slovenia before planning your golf holidays and booking your tee times at these elite venues."},"_links":{"self":[{"href":"https:\/\/golf-slovenia.com\/fi\/wp-json\/wp\/v2\/pages\/300","targetHints":{"allow":["GET"]}}],"collection":[{"href":"https:\/\/golf-slovenia.com\/fi\/wp-json\/wp\/v2\/pages"}],"about":[{"href":"https:\/\/golf-slovenia.com\/fi\/wp-json\/wp\/v2\/types\/page"}],"author":[{"embeddable":true,"href":"https:\/\/golf-slovenia.com\/fi\/wp-json\/wp\/v2\/users\/1"}],"replies":[{"embeddable":true,"href":"https:\/\/golf-slovenia.com\/fi\/wp-json\/wp\/v2\/comments?post=300"}],"version-history":[{"count":20,"href":"https:\/\/golf-slovenia.com\/fi\/wp-json\/wp\/v2\/pages\/300\/revisions"}],"predecessor-version":[{"id":6493,"href":"https:\/\/golf-slovenia.com\/fi\/wp-json\/wp\/v2\/pages\/300\/revisions\/6493"}],"wp:featuredmedia":[{"embeddable":true,"href":"https:\/\/golf-slovenia.com\/fi\/wp-json\/wp\/v2\/media\/47"}],"wp:attachment":[{"href":"https:\/\/golf-slovenia.com\/fi\/wp-json\/wp\/v2\/media?parent=300"}],"curies":[{"name":"wp","href":"https:\/\/api.w.org\/{rel}","templated":true}]}}