{"id":20,"date":"2022-11-15T10:52:33","date_gmt":"2022-11-15T10:52:33","guid":{"rendered":"https:\/\/golf-slovenia.com\/partners\/"},"modified":"2022-11-19T18:17:37","modified_gmt":"2022-11-19T18:17:37","slug":"yhteistyokumppanit","status":"publish","type":"page","link":"https:\/\/golf-slovenia.com\/fi\/yhteistyokumppanit\/","title":{"rendered":"Kumppanit"},"content":{"rendered":"<p><strong><a href=\"https:\/\/slovenia-holidays.com\/\" target=\"_blank\" rel=\"noreferrer noopener\">SLOVENIA LOMA<\/a><\/strong><\/p>\n\n\n\n<p>Lomamatkojen laajin valikoima Sloveniassa. Aktiivi- ja seikkailupaketeista j\u00e4rjestettyihin matkoihin, joihin sis\u00e4ltyy ulkoilma-aktiviteetteja, perhelomista ja rennoista kaupunkilomista luksus- ja r\u00e4\u00e4t\u00e4l\u00f6ityihin lomiin. Olivatpa mieltymyksesi mitk\u00e4 tahansa, Slovenia Holidays tarjoaa sinulle parhaat opastetut ja omatoimiset matkat.<\/p>\n\n\n\n<p><strong><a href=\"https:\/\/slovenia-activites.com\/\" target=\"_blank\" rel=\"noreferrer noopener\">SLOVENIA TOIMINTA<\/a><\/strong><\/p>\n\n\n\n<p>Slovenia Activities avaa oven kaikkiin Slovenian parhaisiin kokemuksiin. Me varmistamme, ett\u00e4 nautit maamme poikkeuksellisista mahdollisuuksista t\u00e4ysill\u00e4. Olipa kyse sitten tietyst\u00e4 ulkoilma-aktiviteetista, kulinaarisesta matkasta tai rentouttavien harrastusten ja niiden j\u00e4nnitt\u00e4v\u00e4mpien vaihtoehtojen yhdistelm\u00e4st\u00e4 - seikkailu alkaa t\u00e4\u00e4lt\u00e4!&nbsp;&nbsp;<\/p>\n\n\n\n<p><strong><a href=\"https:\/\/day-trips-slovenia.com\/\" target=\"_blank\" rel=\"noreferrer noopener\">P\u00c4IV\u00c4RETKET SLOVENIA<\/a><\/strong><\/p>\n\n\n\n<p>Pienryhm\u00e4matkat ja yksityiset matkat Ljubljanasta, Bledist\u00e4, Koperista, Zagrebista ja Venetsiasta Slovenian parhaisiin paikkoihin yhdistettyn\u00e4 p\u00e4iv\u00e4retkiin naapurimaiden Kroatiaan ja Italiaan.<\/p>\n\n\n\n<p><strong><a href=\"https:\/\/fishing-guides-slovenia.com\/\" target=\"_blank\" rel=\"noreferrer noopener\">KALASTUSOPPAAT SLOVENIA<\/a><\/strong><\/p>\n\n\n\n<p>Unohtumaton kalastuskokemus (matka ja loma, v\u00e4linevuokraus) paikallisten kalastajien kanssa Slovenian kauniilla piilopaikoilla.<\/p>\n\n\n\n<p><strong><a href=\"https:\/\/wine-tours-slovenia.com\/\" target=\"_blank\" rel=\"noreferrer noopener\">VIINIMATKAT SLOVENIA<\/a><\/strong><\/p>\n\n\n\n<p>Viinikierrokset sopivat sek\u00e4 aloitteleville ett\u00e4 kokeneille viininmaistajille. Et tarvitse mit\u00e4\u00e4n ennakkotietoja. Ainoa asia, joka vaaditaan, on halu rentoutua, juoda viini\u00e4 ja rentoutua lis\u00e4\u00e4.<\/p>\n\n\n\n<p>Ei ole parempaa tapaa tutustua Slovenian rikkaaseen viininvalmistusperinteeseen omakohtaisesti, seurustella muiden matkailijoiden kanssa ja maistella luonnon antimia yhden p\u00e4iv\u00e4n aikana.<\/p>\n\n\n\n<p><strong><a href=\"https:\/\/biketourljubljana.com\/\" target=\"_blank\" rel=\"noreferrer noopener\">PY\u00d6R\u00c4RETKI LJUBLJANA<\/a><\/strong><\/p>\n\n\n\n<p>Rento, vilkas ja hauska tapa tutustua Ljubljanan kulisseihin ja rikkaaseen kulttuuriperint\u00f6\u00f6n. Kauniiden n\u00e4ht\u00e4vyyksien lis\u00e4ksi kerromme kiehtovia tarinoita menneisyydest\u00e4 sek\u00e4 kaupungin ajankohtaisista tapahtumista.<\/p>\n\n\n\n<p><a href=\"https:\/\/walking-holidays-slovenia.com\/\"><strong>K\u00c4VELYLOMAT SLOVENIASSA<\/strong><\/a><\/p>\n\n\n\n<p>K\u00e4velylomamme Sloveniassa on tarkoitettu niille, jotka nauttivat ulkoilusta ja tutustuvat Slovenian n\u00e4ht\u00e4vyyksiin, joihin ei p\u00e4\u00e4se autolla. Mukavista k\u00e4velyretkist\u00e4 koskemattomien jokien varrella aina seikkailunhaluisiin vaelluksiin vuoristossa.<\/p>\n\n\n\n<p><a href=\"https:\/\/huttohuthikingslovenia.com\/\"><strong>M\u00d6KILT\u00c4 M\u00d6KILLE VAELLUS SLOVENIASSA<\/strong><\/a><\/p>\n\n\n\n<p>Koe retkeilyn taika Slovenian vuoristossa sijaitsevien majojen v\u00e4lill\u00e4. Julian Alppien huippujen ja Triglavin kansallispuiston koskemattoman luonnon v\u00e4liss\u00e4 ei ole parempaa paikkaa her\u00e4t\u00e4 kuin auringonnousu vuoristossa.<\/p>\n\n\n\n<p><a href=\"https:\/\/triglavtours.com\/\"><strong>TRIGLAV TOURS<\/strong><\/a><\/p>\n\n\n\n<p>Valloita Julian Alppien korkein huippu ja Slovenian korkein vuori. Kokeneiden, ammattitaitoisten vuoristo-oppaidemme avulla Triglavin kiipe\u00e4minen ei ole koskaan ollut n\u00e4in nautinnollista ja turvallista.<\/p>\n\n\n\n<p><a href=\"https:\/\/slovenia-fly-fishing.com\/\"><strong>SLOVENIA PERHOKALASTUS<\/strong><\/a><\/p>\n\n\n\n<p>Slovenia on maa, joka on t\u00e4ynn\u00e4 erilaisia kalaisia jokia, jotka sijaitsevat erilaisissa maisemissa vuorten, tasankojen ja meren v\u00e4liss\u00e4. Asiantuntevien paikallisten kalastusoppaidemme avulla perhokalastuksesta Sloveniassa tulee unohtumaton kokemus.<\/p>\n\n\n\n<p><strong><a href=\"https:\/\/thebalkantours.com\/\">BALKANIN KIERTUE<\/a><\/strong><\/p>\n\n\n\n<p>Unohtumattomia lomamatkoja Balkanin maissa.<\/p>\n\n\n\n<p><strong><a href=\"https:\/\/shoreexcursionskoper.com\/\" target=\"_blank\" rel=\"noreferrer noopener\">RANTARETKET KOPER<\/a><\/strong><\/p>\n\n\n\n<p>Parhaat opastetut rantaretket Koperista ymp\u00e4ri Sloveniaa tutustumaan sen huippun\u00e4ht\u00e4vyyksiin ja piilotettuihin helmiin.<\/p>\n\n\n\n<p><strong><a href=\"https:\/\/hvarstagdo.com\/\" target=\"_blank\" rel=\"noreferrer noopener\">HVAR STAG DO<\/a><\/strong><\/p>\n\n\n\n<p>Paras paikka j\u00e4rjest\u00e4\u00e4 unohtumaton polttaritapahtuma Hvarin uskomattomalla saarella, jotta yst\u00e4v\u00e4si voi viett\u00e4\u00e4 muutaman viimeisen y\u00f6n juhlien merkeiss\u00e4 ennen kuin h\u00e4n solmii solmun.<\/p>\n\n\n\n<p><strong><a href=\"https:\/\/sloveniaprivatetours.com\/\" target=\"_blank\" rel=\"noreferrer noopener\">SLOVENIA YKSITYISET MATKAT<\/a><\/strong><\/p>\n\n\n\n<p>Slovenian yksityiset matkat ovat tilaisuus kokea maamme t\u00e4ysin stressitt\u00f6m\u00e4sti ja nauttia ammattitaitoisen paikallisen kuljettajan ja oppaan seurasta, joka n\u00e4ytt\u00e4\u00e4 sinulle, mist\u00e4 Sloveniassa on kyse.<\/p>","protected":false},"excerpt":{"rendered":"<p>LOMAT SLOVENIASSA Laajin valikoima lomia Sloveniassa. Aktiivi- ja seikkailupaketeista j\u00e4rjestettyihin matkoihin, joihin sis\u00e4ltyy ulkoilma-aktiviteetteja, perhelomista ja rennoista kaupunkilomista luksus- ja r\u00e4\u00e4t\u00e4l\u00f6ityihin lomiin. Olivatpa mieltymyksesi mitk\u00e4 tahansa, Slovenia Holidays tarjoaa sinulle parhaat opastetut ja omatoimiset matkat. SLOVENIA ACTIVITIES Slovenia Activities avaa oven .... <a href=\"https:\/\/golf-slovenia.com\/fi\/yhteistyokumppanit\/\">Jatkuu<\/a><\/p>","protected":false},"author":1,"featured_media":0,"parent":0,"menu_order":0,"comment_status":"open","ping_status":"open","template":"","meta":{"_acf_changed":false,"footnotes":""},"class_list":["post-20","page","type-page","status-publish","hentry"],"acf":{"page_subheading":"We are stronger together."},"_links":{"self":[{"href":"https:\/\/golf-slovenia.com\/fi\/wp-json\/wp\/v2\/pages\/20","targetHints":{"allow":["GET"]}}],"collection":[{"href":"https:\/\/golf-slovenia.com\/fi\/wp-json\/wp\/v2\/pages"}],"about":[{"href":"https:\/\/golf-slovenia.com\/fi\/wp-json\/wp\/v2\/types\/page"}],"author":[{"embeddable":true,"href":"https:\/\/golf-slovenia.com\/fi\/wp-json\/wp\/v2\/users\/1"}],"replies":[{"embeddable":true,"href":"https:\/\/golf-slovenia.com\/fi\/wp-json\/wp\/v2\/comments?post=20"}],"version-history":[{"count":1,"href":"https:\/\/golf-slovenia.com\/fi\/wp-json\/wp\/v2\/pages\/20\/revisions"}],"predecessor-version":[{"id":40,"href":"https:\/\/golf-slovenia.com\/fi\/wp-json\/wp\/v2\/pages\/20\/revisions\/40"}],"wp:attachment":[{"href":"https:\/\/golf-slovenia.com\/fi\/wp-json\/wp\/v2\/media?parent=20"}],"curies":[{"name":"wp","href":"https:\/\/api.w.org\/{rel}","templated":true}]}}