{"id":319,"date":"2022-12-09T09:05:49","date_gmt":"2022-12-09T09:05:49","guid":{"rendered":"https:\/\/golf-slovenia.com\/?page_id=319"},"modified":"2024-01-22T08:49:38","modified_gmt":"2024-01-22T08:49:38","slug":"acerca-de-nosotros","status":"publish","type":"page","link":"https:\/\/golf-slovenia.com\/es\/acerca-de-nosotros\/","title":{"rendered":"Qui\u00e9nes somos"},"content":{"rendered":"<p>Tengo una d\u00e9cada de experiencia en el sector tur\u00edstico en Eslovenia y en el extranjero, desde ayudar a los clientes a planificar sus vacaciones de lujo.<\/p>\n\n\n\n<p>Mi experiencia me ha dado la capacidad de entender a fondo lo que un cliente quiere, c\u00f3mo lo quiere y c\u00f3mo se sentir\u00e1 cuando lo reciba, un servicio de primera que s\u00f3lo unas pocas empresas pueden ofrecer.<\/p>\n\n\n\n<p>El mundo de las vacaciones de lujo se entrelaza estrechamente con el golf, y nuestra empresa pronto empez\u00f3 a ver el potencial de combinar escapadas extravagantes con este deporte. Cuando conocimos la evoluci\u00f3n del mundo del golf en Eslovenia, nos dimos cuenta de que nuestro pa\u00eds es una joya oculta que sigue sin explotarse.<\/p>\n\n\n\n<figure class=\"wp-block-image size-large\"><img loading=\"lazy\" decoding=\"async\" width=\"1024\" height=\"743\" src=\"https:\/\/golf-slovenia.com\/wp-content\/uploads\/golfslovenia1-1024x743.webp\" alt=\"Golf Eslovenia\" class=\"wp-image-94\" srcset=\"https:\/\/golf-slovenia.com\/wp-content\/uploads\/golfslovenia1-1024x743.webp 1024w, https:\/\/golf-slovenia.com\/wp-content\/uploads\/golfslovenia1-300x218.webp 300w, https:\/\/golf-slovenia.com\/wp-content\/uploads\/golfslovenia1-768x558.webp 768w, https:\/\/golf-slovenia.com\/wp-content\/uploads\/golfslovenia1-1536x1115.webp 1536w, https:\/\/golf-slovenia.com\/wp-content\/uploads\/golfslovenia1-18x12.webp 18w, https:\/\/golf-slovenia.com\/wp-content\/uploads\/golfslovenia1.webp 2000w\" sizes=\"auto, (max-width: 1024px) 100vw, 1024px\" \/><figcaption class=\"wp-element-caption\">Eslovenia es una joya oculta para los golfistas<\/figcaption><\/figure>\n\n\n\n<p>Esta es la historia de Golf Slovenia. Quer\u00edamos presentar nuestro peque\u00f1o e impresionante pa\u00eds a golfistas de todo el mundo ofreci\u00e9ndoles paquetes vacacionales inigualables.<\/p>\n\n\n\n<p>Eslovenia es una tierra de oportunidades y permite a los golfistas pasar unas vacaciones vers\u00e1tiles disfrutando de su juego favorito y combin\u00e1ndolo con otras actividades.<\/p>\n\n\n\n<p>Uno se pasa todo el tiempo explorando la arquitectura, la cocina y el arte del pa\u00eds, y le encantar\u00e1 el paisaje virgen con sus pintorescas monta\u00f1as, cascadas, cuevas y lagos.<\/p>\n\n\n\n<h2 class=\"wp-block-heading\">Servicio exclusivo para todos los golfistas<\/h2>\n\n\n\n<p>Queremos que viva la experiencia de su vida en sus pr\u00f3ximas vacaciones de golf. Nuestros viajes, planificados por expertos, est\u00e1n dise\u00f1ados para crear recuerdos duraderos a la vez que proporcionamos el mejor servicio de lujo. Nos esforzamos para que sus vacaciones de golf en Eslovenia sean lo m\u00e1s perfectas posible.<\/p>\n\n\n\n<figure class=\"wp-block-image size-large\"><img decoding=\"async\" src=\"https:\/\/golf-slovenia.com\/wp-content\/uploads\/Martuljek-mountains-s-1024x576.webp\" alt=\"Impresionante Eslovenia\" class=\"wp-image-146\"\/><figcaption class=\"wp-element-caption\">Impresionante Eslovenia<\/figcaption><\/figure>\n\n\n\n<p>Por ello, hemos decidido no planificar de antemano las vacaciones, ya que entendemos que cada golfista tiene sus preferencias. Teniendo esto en cuenta, hemos preparado una selecci\u00f3n minuciosamente estudiada de todos los ingredientes esenciales de unas vacaciones de golf. Despu\u00e9s, dise\u00f1amos un itinerario basado en la informaci\u00f3n que nos proporcione y nos ponemos en marcha para confeccionar su experiencia de golf personalizada.<\/p>\n\n\n\n<h2 class=\"wp-block-heading\">Vacaciones de golf personalizadas para todos<\/h2>\n\n\n\n<p>Siempre nos entusiasma trabajar directamente con usted para crear unas vacaciones a la medida de sus necesidades y deseos. Crearemos para usted una experiencia verdaderamente memorable. Una en la que nuestro toque personal se filtre por todas partes.<\/p>\n\n\n\n<p>Obtendr\u00e1 lo mejor de ambos mundos con un operador tur\u00edstico a peque\u00f1a escala que le ofrece atenci\u00f3n personalizada y el lujo y la selecci\u00f3n de una gran marca.<\/p>\n\n\n\n<p>Visite nuestro <a href=\"https:\/\/golf-slovenia.com\/es\/\">Golf Eslovenia<\/a> p\u00e1gina de inicio y lea c\u00f3mo podemos ayudarle a conseguir las vacaciones de su vida. Podemos ponernos manos a la obra en cuanto nos env\u00ede un <a href=\"https:\/\/golf-slovenia.com\/es\/consulta\/\">consulta<\/a>!<\/p>\n\n\n\n<p>Para una gama m\u00e1s amplia de escapadas de lujo, tambi\u00e9n puede consultar <a href=\"http:\/\/slovenialuxuryholidays.com\">Vacaciones de lujo en Eslovenia<\/a>. Y para hacerse una idea de todo lo que puede hacer en Eslovenia, consulte <a href=\"http:\/\/slovenia-holidays.com\">Vacaciones en Eslovenia<\/a> y <a href=\"http:\/\/sloveniatours.com\">Eslovenia Tours<\/a>.<\/p>\n\n\n\n<p>Puede consultar todos nuestros socios en <a href=\"http:\/\/slovenia-discovery.com\">Descubrir Eslovenia<\/a>.<\/p>","protected":false},"excerpt":{"rendered":"<p>Tengo una d\u00e9cada de experiencia en la industria del turismo en Eslovenia y en el extranjero, desde ayudar a los clientes a planificar sus vacaciones de lujo. Mi experiencia me ha dado la capacidad de entender a fondo lo que un cliente quiere, c\u00f3mo lo quiere y c\u00f3mo se sentir\u00e1 cuando lo reciba - un servicio de primera calidad que s\u00f3lo unos pocos... <a href=\"https:\/\/golf-slovenia.com\/es\/acerca-de-nosotros\/\">Contin\u00faa en<\/a><\/p>","protected":false},"author":1,"featured_media":92,"parent":0,"menu_order":0,"comment_status":"closed","ping_status":"closed","template":"","meta":{"_acf_changed":false,"footnotes":""},"class_list":["post-319","page","type-page","status-publish","has-post-thumbnail","hentry"],"acf":{"page_subheading":"Our team at Golf Slovenia lives and breathes its one goal \u2014 to present Slovenia as the uncut jewel of golf tourism to golfers from around the world."},"_links":{"self":[{"href":"https:\/\/golf-slovenia.com\/es\/wp-json\/wp\/v2\/pages\/319","targetHints":{"allow":["GET"]}}],"collection":[{"href":"https:\/\/golf-slovenia.com\/es\/wp-json\/wp\/v2\/pages"}],"about":[{"href":"https:\/\/golf-slovenia.com\/es\/wp-json\/wp\/v2\/types\/page"}],"author":[{"embeddable":true,"href":"https:\/\/golf-slovenia.com\/es\/wp-json\/wp\/v2\/users\/1"}],"replies":[{"embeddable":true,"href":"https:\/\/golf-slovenia.com\/es\/wp-json\/wp\/v2\/comments?post=319"}],"version-history":[{"count":25,"href":"https:\/\/golf-slovenia.com\/es\/wp-json\/wp\/v2\/pages\/319\/revisions"}],"predecessor-version":[{"id":11145,"href":"https:\/\/golf-slovenia.com\/es\/wp-json\/wp\/v2\/pages\/319\/revisions\/11145"}],"wp:featuredmedia":[{"embeddable":true,"href":"https:\/\/golf-slovenia.com\/es\/wp-json\/wp\/v2\/media\/92"}],"wp:attachment":[{"href":"https:\/\/golf-slovenia.com\/es\/wp-json\/wp\/v2\/media?parent=319"}],"curies":[{"name":"wp","href":"https:\/\/api.w.org\/{rel}","templated":true}]}}