{"id":300,"date":"2022-12-09T07:24:04","date_gmt":"2022-12-09T07:24:04","guid":{"rendered":"https:\/\/golf-slovenia.com\/?page_id=300"},"modified":"2023-11-10T12:33:20","modified_gmt":"2023-11-10T12:33:20","slug":"7-mejores-campos-de-golf-de-eslovenia","status":"publish","type":"page","link":"https:\/\/golf-slovenia.com\/es\/7-mejores-campos-de-golf-de-eslovenia\/","title":{"rendered":"Los 7 mejores campos de golf de Eslovenia"},"content":{"rendered":"<p>Eslovenia est\u00e1 evolucionando exponencialmente como destino de turismo de golf. Actualmente existen <strong>15 campos de golf<\/strong> en Eslovenia, todos ellos trabajando constantemente para ofrecer los mejores servicios a sus clientes.<\/p>\n\n\n\n<p>El campo de golf Royal Bled incluso <strong>entre los 100 mejores campos de golf<\/strong> de Europa continental, y otros cuatro campos de golf eslovenos han sido considerados para la lista entre los m\u00e1s de 7000 europeos.<\/p>\n\n\n\n<p>Hemos preparado un resumen de todos los <strong>Lugares de visita obligada en Eslovenia<\/strong>Cada uno de ellos ofrece una experiencia de golf \u00fanica y de primera calidad.<\/p>\n\n\n\n<h2 class=\"wp-block-heading\" id=\"royal-bled-golf\">1. Royal Bled Golf<\/h2>\n\n\n\n<p><strong>A\u00f1o de construcci\u00f3n: <\/strong>1937<\/p>\n\n\n\n<p><strong>Agujeros: <\/strong>18 (+9)<\/p>\n\n\n\n<p><strong>Par: <\/strong>72<\/p>\n\n\n\n<p><strong>Longitud: <\/strong>6563 metros<\/p>\n\n\n\n<p>El campo de golf Royal Bled es el <strong>buque insignia del golf esloveno<\/strong> y va camino de convertirse en uno de los locales m\u00e1s exclusivos de Europa. Como el <strong>El campo de golf m\u00e1s antiguo de Eslovenia<\/strong>sus inicios se remontan a <strong>1937<\/strong>aunque en 1972 fue redise\u00f1ado y renovado a fondo por el famoso arquitecto de golf <strong>Donald Harradine<\/strong>.<\/p>\n\n\n\n\n\n<p>En <strong>Campo del Rey de 18 hoyos<\/strong> es el mayor de Eslovenia y est\u00e1 acompa\u00f1ado por el <strong>Lago de 9 hoyos<\/strong>Con zonas de chipping, putting greens, campos compactos y un campo de pr\u00e1cticas. Las instalaciones incluyen un restaurante, taquillas, buggies y alquiler de todo el equipo esencial.<\/p>\n\n\n\n<p>Aunque los campos est\u00e1n rodeados de imponentes picos del <strong>Alpes julianos<\/strong> y <strong>Karawanks<\/strong>No son especialmente accidentados. Decorado por la serenidad absoluta y el contacto relajante con la naturaleza, Royal Bled es uno de los campos de golf m\u00e1s espl\u00e9ndidos de Europa y una visita obligada para cualquier golfista \u00e1vido.<\/p>\n\n\n\n<p>Y <strong>Lago Bled<\/strong> est\u00e1 a la vuelta de la esquina, con las enormes murallas del castillo de Bled asomando por encima, un espect\u00e1culo que no debe perderse.<\/p>\n\n\n\n<h2 class=\"wp-block-heading\" id=\"golf-arboretum\">2. Golf Arboretum<\/h2>\n\n\n\n<p><strong>A\u00f1o de construcci\u00f3n: <\/strong>1998<\/p>\n\n\n\n<p><strong>Agujeros: <\/strong>18<\/p>\n\n\n\n<p><strong>Par: <\/strong>71<\/p>\n\n\n\n<p><strong>Longitud: <\/strong>4985 metros<\/p>\n\n\n\n<p>Situado en medio de un bosque de pinos, el Golf Arboretum presenta un <strong>18 hoyos<\/strong> disfrute a sus visitantes. No muy lejos se encuentra el jard\u00edn bot\u00e1nico m\u00e1s visitado de Eslovenia, <strong>Arboreto Vol\u010dji Potok<\/strong>. Y justo por encima de las copas de los \u00e1rboles, se puede vislumbrar el imponente <strong>Alpes de Kamnik-Savinja<\/strong>.<\/p>\n\n\n\n\n\n<p>En <strong>5,4 kil\u00f3metros<\/strong>El local cuenta con un <strong>par de 77<\/strong> y cuenta con un campo de pr\u00e1cticas, una zona de chipping y un recorrido compacto. Al ser uno de los campos de golf m\u00e1s nuevos de Eslovenia, sigue sufriendo una o dos modificaciones cada a\u00f1o para ofrecer una experiencia de golf a\u00fan mejor.<\/p>\n\n\n\n<h2 class=\"wp-block-heading\" id=\"golf-grad-otocec\">3. Golf Grad Oto\u010dec<\/h2>\n\n\n\n<p><strong>A\u00f1o de construcci\u00f3n: <\/strong>2005<\/p>\n\n\n\n<p><strong>Agujeros: <\/strong>18<\/p>\n\n\n\n<p><strong>Par: <\/strong>72<\/p>\n\n\n\n<p><strong>Longitud: <\/strong>6189 metros<\/p>\n\n\n\n<p>Extendi\u00e9ndose junto al <strong>R\u00edo Krka<\/strong>, el campo de golf de Grad Oto\u010dec es la incorporaci\u00f3n m\u00e1s reciente a la esfera golf\u00edstica eslovena. El paisaje ondulado sobre el que se asienta est\u00e1 rodeado por un bosque, lo que proporciona a los golfistas tranquilidad y aislamiento.<\/p>\n\n\n\n\n\n<p>Existen <strong>18 hoyos<\/strong> en el campo, que se encuentra a un kil\u00f3metro del <strong>Hotel Castillo de Oto\u010dec<\/strong> - un castillo medieval convertido en <strong>Hotel de 5 estrellas<\/strong> y alojamiento adecuado para los golfistas visitantes. Caminar puede ser relativamente agotador en los d\u00edas calurosos, por lo que los jugadores pueden utilizar buggies para llegar a los campos de pr\u00e1cticas y putting greens.<\/p>\n\n\n\n<h2 class=\"wp-block-heading\" id=\"golf-ptuj\">4. Golf Ptuj<\/h2>\n\n\n\n<p><strong>A\u00f1o de construcci\u00f3n: <\/strong>1992<\/p>\n\n\n\n<p><strong>Agujeros: <\/strong>18<\/p>\n\n\n\n<p><strong>Par: <\/strong>71<\/p>\n\n\n\n<p><strong>Longitud:<\/strong> 5727 metros<\/p>\n\n\n\n<p>Al igual que el Golf Grad Oto\u010dec, el campo de Golf Ptuj est\u00e1 situado junto a un r\u00edo y cerca de un castillo. <strong>R\u00edo Drava<\/strong> y <strong>Castillo de Ptuj<\/strong>. Situado en medio de una vasta llanura, se pueden ver kil\u00f3metros en todas direcciones.<\/p>\n\n\n\n\n\n<p>Este lugar ha sido considerado a menudo el campo de golf mejor organizado de Eslovenia. Su <strong>18 hoyos<\/strong> se sabe que esconden muchas trampas y presentan obst\u00e1culos acu\u00e1ticos en los que la precisi\u00f3n triunfa sobre la fuerza.&nbsp;<\/p>\n\n\n\n<h2 class=\"wp-block-heading\" id=\"cubo-golf-ljubljana\">5. Cubo Golf Liubliana<\/h2>\n\n\n\n<p><strong>A\u00f1o de construcci\u00f3n: <\/strong>2008<\/p>\n\n\n\n<p><strong>Agujeros: <\/strong>18<\/p>\n\n\n\n<p><strong>Par: <\/strong>72<\/p>\n\n\n\n<p><strong>Longitud: <\/strong>5872 metros<\/p>\n\n\n\n<p>Un simple <strong>15 minutos<\/strong> es suficiente para llegar desde el centro de Liubliana hasta el campo Cubo Golf Ljubljana. Equipado con <strong>tecnolog\u00eda moderna<\/strong>permite <strong>golpes nocturnos<\/strong> y cuenta con calles abiertas, lo que hace que se pierdan menos bolas.<\/p>\n\n\n\n\n\n<p>El curso cuenta con <strong>18 hoyos<\/strong>Incluye seis pares tres, seis pares cuatro y seis pares cinco. Dispone de campo de pr\u00e1cticas, zona de chipping, putting green y campo compacto. Despu\u00e9s de un d\u00eda lanzando bolas, podr\u00e1 sentarse a comer en el <strong>Restaurante Cubo<\/strong>.<\/p>\n\n\n\n<h2 class=\"wp-block-heading\" id=\"golf-livada\">6. Golf Livada Moravske Toplice<\/h2>\n\n\n\n<p><strong>A\u00f1o de construcci\u00f3n: <\/strong>1998<\/p>\n\n\n\n<p><strong>Agujeros:<\/strong> 18<\/p>\n\n\n\n<p><strong>Par:<\/strong> 72<\/p>\n\n\n\n<p><strong>Longitud:<\/strong> 6236 metros<\/p>\n\n\n\n<p>El campo de golf Livada Moravske Toplice est\u00e1 situado junto al balneario termal <strong>Termas 3000<\/strong>. Se construy\u00f3 para que los visitantes del balneario combinaran sus relajantes vacaciones con el golf. Hay <strong>18 hoyos<\/strong>Un campo de pr\u00e1cticas y buggies disponibles para recorrer el campo.<\/p>\n\n\n\n\n\n<p>Si desea combinar su escapada de golf con la relajaci\u00f3n termal, este es el campo de golf de Eslovenia que debe visitar.<\/p>\n\n\n\n<h2 class=\"wp-block-heading\" id=\"golf-mokrice\">7. Golf Grad Mokrice<\/h2>\n\n\n\n<p><strong>A\u00f1o de construcci\u00f3n: <\/strong>1944<\/p>\n\n\n\n<p><strong>Agujeros: <\/strong>18<\/p>\n\n\n\n<p><strong>Par: <\/strong>71<\/p>\n\n\n\n<p><strong>Longitud:<\/strong> 5785 metros<\/p>\n\n\n\n<p>Aunque puede que no sea el campo de golf m\u00e1s conocido de Eslovenia, el Golf Grad Mokrice cuenta con uno de los mejores campos de golf del mundo. <strong>agujeros m\u00e1s exigentes<\/strong> en esta parte de Europa. Entre los <strong>18 campos<\/strong>, el 5\u00ba par cuatro es el que m\u00e1s se le resiste a cualquier golfista.<\/p>\n\n\n\n\n\n<p>El recorrido se extiende bajo las murallas de la <strong>Castillo de Mokrice<\/strong> a trav\u00e9s de campos verdes rodeados de bosque. Incluso un lago sirve de obst\u00e1culo natural. Comparte una similitud con Royal Bled: su dise\u00f1ador fue <strong>Donald Harradine<\/strong>.<\/p>\n\n\n\n<h3 class=\"wp-block-heading\">Visite Eslovenia en sus pr\u00f3ximas vacaciones de golf<\/h3>\n\n\n\n<p>Si busca el lugar perfecto para relajarse en unas vacaciones de golf, <strong>Eslovenia es su mejor opci\u00f3n<\/strong>. Estos campos son s\u00f3lo la punta del iceberg, y hay muchas otras actividades de ocio que puede combinar con el golf. Eslovenia es un lugar ideal para relajarse jugando a su deporte favorito.<\/p>\n\n\n\n<p>Ver\u00e1 c\u00f3mo podemos ayudarle a dise\u00f1ar sus vacaciones de golf ideales en Eslovenia visitando nuestro <a href=\"https:\/\/golf-slovenia.com\/es\/\">p\u00e1gina de inicio<\/a>. Despu\u00e9s, puede rellenar nuestro <a href=\"https:\/\/golf-slovenia.com\/es\/consulta\/\">formulario de consulta<\/a>y podremos empezar a reservar sus salidas.<\/p>","protected":false},"excerpt":{"rendered":"<p>Eslovenia est\u00e1 evolucionando exponencialmente como destino de turismo de golf. Actualmente hay 15 campos de golf en Eslovenia, todos ellos trabajando constantemente para ofrecer los mejores servicios a sus clientes. El campo de golf Royal Bled lleg\u00f3 incluso a figurar entre los 100 mejores campos de golf de Europa continental, y otros cuatro campos de golf eslovenos est\u00e1n siendo considerados para el... <a href=\"https:\/\/golf-slovenia.com\/es\/7-mejores-campos-de-golf-de-eslovenia\/\">Contin\u00faa en<\/a><\/p>","protected":false},"author":1,"featured_media":47,"parent":0,"menu_order":0,"comment_status":"closed","ping_status":"closed","template":"","meta":{"_acf_changed":false,"footnotes":""},"class_list":["post-300","page","type-page","status-publish","has-post-thumbnail","hentry"],"acf":{"page_subheading":"Learn all you need to know about best golf courses in Slovenia before planning your golf holidays and booking your tee times at these elite venues."},"_links":{"self":[{"href":"https:\/\/golf-slovenia.com\/es\/wp-json\/wp\/v2\/pages\/300","targetHints":{"allow":["GET"]}}],"collection":[{"href":"https:\/\/golf-slovenia.com\/es\/wp-json\/wp\/v2\/pages"}],"about":[{"href":"https:\/\/golf-slovenia.com\/es\/wp-json\/wp\/v2\/types\/page"}],"author":[{"embeddable":true,"href":"https:\/\/golf-slovenia.com\/es\/wp-json\/wp\/v2\/users\/1"}],"replies":[{"embeddable":true,"href":"https:\/\/golf-slovenia.com\/es\/wp-json\/wp\/v2\/comments?post=300"}],"version-history":[{"count":20,"href":"https:\/\/golf-slovenia.com\/es\/wp-json\/wp\/v2\/pages\/300\/revisions"}],"predecessor-version":[{"id":6493,"href":"https:\/\/golf-slovenia.com\/es\/wp-json\/wp\/v2\/pages\/300\/revisions\/6493"}],"wp:featuredmedia":[{"embeddable":true,"href":"https:\/\/golf-slovenia.com\/es\/wp-json\/wp\/v2\/media\/47"}],"wp:attachment":[{"href":"https:\/\/golf-slovenia.com\/es\/wp-json\/wp\/v2\/media?parent=300"}],"curies":[{"name":"wp","href":"https:\/\/api.w.org\/{rel}","templated":true}]}}