{"id":319,"date":"2022-12-09T09:05:49","date_gmt":"2022-12-09T09:05:49","guid":{"rendered":"https:\/\/golf-slovenia.com\/?page_id=319"},"modified":"2024-01-22T08:49:38","modified_gmt":"2024-01-22T08:49:38","slug":"uber-uns","status":"publish","type":"page","link":"https:\/\/golf-slovenia.com\/de\/uber-uns\/","title":{"rendered":"\u00dcber uns"},"content":{"rendered":"<p>Ich verf\u00fcge \u00fcber eine jahrzehntelange Erfahrung in der Tourismusbranche in Slowenien und im Ausland, indem ich Kunden bei der Planung ihres Luxusurlaubs geholfen habe.<\/p>\n\n\n\n<p>Meine Erfahrung hat mich in die Lage versetzt, genau zu verstehen, was ein Kunde will, wie er es will und wie er sich f\u00fchlen wird, wenn er es erh\u00e4lt - ein erstklassiger Service, den nur wenige Unternehmen bieten k\u00f6nnen.<\/p>\n\n\n\n<p>Die Welt des Luxusurlaubs ist eng mit dem Golfsport verwoben, und unser Unternehmen erkannte bald das Potenzial, extravagante Reisen mit diesem Sport zu verbinden. Als wir die sich entwickelnde Welt des Golfsports in Slowenien kennenlernten, wurde uns klar, dass unser Land ein verstecktes Juwel ist, das noch nicht erschlossen wurde.<\/p>\n\n\n\n<figure class=\"wp-block-image size-large\"><img loading=\"lazy\" decoding=\"async\" width=\"1024\" height=\"743\" src=\"https:\/\/golf-slovenia.com\/wp-content\/uploads\/golfslovenia1-1024x743.webp\" alt=\"Golf Slowenien\" class=\"wp-image-94\" srcset=\"https:\/\/golf-slovenia.com\/wp-content\/uploads\/golfslovenia1-1024x743.webp 1024w, https:\/\/golf-slovenia.com\/wp-content\/uploads\/golfslovenia1-300x218.webp 300w, https:\/\/golf-slovenia.com\/wp-content\/uploads\/golfslovenia1-768x558.webp 768w, https:\/\/golf-slovenia.com\/wp-content\/uploads\/golfslovenia1-1536x1115.webp 1536w, https:\/\/golf-slovenia.com\/wp-content\/uploads\/golfslovenia1-18x12.webp 18w, https:\/\/golf-slovenia.com\/wp-content\/uploads\/golfslovenia1.webp 2000w\" sizes=\"auto, (max-width: 1024px) 100vw, 1024px\" \/><figcaption class=\"wp-element-caption\">Slowenien ist ein verstecktes Juwel f\u00fcr Golfer<\/figcaption><\/figure>\n\n\n\n<p>Und das ist die Geschichte von Golf Slowenien. Wir wollten unser atemberaubendes kleines Land Golfspielern aus der ganzen Welt vorstellen, indem wir ihnen unvergleichliche Urlaubspakete anbieten.<\/p>\n\n\n\n<p>Slowenien ist ein Land der M\u00f6glichkeiten und bietet Golfern die M\u00f6glichkeit, einen vielseitigen Urlaub zu verbringen, indem sie ihr Lieblingsspiel mit anderen Aktivit\u00e4ten kombinieren.<\/p>\n\n\n\n<p>Man verbringt seine ganze Zeit damit, die Architektur, die K\u00fcche und die Kunst des Landes zu erkunden - und man wird die unber\u00fchrte Landschaft mit ihren malerischen Bergen, Wasserf\u00e4llen, H\u00f6hlen und Seen lieben.<\/p>\n\n\n\n<h2 class=\"wp-block-heading\">Exklusiver Service f\u00fcr jeden Golfer<\/h2>\n\n\n\n<p>Wir m\u00f6chten, dass Sie bei Ihrem n\u00e4chsten Golfurlaub die Erfahrung Ihres Lebens machen. Unsere fachm\u00e4nnisch geplanten Reisen sind so konzipiert, dass sie bleibende Erinnerungen schaffen und gleichzeitig den besten Luxus-Service bieten. Wir bem\u00fchen uns, Ihren Golfurlaub in Slowenien so perfekt wie m\u00f6glich zu gestalten.<\/p>\n\n\n\n<figure class=\"wp-block-image size-large\"><img decoding=\"async\" src=\"https:\/\/golf-slovenia.com\/wp-content\/uploads\/Martuljek-mountains-s-1024x576.webp\" alt=\"Atemberaubendes Slowenien\" class=\"wp-image-146\"\/><figcaption class=\"wp-element-caption\">Atemberaubendes Slowenien<\/figcaption><\/figure>\n\n\n\n<p>Deshalb haben wir uns gegen eine Vorausplanung der Ferien entschieden, da wir wissen, dass jeder Golfer seine eigenen Vorlieben hat. Aus diesem Grund haben wir eine sorgf\u00e4ltig durchdachte Auswahl aller wesentlichen Bestandteile eines Golfurlaubs zusammengestellt. Danach erstellen wir auf der Grundlage der von Ihnen bereitgestellten Informationen eine Reiseroute und machen uns auf den Weg, Ihr pers\u00f6nliches Golferlebnis zusammenzustellen.<\/p>\n\n\n\n<h2 class=\"wp-block-heading\">Personalisierter Golfurlaub f\u00fcr alle<\/h2>\n\n\n\n<p>Wir arbeiten gerne direkt mit Ihnen zusammen, um einen auf Ihre Bed\u00fcrfnisse und W\u00fcnsche zugeschnittenen Urlaub zu gestalten. Wir werden f\u00fcr Sie ein wirklich unvergessliches Erlebnis schaffen. Eines, in dem unsere pers\u00f6nliche Note durchdringt.<\/p>\n\n\n\n<p>Mit einem kleinen Reiseveranstalter, der Ihnen die pers\u00f6nliche Betreuung und den Luxus und die Auswahl einer gro\u00dfen Marke bietet, erhalten Sie das Beste aus beiden Welten.<\/p>\n\n\n\n<p>Besuchen Sie unser <a href=\"https:\/\/golf-slovenia.com\/de\/\">Golf Slowenien<\/a> Homepage und lesen Sie, wie wir Ihnen helfen k\u00f6nnen, den Urlaub Ihres Lebens zu erleben. Wir k\u00f6nnen sofort loslegen, sobald Sie uns eine <a href=\"https:\/\/golf-slovenia.com\/de\/anfrage\/\">Anfrage<\/a>!<\/p>\n\n\n\n<p>F\u00fcr ein breiteres Spektrum an luxuri\u00f6sen Ausfl\u00fcgen k\u00f6nnen Sie sich auch unter <a href=\"http:\/\/slovenialuxuryholidays.com\">Slowenien Luxusurlaub<\/a>. Und um eine Vorstellung davon zu bekommen, was Sie in Slowenien alles unternehmen k\u00f6nnen, besuchen Sie <a href=\"http:\/\/slovenia-holidays.com\">Slowenien Ferien<\/a> und <a href=\"http:\/\/sloveniatours.com\">Slowenien Touren<\/a>.<\/p>\n\n\n\n<p>Alle unsere Partner finden Sie unter <a href=\"http:\/\/slovenia-discovery.com\">Slowenien Entdeckung<\/a>.<\/p>","protected":false},"excerpt":{"rendered":"<p>Ich verf\u00fcge \u00fcber eine jahrzehntelange Erfahrung in der Tourismusbranche in Slowenien und im Ausland, indem ich Kunden bei der Planung ihres Luxusurlaubs geholfen habe. Meine Erfahrung hat mir die F\u00e4higkeit gegeben, genau zu verstehen, was ein Kunde will, wie er es will und wie er sich f\u00fchlen wird, wenn er es bekommt - ein Premium-Service, den nur wenige ... <a href=\"https:\/\/golf-slovenia.com\/de\/uber-uns\/\">Fortsetzung<\/a><\/p>","protected":false},"author":1,"featured_media":92,"parent":0,"menu_order":0,"comment_status":"closed","ping_status":"closed","template":"","meta":{"_acf_changed":false,"footnotes":""},"class_list":["post-319","page","type-page","status-publish","has-post-thumbnail","hentry"],"acf":{"page_subheading":"Our team at Golf Slovenia lives and breathes its one goal \u2014 to present Slovenia as the uncut jewel of golf tourism to golfers from around the world."},"_links":{"self":[{"href":"https:\/\/golf-slovenia.com\/de\/wp-json\/wp\/v2\/pages\/319","targetHints":{"allow":["GET"]}}],"collection":[{"href":"https:\/\/golf-slovenia.com\/de\/wp-json\/wp\/v2\/pages"}],"about":[{"href":"https:\/\/golf-slovenia.com\/de\/wp-json\/wp\/v2\/types\/page"}],"author":[{"embeddable":true,"href":"https:\/\/golf-slovenia.com\/de\/wp-json\/wp\/v2\/users\/1"}],"replies":[{"embeddable":true,"href":"https:\/\/golf-slovenia.com\/de\/wp-json\/wp\/v2\/comments?post=319"}],"version-history":[{"count":25,"href":"https:\/\/golf-slovenia.com\/de\/wp-json\/wp\/v2\/pages\/319\/revisions"}],"predecessor-version":[{"id":11145,"href":"https:\/\/golf-slovenia.com\/de\/wp-json\/wp\/v2\/pages\/319\/revisions\/11145"}],"wp:featuredmedia":[{"embeddable":true,"href":"https:\/\/golf-slovenia.com\/de\/wp-json\/wp\/v2\/media\/92"}],"wp:attachment":[{"href":"https:\/\/golf-slovenia.com\/de\/wp-json\/wp\/v2\/media?parent=319"}],"curies":[{"name":"wp","href":"https:\/\/api.w.org\/{rel}","templated":true}]}}