{"id":300,"date":"2022-12-09T07:24:04","date_gmt":"2022-12-09T07:24:04","guid":{"rendered":"https:\/\/golf-slovenia.com\/?page_id=300"},"modified":"2023-11-10T12:33:20","modified_gmt":"2023-11-10T12:33:20","slug":"7-beste-golfplatze-in-slowenien","status":"publish","type":"page","link":"https:\/\/golf-slovenia.com\/de\/7-beste-golfplatze-in-slowenien\/","title":{"rendered":"Die 7 besten Golfpl\u00e4tze in Slowenien"},"content":{"rendered":"<p>Slowenien entwickelt sich exponentiell als Ziel f\u00fcr den Golftourismus. Derzeit gibt es <strong>15 Golfpl\u00e4tze<\/strong> in Slowenien, die alle st\u00e4ndig daran arbeiten, ihren Kunden die besten Dienstleistungen zu bieten.<\/p>\n\n\n\n<p>Der Golfplatz Royal Bled hat es sogar in die <strong>unter den 100 besten Golfpl\u00e4tzen<\/strong> in Kontinentaleuropa, wobei vier weitere slowenische Golfpl\u00e4tze in die Liste der \u00fcber 7000 europ\u00e4ischen Pl\u00e4tze aufgenommen wurden.<\/p>\n\n\n\n<p>Wir haben eine \u00dcbersicht \u00fcber alle <strong>Orte, die man in Slowenien unbedingt besuchen muss<\/strong>Jeder dieser Pl\u00e4tze bietet ein einzigartiges und erstklassiges Golferlebnis.<\/p>\n\n\n\n<h2 class=\"wp-block-heading\" id=\"royal-bled-golf\">1. Royal Bled Golf<\/h2>\n\n\n\n<p><strong>Baujahr: <\/strong>1937<\/p>\n\n\n\n<p><strong>L\u00f6cher: <\/strong>18 (+9)<\/p>\n\n\n\n<p><strong>Par: <\/strong>72<\/p>\n\n\n\n<p><strong>L\u00e4nge: <\/strong>6563 Meter<\/p>\n\n\n\n<p>Der Golfplatz Royal Bled ist der <strong>Aush\u00e4ngeschild des slowenischen Golfsports<\/strong> und ist auf dem Weg, einer der exklusivsten Veranstaltungsorte in Europa zu werden. Als das <strong>\u00e4ltester Golfplatz in Slowenien<\/strong>Seine Anf\u00e4nge reichen zur\u00fcck bis in die <strong>1937<\/strong>obwohl er 1972 von dem ber\u00fchmten Golfarchitekten <strong>Donald Harradine<\/strong>.<\/p>\n\n\n\n\n\n<p>Die <strong>18-Loch-King's-Platz<\/strong> ist die gr\u00f6\u00dfte in Slowenien und wird begleitet von der <strong>9-Loch-Seeplatz<\/strong>mit Chipping-Areas, Putting-Greens, Kompaktbahnen und einer Driving Range. Zu den Einrichtungen geh\u00f6ren ein Restaurant, Schlie\u00dff\u00e4cher, Buggys und ein Verleih f\u00fcr alle wichtigen Ausr\u00fcstungsgegenst\u00e4nde.<\/p>\n\n\n\n<p>Obwohl die Pl\u00e4tze von den hohen Gipfeln der <strong>Julische Alpen<\/strong> und <strong>Karawanken<\/strong>Sie sind nicht besonders h\u00fcgelig. Royal Bled ist einer der sch\u00f6nsten Golfpl\u00e4tze in Europa und ein Muss f\u00fcr jeden begeisterten Golfer, denn er ist von absoluter Ruhe und Naturverbundenheit gepr\u00e4gt.<\/p>\n\n\n\n<p>Und <strong>Bleder See<\/strong> liegt gleich um die Ecke und wird von den m\u00e4chtigen Mauern der Burg von Bled \u00fcberragt - ein Anblick, den man nicht verpassen sollte.<\/p>\n\n\n\n<h2 class=\"wp-block-heading\" id=\"golf-arboretum\">2. Golf Arboretum<\/h2>\n\n\n\n<p><strong>Baujahr: <\/strong>1998<\/p>\n\n\n\n<p><strong>L\u00f6cher: <\/strong>18<\/p>\n\n\n\n<p><strong>Par: <\/strong>71<\/p>\n\n\n\n<p><strong>L\u00e4nge: <\/strong>4985 Meter<\/p>\n\n\n\n<p>Das inmitten eines Kiefernwaldes gelegene Golf Arboretum bietet eine <strong>18-Loch<\/strong> seine Besucher zu erfreuen. Nicht weit entfernt befindet sich der meistbesuchte botanische Garten Sloweniens, <strong>Arboretum Vol\u010dji Potok<\/strong>. Und knapp \u00fcber den Baumwipfeln k\u00f6nnen Sie einen Blick auf den hoch aufragenden <strong>Kamnik-Savinja-Alpen<\/strong>.<\/p>\n\n\n\n\n\n<p>Unter <strong>5,4 Kilometer<\/strong>hat der Veranstaltungsort ein <strong>Par von 77<\/strong> und verf\u00fcgt \u00fcber eine Driving Range, einen Chipping-Bereich und einen Kompaktplatz. Als einer der neuesten Golfpl\u00e4tze in Slowenien wird er jedes Jahr noch ein oder zwei \u00c4nderungen unterzogen, um ein noch besseres Golferlebnis zu bieten.<\/p>\n\n\n\n<h2 class=\"wp-block-heading\" id=\"golf-grad-otocec\">3. Golf Grad Oto\u010dec<\/h2>\n\n\n\n<p><strong>Baujahr: <\/strong>2005<\/p>\n\n\n\n<p><strong>L\u00f6cher: <\/strong>18<\/p>\n\n\n\n<p><strong>Par: <\/strong>72<\/p>\n\n\n\n<p><strong>L\u00e4nge: <\/strong>6189 Meter<\/p>\n\n\n\n<p>Die Ausdehnung entlang der <strong>Fluss Krka<\/strong>Der Golfplatz Grad Oto\u010dec ist das j\u00fcngste Mitglied der slowenischen Golfszene. Die h\u00fcgelige Landschaft, in der er liegt, ist von einem Wald umgeben und bietet den Golfern Ruhe und Abgeschiedenheit.<\/p>\n\n\n\n\n\n<p>Es gibt <strong>18 L\u00f6cher<\/strong> auf dem Platz, der einen knappen Kilometer von der <strong>Hotel Schloss Oto\u010dec<\/strong> - eine mittelalterliche Burg, die in ein <strong>5-Sterne-Hotel<\/strong> und eine passende Unterkunft f\u00fcr die Golfer, die zu Besuch kommen. An hei\u00dfen Tagen kann das Gehen relativ anstrengend sein, daher k\u00f6nnen die Spieler Buggys benutzen, um die Driving Ranges und Putting Greens zu erreichen.<\/p>\n\n\n\n<h2 class=\"wp-block-heading\" id=\"golf-ptuj\">4. Golf Ptuj<\/h2>\n\n\n\n<p><strong>Baujahr: <\/strong>1992<\/p>\n\n\n\n<p><strong>L\u00f6cher: <\/strong>18<\/p>\n\n\n\n<p><strong>Par: <\/strong>71<\/p>\n\n\n\n<p><strong>L\u00e4nge:<\/strong> 5727 Meter<\/p>\n\n\n\n<p>\u00c4hnlich wie Golf Grad Oto\u010dec liegt der Golfplatz von Ptuj an einem Fluss und in der N\u00e4he einer Burg. <strong>Drau<\/strong> und <strong>Schloss Ptuj<\/strong>. Inmitten einer weiten Ebene gelegen, kann man kilometerweit in alle Richtungen sehen.<\/p>\n\n\n\n\n\n<p>Der Platz wird oft als der am besten gestaltete Golfplatz in Slowenien bezeichnet. Sein <strong>18 L\u00f6cher<\/strong> sind daf\u00fcr bekannt, dass sie viele Fallen verstecken und Wasserhindernisse aufweisen, bei denen Pr\u00e4zision St\u00e4rke \u00fcbertrifft.&nbsp;<\/p>\n\n\n\n<h2 class=\"wp-block-heading\" id=\"cubo-golf-ljubljana\">5. Cubo Golf Ljubljana<\/h2>\n\n\n\n<p><strong>Baujahr: <\/strong>2008<\/p>\n\n\n\n<p><strong>L\u00f6cher: <\/strong>18<\/p>\n\n\n\n<p><strong>Par: <\/strong>72<\/p>\n\n\n\n<p><strong>L\u00e4nge: <\/strong>5872 Meter<\/p>\n\n\n\n<p>Eine blo\u00dfe <strong>15-min\u00fctig<\/strong> Autofahrt reicht aus, um vom Zentrum Ljubljanas zum Cubo Golf Ljubljana zu gelangen. Ausgestattet mit <strong>moderne Technologie<\/strong>erm\u00f6glicht es <strong>N\u00e4chtliche Schl\u00e4ge<\/strong> und zeichnet sich durch offene Fairways aus, was zu weniger Ballverlusten f\u00fchrt.<\/p>\n\n\n\n\n\n<p>Der Kurs hat <strong>18 L\u00f6cher<\/strong>mit sechs Par-Drei-, sechs Par-Vier- und sechs Par-F\u00fcnf-Pl\u00e4tzen. Er verf\u00fcgt \u00fcber eine Driving Range, einen Chipping-Bereich, ein Putting Green und einen Kompaktkurs. Nach einem Tag, an dem Sie die B\u00e4lle weggeschlagen haben, k\u00f6nnen Sie sich f\u00fcr eine Mahlzeit in der <strong>Restaurant Cubo<\/strong>.<\/p>\n\n\n\n<h2 class=\"wp-block-heading\" id=\"golf-livada\">6. Golf Livada Moravske Toplice<\/h2>\n\n\n\n<p><strong>Baujahr: <\/strong>1998<\/p>\n\n\n\n<p><strong>L\u00f6cher:<\/strong> 18<\/p>\n\n\n\n<p><strong>Par:<\/strong> 72<\/p>\n\n\n\n<p><strong>L\u00e4nge:<\/strong> 6236 Meter<\/p>\n\n\n\n<p>Der Golfplatz Livada Moravske Toplice befindet sich neben dem Thermalbad <strong>Therme 3000<\/strong>. Es wurde f\u00fcr Kurg\u00e4ste gebaut, die ihren Erholungsurlaub mit Golf verbinden wollen. Es gibt <strong>18 L\u00f6cher<\/strong>Eine Driving Range und Buggys stehen zur Verf\u00fcgung, um den Platz zu befahren.<\/p>\n\n\n\n\n\n<p>Wenn man seinen Golfurlaub mit thermischer Entspannung verbinden m\u00f6chte, ist dies der richtige Golfplatz in Slowenien.<\/p>\n\n\n\n<h2 class=\"wp-block-heading\" id=\"golf-mokrice\">7. Golf Grad Mokrice<\/h2>\n\n\n\n<p><strong>Baujahr: <\/strong>1944<\/p>\n\n\n\n<p><strong>L\u00f6cher: <\/strong>18<\/p>\n\n\n\n<p><strong>Par: <\/strong>71<\/p>\n\n\n\n<p><strong>L\u00e4nge:<\/strong> 5785 Meter<\/p>\n\n\n\n<p>Auch wenn er nicht der bekannteste Golfplatz Sloweniens ist, bietet der Golf Grad Mokrice einen der besten Golfpl\u00e4tze der Welt. <strong>anspruchsvollste L\u00f6cher<\/strong> in diesem Teil von Europa. Unter den <strong>18 Felder<\/strong>Das 5. Par-vier verlangt jedem Golfer das meiste ab.<\/p>\n\n\n\n\n\n<p>Die Strecke verl\u00e4uft unterhalb der Mauern der mittelalterlichen <strong>Schloss Mokrice<\/strong> \u00fcber gr\u00fcne Felder, die von Wald umgeben sind. Sogar ein See dient als nat\u00fcrliches Hindernis. Es hat eine Gemeinsamkeit mit Royal Bled - sein Designer war <strong>Donald Harradine<\/strong>.<\/p>\n\n\n\n<h3 class=\"wp-block-heading\">Besuchen Sie Slowenien f\u00fcr Ihren n\u00e4chsten Golfurlaub!<\/h3>\n\n\n\n<p>Wenn Sie auf der Suche nach dem perfekten Ort sind, um sich w\u00e4hrend eines Golfurlaubs zu entspannen, <strong>Slowenien ist Ihre beste Wahl<\/strong>. Diese Pl\u00e4tze sind nur die Spitze des Eisbergs, denn es gibt noch viele andere Freizeitaktivit\u00e4ten, die Sie mit Golf verbinden k\u00f6nnen. Slowenien ist ein gro\u00dfartiger Ort, um sich beim Spielen Ihres Lieblingsspiels zu entspannen.<\/p>\n\n\n\n<p>Sie werden sehen, wie wir Ihnen helfen k\u00f6nnen, Ihren idealen Golfurlaub in Slowenien zu gestalten, indem Sie unsere <a href=\"https:\/\/golf-slovenia.com\/de\/\">Homepage<\/a>. Danach k\u00f6nnen Sie unser Formular ausf\u00fcllen <a href=\"https:\/\/golf-slovenia.com\/de\/anfrage\/\">Anfrageformular<\/a>und wir k\u00f6nnen mit der Buchung Ihrer Abschlagzeiten beginnen!<\/p>","protected":false},"excerpt":{"rendered":"<p>Slowenien entwickelt sich exponentiell als Ziel f\u00fcr den Golftourismus. Derzeit gibt es 15 Golfpl\u00e4tze in Slowenien, die alle st\u00e4ndig daran arbeiten, ihren Kunden die besten Dienstleistungen zu bieten. Der Golfplatz Royal Bled schaffte es sogar unter die 100 besten Golfpl\u00e4tze in Kontinentaleuropa, und vier weitere slowenische Golfpl\u00e4tze werden f\u00fcr die ... <a href=\"https:\/\/golf-slovenia.com\/de\/7-beste-golfplatze-in-slowenien\/\">Fortsetzung<\/a><\/p>","protected":false},"author":1,"featured_media":47,"parent":0,"menu_order":0,"comment_status":"closed","ping_status":"closed","template":"","meta":{"_acf_changed":false,"footnotes":""},"class_list":["post-300","page","type-page","status-publish","has-post-thumbnail","hentry"],"acf":{"page_subheading":"Learn all you need to know about best golf courses in Slovenia before planning your golf holidays and booking your tee times at these elite venues."},"_links":{"self":[{"href":"https:\/\/golf-slovenia.com\/de\/wp-json\/wp\/v2\/pages\/300","targetHints":{"allow":["GET"]}}],"collection":[{"href":"https:\/\/golf-slovenia.com\/de\/wp-json\/wp\/v2\/pages"}],"about":[{"href":"https:\/\/golf-slovenia.com\/de\/wp-json\/wp\/v2\/types\/page"}],"author":[{"embeddable":true,"href":"https:\/\/golf-slovenia.com\/de\/wp-json\/wp\/v2\/users\/1"}],"replies":[{"embeddable":true,"href":"https:\/\/golf-slovenia.com\/de\/wp-json\/wp\/v2\/comments?post=300"}],"version-history":[{"count":20,"href":"https:\/\/golf-slovenia.com\/de\/wp-json\/wp\/v2\/pages\/300\/revisions"}],"predecessor-version":[{"id":6493,"href":"https:\/\/golf-slovenia.com\/de\/wp-json\/wp\/v2\/pages\/300\/revisions\/6493"}],"wp:featuredmedia":[{"embeddable":true,"href":"https:\/\/golf-slovenia.com\/de\/wp-json\/wp\/v2\/media\/47"}],"wp:attachment":[{"href":"https:\/\/golf-slovenia.com\/de\/wp-json\/wp\/v2\/media?parent=300"}],"curies":[{"name":"wp","href":"https:\/\/api.w.org\/{rel}","templated":true}]}}