{"id":319,"date":"2022-12-09T09:05:49","date_gmt":"2022-12-09T09:05:49","guid":{"rendered":"https:\/\/golf-slovenia.com\/?page_id=319"},"modified":"2024-01-22T08:49:38","modified_gmt":"2024-01-22T08:49:38","slug":"om-os","status":"publish","type":"page","link":"https:\/\/golf-slovenia.com\/da\/om-os\/","title":{"rendered":"Om os"},"content":{"rendered":"<p>Jeg har ti \u00e5rs erfaring inden for turistbranchen i Slovenien og i udlandet, hvor jeg har hjulpet kunder med at planl\u00e6gge deres luksusferier.<\/p>\n\n\n\n<p>Min erfaring har givet mig evnen til at forst\u00e5 grundigt, hvad en kunde \u00f8nsker, hvordan de \u00f8nsker det, og hvordan de vil f\u00f8le sig, n\u00e5r de modtager det - en f\u00f8rsteklasses service, som kun f\u00e5 virksomheder kan tilbyde.<\/p>\n\n\n\n<p>Verden af luksusferier er t\u00e6t forbundet med golf, og vores firma begyndte hurtigt at se potentialet i at kombinere ekstravagante ferierejser med denne sport. Da vi blev introduceret til den udviklende golfverden i Slovenien, inds\u00e5 vi, at vores land er en skjult perle, som stadig er uudnyttet.<\/p>\n\n\n\n<figure class=\"wp-block-image size-large\"><img loading=\"lazy\" decoding=\"async\" width=\"1024\" height=\"743\" src=\"https:\/\/golf-slovenia.com\/wp-content\/uploads\/golfslovenia1-1024x743.webp\" alt=\"Golf Slovenien\" class=\"wp-image-94\" srcset=\"https:\/\/golf-slovenia.com\/wp-content\/uploads\/golfslovenia1-1024x743.webp 1024w, https:\/\/golf-slovenia.com\/wp-content\/uploads\/golfslovenia1-300x218.webp 300w, https:\/\/golf-slovenia.com\/wp-content\/uploads\/golfslovenia1-768x558.webp 768w, https:\/\/golf-slovenia.com\/wp-content\/uploads\/golfslovenia1-1536x1115.webp 1536w, https:\/\/golf-slovenia.com\/wp-content\/uploads\/golfslovenia1-18x12.webp 18w, https:\/\/golf-slovenia.com\/wp-content\/uploads\/golfslovenia1.webp 2000w\" sizes=\"auto, (max-width: 1024px) 100vw, 1024px\" \/><figcaption class=\"wp-element-caption\">Slovenien er en skjult perle for golfspillere<\/figcaption><\/figure>\n\n\n\n<p>Og det er historien bag Golf Slovenia. Vi \u00f8nskede at pr\u00e6sentere vores fantastiske lille land for golfspillere fra hele verden ved at tilbyde dem uovertrufne feriepakker.<\/p>\n\n\n\n<p>Slovenien er et land med mange muligheder og giver golfspillere mulighed for at f\u00e5 en alsidig ferie ved at nyde deres yndlingsspil og kombinere det med andre aktiviteter.<\/p>\n\n\n\n<p>Man tilbringer al sin tid med at udforske landets arkitektur, k\u00f8kken og kunst - og man vil elske det uber\u00f8rte landskab med sine maleriske bjerge, vandfald, grotter og s\u00f8er.<\/p>\n\n\n\n<h2 class=\"wp-block-heading\">Eksklusiv service til alle golfspillere<\/h2>\n\n\n\n<p>Vi \u00f8nsker, at du f\u00e5r en oplevelse for livet p\u00e5 din n\u00e6ste golfferie. Vores ekspertplanlagte rejser er designet til at skabe varige minder, samtidig med at vi tilbyder den fineste luksusservice. Vi str\u00e6ber efter at g\u00f8re din golfferie i Slovenien s\u00e5 perfekt som muligt.<\/p>\n\n\n\n<figure class=\"wp-block-image size-large\"><img decoding=\"async\" src=\"https:\/\/golf-slovenia.com\/wp-content\/uploads\/Martuljek-mountains-s-1024x576.webp\" alt=\"Det fantastiske Slovenien\" class=\"wp-image-146\"\/><figcaption class=\"wp-element-caption\">Det fantastiske Slovenien<\/figcaption><\/figure>\n\n\n\n<p>Derfor har vi besluttet ikke at planl\u00e6gge ferien p\u00e5 forh\u00e5nd, da vi forst\u00e5r, at alle golfspillere har deres egne pr\u00e6ferencer. Med det i tankerne har vi udarbejdet et grundigt gennemt\u00e6nkt udvalg af alle v\u00e6sentlige ingredienser i en golfferie. Derefter udt\u00e6nker vi en rejseplan baseret p\u00e5 de oplysninger, du giver os, og begynder p\u00e5 vores vej mod at kurere din personlige golfoplevelse.<\/p>\n\n\n\n<h2 class=\"wp-block-heading\">Personlig golfferie for alle<\/h2>\n\n\n\n<p>Vi er altid glade for at arbejde direkte med dig for at skabe en ferie, der er skr\u00e6ddersyet til dine behov og \u00f8nsker. Vi vil skabe en virkelig mindev\u00e6rdig oplevelse for dig. En, hvor vores personlige pr\u00e6g siver igennem.<\/p>\n\n\n\n<p>Du f\u00e5r det bedste fra begge verdener med en lille rejsearrang\u00f8r, der tilbyder dig personlig opm\u00e6rksomhed og den luksus og det udvalg, som et stort m\u00e6rke tilbyder.<\/p>\n\n\n\n<p>Bes\u00f8g vores <a href=\"https:\/\/golf-slovenia.com\/da\/\">Golf Slovenien<\/a> hjemmeside og l\u00e6s om, hvordan vi kan hj\u00e6lpe dig med at f\u00e5 dit livs ferie. Vi kan g\u00e5 i gang, s\u00e5 snart du sender os en <a href=\"https:\/\/golf-slovenia.com\/da\/foresporgsel\/\">foresp\u00f8rgsel<\/a>!<\/p>\n\n\n\n<p>Hvis du vil have et bredere udvalg af luksuri\u00f8se ferierejser, kan du ogs\u00e5 tjekke <a href=\"http:\/\/slovenialuxuryholidays.com\">Luksusferie i Slovenien<\/a>. Og for at f\u00e5 et overblik over alt det, du kan lave i Slovenien, kan du se <a href=\"http:\/\/slovenia-holidays.com\">Ferie i Slovenien<\/a> og <a href=\"http:\/\/sloveniatours.com\">Slovenien ture<\/a>.<\/p>\n\n\n\n<p>Du kan tjekke alle vores partnere p\u00e5 <a href=\"http:\/\/slovenia-discovery.com\">Slovenien Opdagelse<\/a>.<\/p>","protected":false},"excerpt":{"rendered":"<p>Jeg har et \u00e5rtis erfaring i turistbranchen i Slovenien og i udlandet, hvor jeg har hjulpet kunder med at planl\u00e6gge deres luksusferier. Min erfaring har givet mig evnen til grundigt at forst\u00e5, hvad en kunde \u00f8nsker, hvordan de \u00f8nsker det, og hvordan de vil have det, n\u00e5r de modtager det - en f\u00f8rsteklasses service, som kun f\u00e5... <a href=\"https:\/\/golf-slovenia.com\/da\/om-os\/\">Fortsat<\/a><\/p>","protected":false},"author":1,"featured_media":92,"parent":0,"menu_order":0,"comment_status":"closed","ping_status":"closed","template":"","meta":{"_acf_changed":false,"footnotes":""},"class_list":["post-319","page","type-page","status-publish","has-post-thumbnail","hentry"],"acf":{"page_subheading":"Our team at Golf Slovenia lives and breathes its one goal \u2014 to present Slovenia as the uncut jewel of golf tourism to golfers from around the world."},"_links":{"self":[{"href":"https:\/\/golf-slovenia.com\/da\/wp-json\/wp\/v2\/pages\/319","targetHints":{"allow":["GET"]}}],"collection":[{"href":"https:\/\/golf-slovenia.com\/da\/wp-json\/wp\/v2\/pages"}],"about":[{"href":"https:\/\/golf-slovenia.com\/da\/wp-json\/wp\/v2\/types\/page"}],"author":[{"embeddable":true,"href":"https:\/\/golf-slovenia.com\/da\/wp-json\/wp\/v2\/users\/1"}],"replies":[{"embeddable":true,"href":"https:\/\/golf-slovenia.com\/da\/wp-json\/wp\/v2\/comments?post=319"}],"version-history":[{"count":25,"href":"https:\/\/golf-slovenia.com\/da\/wp-json\/wp\/v2\/pages\/319\/revisions"}],"predecessor-version":[{"id":11145,"href":"https:\/\/golf-slovenia.com\/da\/wp-json\/wp\/v2\/pages\/319\/revisions\/11145"}],"wp:featuredmedia":[{"embeddable":true,"href":"https:\/\/golf-slovenia.com\/da\/wp-json\/wp\/v2\/media\/92"}],"wp:attachment":[{"href":"https:\/\/golf-slovenia.com\/da\/wp-json\/wp\/v2\/media?parent=319"}],"curies":[{"name":"wp","href":"https:\/\/api.w.org\/{rel}","templated":true}]}}