{"id":300,"date":"2022-12-09T07:24:04","date_gmt":"2022-12-09T07:24:04","guid":{"rendered":"https:\/\/golf-slovenia.com\/?page_id=300"},"modified":"2023-11-10T12:33:20","modified_gmt":"2023-11-10T12:33:20","slug":"de-7-bedste-golfbaner-i-slovenien","status":"publish","type":"page","link":"https:\/\/golf-slovenia.com\/da\/de-7-bedste-golfbaner-i-slovenien\/","title":{"rendered":"De 7 bedste golfbaner i Slovenien"},"content":{"rendered":"<p>Slovenien udvikler sig eksponentielt som destination for golfturisme. Der er i \u00f8jeblikket <strong>15 golfbaner<\/strong> i Slovenien, som alle arbejder konstant p\u00e5 at levere de bedste tjenester til deres kunder.<\/p>\n\n\n\n<p>Golfbanen Royal Bled var endda med p\u00e5 listen <strong>blandt de 100 bedste golfbaner<\/strong> p\u00e5 det europ\u00e6iske fastland, og yderligere fire slovenske golfbaner er med p\u00e5 listen blandt de mere end 7000 europ\u00e6iske golfbaner.<\/p>\n\n\n\n<p>Vi har udarbejdet en oversigt over alle de <strong>steder, der skal bes\u00f8ges i hele Slovenien<\/strong>, som hver is\u00e6r tilbyder en unik og f\u00f8rsteklasses golfoplevelse.<\/p>\n\n\n\n<h2 class=\"wp-block-heading\" id=\"royal-bled-golf\">1. Royal Bled Golf<\/h2>\n\n\n\n<p><strong>Bygge\u00e5r: <\/strong>1937<\/p>\n\n\n\n<p><strong>Huller: <\/strong>18 (+9)<\/p>\n\n\n\n<p><strong>Par: <\/strong>72<\/p>\n\n\n\n<p><strong>L\u00e6ngde: <\/strong>6563 meter<\/p>\n\n\n\n<p>Royal Bled golfbane er den <strong>flagskibet for slovensk golf<\/strong> og er p\u00e5 vej til at blive et af de mest eksklusive spillesteder i Europa. Som den <strong>den \u00e6ldste golfbane i Slovenien<\/strong>, dens begyndelse g\u00e5r s\u00e5 langt tilbage som <strong>1937<\/strong>, selv om den blev grundigt redesignet og renoveret i 1972 af den ber\u00f8mte golfarkitekt <strong>Donald Harradine<\/strong>.<\/p>\n\n\n\n\n\n<p>The <strong>18-hullers King's Course<\/strong> er den st\u00f8rste i Slovenien og er ledsaget af den <strong>9-hullers s\u00f8bane<\/strong>, med chippingomr\u00e5der, puttinggreens, kompakte baner og en driving range. Faciliteterne omfatter en restaurant, garderobeskabe, buggyer og udlejning af alt n\u00f8dvendigt udstyr.<\/p>\n\n\n\n<p>Selv om banerne er omgivet af t\u00e5rnh\u00f8je bjergtoppe i <strong>De julianske Alper<\/strong> og <strong>Karawanks<\/strong>, de er ikke s\u00e6rlig kuperede. Royal Bled, der er pr\u00e6get af absolut ro og beroligende kontakt med naturen, er en af de mest fantastiske golfbaner i Europa og er et must for enhver ivrig golfspiller.<\/p>\n\n\n\n<p>Og <strong>Bled-s\u00f8en<\/strong> ligger lige rundt om hj\u00f8rnet, med de massive mure af Bled Slot, der rager op over det - et syn, man ikke m\u00e5 g\u00e5 glip af.<\/p>\n\n\n\n<h2 class=\"wp-block-heading\" id=\"golf-arboretum\">2. Golf Arboretum<\/h2>\n\n\n\n<p><strong>Bygge\u00e5r: <\/strong>1998<\/p>\n\n\n\n<p><strong>Huller: <\/strong>18<\/p>\n\n\n\n<p><strong>Par: <\/strong>71<\/p>\n\n\n\n<p><strong>L\u00e6ngde: <\/strong>4985 meter<\/p>\n\n\n\n<p>Golf Arboretum ligger midt i en fyrreskov og byder p\u00e5 en <strong>18-hullers<\/strong> nydelse for de bes\u00f8gende. Ikke langt derfra finder du den mest bes\u00f8gte botaniske have i Slovenien, <strong>Arboretum Vol\u010dji Potok<\/strong>. Og lige over tr\u00e6toppene kan du f\u00e5 et glimt af den t\u00e5rnh\u00f8je <strong>Kamnik-Savinja Alperne<\/strong>.<\/p>\n\n\n\n\n\n<p>P\u00e5 <strong>5,4 kilometer<\/strong>, har stedet en <strong>par af 77<\/strong> og har en driving range, et chippingomr\u00e5de og en kompakt bane. Som en af de nyeste golfbaner i Slovenien bliver den stadig \u00e6ndret et par gange om \u00e5ret for at tilbyde en endnu bedre golfoplevelse.<\/p>\n\n\n\n<h2 class=\"wp-block-heading\" id=\"golf-grad-otocec\">3. Golf Grad Oto\u010dec<\/h2>\n\n\n\n<p><strong>Bygge\u00e5r: <\/strong>2005<\/p>\n\n\n\n<p><strong>Huller: <\/strong>18<\/p>\n\n\n\n<p><strong>Par: <\/strong>72<\/p>\n\n\n\n<p><strong>L\u00e6ngde: <\/strong>6189 meter<\/p>\n\n\n\n<p>Udspringende langs med <strong>Krka-floden<\/strong>er Grad Oto\u010dec-golfbanen den seneste tilf\u00f8jelse til Sloveniens golfsfomr\u00e5de. Det b\u00f8lgende landskab, som den ligger i, er omgivet af en skov, hvilket giver golfspillerne ro og afsondrethed.<\/p>\n\n\n\n\n\n<p>Der er <strong>18 huller<\/strong> p\u00e5 banen, som ligger en lille kilometer fra den <strong>Oto\u010dec Castle Hotel<\/strong> - et middelalderslot, der er omdannet til et <strong>5-stjernet hotel<\/strong> og passende indkvartering for de bes\u00f8gende golfspillere. Det kan v\u00e6re relativt anstrengende at g\u00e5 p\u00e5 varme dage, s\u00e5 spillerne kan bruge buggyer til at komme til driving ranges og putting greens.<\/p>\n\n\n\n<h2 class=\"wp-block-heading\" id=\"golf-ptuj\">4. Golf Ptuj<\/h2>\n\n\n\n<p><strong>Bygge\u00e5r: <\/strong>1992<\/p>\n\n\n\n<p><strong>Huller: <\/strong>18<\/p>\n\n\n\n<p><strong>Par: <\/strong>71<\/p>\n\n\n\n<p><strong>L\u00e6ngde:<\/strong> 5727 meter<\/p>\n\n\n\n<p>Ligesom Golf Grad Oto\u010dec ligger Golf Ptuj-banen langs en flod og t\u00e6t p\u00e5 et slot - <strong>Drava-floden<\/strong> og <strong>Ptuj Slot<\/strong>. Beliggende midt p\u00e5 en stor slette kan du se milevidt i alle retninger.<\/p>\n\n\n\n\n\n<p>Stedet er ofte blevet anset for at v\u00e6re den bedst indrettede golfbane i Slovenien. Dens <strong>18 huller<\/strong> er kendt for at gemme mange f\u00e6lder og have vandhindringer, hvor pr\u00e6cision er vigtigere end styrke.&nbsp;<\/p>\n\n\n\n<h2 class=\"wp-block-heading\" id=\"cubo-golf-ljubljana\">5. Cubo Golf Ljubljana<\/h2>\n\n\n\n<p><strong>Bygge\u00e5r: <\/strong>2008<\/p>\n\n\n\n<p><strong>Huller: <\/strong>18<\/p>\n\n\n\n<p><strong>Par: <\/strong>72<\/p>\n\n\n\n<p><strong>L\u00e6ngde: <\/strong>5872 meter<\/p>\n\n\n\n<p>En blot <strong>15-minutters<\/strong> k\u00f8retur er nok til at komme fra Ljubljanas centrum til Cubo Golf Ljubljana-banen. Udstyret med <strong>moderne teknologi<\/strong>, det giver mulighed for <strong>natlig slagtning<\/strong> og har \u00e5bne fairways, hvilket resulterer i f\u00e6rre tabte bolde.<\/p>\n\n\n\n\n\n<p>Kurset har <strong>18 huller<\/strong>, herunder seks par treer, seks par fireer og seks par femer. Der er en driving range, et chippingomr\u00e5de, en putting green og en kompakt bane. Efter en dag med at putte boldene v\u00e6k kan du s\u00e6tte dig til bords til et m\u00e5ltid p\u00e5 <strong>Cubo restaurant<\/strong>.<\/p>\n\n\n\n<h2 class=\"wp-block-heading\" id=\"golf-livada\">6. Golf Livada Moravske Toplice<\/h2>\n\n\n\n<p><strong>Bygge\u00e5r: <\/strong>1998<\/p>\n\n\n\n<p><strong>Huller:<\/strong> 18<\/p>\n\n\n\n<p><strong>Par:<\/strong> 72<\/p>\n\n\n\n<p><strong>L\u00e6ngde:<\/strong> 6236 meter<\/p>\n\n\n\n<p>Golf Livada Moravske Toplice-banen ligger ved siden af den termiske spa <strong>Terme 3000<\/strong>. Det blev bygget for at spa-g\u00e6ster kunne kombinere deres afslappende ferie med golf. Der er <strong>18 huller<\/strong>, en driving range og buggyer til r\u00e5dighed til at k\u00f8re rundt p\u00e5 banen.<\/p>\n\n\n\n\n\n<p>Hvis man \u00f8nsker at kombinere sin golfrejse med termisk afslapning, er dette den golfbane i Slovenien, man skal bes\u00f8ge.<\/p>\n\n\n\n<h2 class=\"wp-block-heading\" id=\"golf-mokrice\">7. Golf Grad Mokrice<\/h2>\n\n\n\n<p><strong>Bygge\u00e5r: <\/strong>1944<\/p>\n\n\n\n<p><strong>Huller: <\/strong>18<\/p>\n\n\n\n<p><strong>Par: <\/strong>71<\/p>\n\n\n\n<p><strong>L\u00e6ngde:<\/strong> 5785 meter<\/p>\n\n\n\n<p>Selv om det m\u00e5ske ikke er den mest kendte golfbane i Slovenien, har Golf Grad Mokrice en af de bedste golfbaner i Slovenien. <strong>de mest kr\u00e6vende huller<\/strong> i denne del af Europa. Blandt de <strong>18 felter<\/strong>, den 5. par fire tager mest af alt fra enhver golfspiller.<\/p>\n\n\n\n\n\n<p>Banen str\u00e6kker sig under murene i det middelalderlige <strong>Mokrice Slot<\/strong> over gr\u00f8nne marker omgivet af skov. Selv en s\u00f8 tjener som en naturlig forhindring. Den har \u00e9n lighed med Royal Bled - dens designer var <strong>Donald Harradine<\/strong>.<\/p>\n\n\n\n<h3 class=\"wp-block-heading\">Bes\u00f8g Slovenien p\u00e5 din kommende golfferie!<\/h3>\n\n\n\n<p>Hvis du leder efter det perfekte sted at slappe af p\u00e5 en golfferie, <strong>Slovenien er dit bedste valg<\/strong>. Disse baner er blot toppen af isbjerget, og der er masser af andre fritidsaktiviteter, som du kan kombinere med golf. Slovenien er et fantastisk sted at slappe af, mens du spiller dit yndlingsspil.<\/p>\n\n\n\n<p>Du kan se, hvordan vi kan hj\u00e6lpe dig med at udforme din ideelle golfferie i Slovenien ved at bes\u00f8ge vores <a href=\"https:\/\/golf-slovenia.com\/da\/\">hjemmeside<\/a>. Herefter kan du udfylde vores <a href=\"https:\/\/golf-slovenia.com\/da\/foresporgsel\/\">foresp\u00f8rgselsformular<\/a>, s\u00e5 kan vi begynde at booke dine tee times!<\/p>","protected":false},"excerpt":{"rendered":"<p>Slovenien udvikler sig eksponentielt som golfturismedestination. Der er i \u00f8jeblikket 15 golfbaner i Slovenien, som alle konstant arbejder p\u00e5 at levere den bedste service til deres kunder. Royal Bled-golfbanen er endda blandt de 100 bedste golfbaner p\u00e5 det europ\u00e6iske fastland, og yderligere fire slovenske golfbaner er i betragtning til ... <a href=\"https:\/\/golf-slovenia.com\/da\/de-7-bedste-golfbaner-i-slovenien\/\">Fortsat<\/a><\/p>","protected":false},"author":1,"featured_media":47,"parent":0,"menu_order":0,"comment_status":"closed","ping_status":"closed","template":"","meta":{"_acf_changed":false,"footnotes":""},"class_list":["post-300","page","type-page","status-publish","has-post-thumbnail","hentry"],"acf":{"page_subheading":"Learn all you need to know about best golf courses in Slovenia before planning your golf holidays and booking your tee times at these elite venues."},"_links":{"self":[{"href":"https:\/\/golf-slovenia.com\/da\/wp-json\/wp\/v2\/pages\/300","targetHints":{"allow":["GET"]}}],"collection":[{"href":"https:\/\/golf-slovenia.com\/da\/wp-json\/wp\/v2\/pages"}],"about":[{"href":"https:\/\/golf-slovenia.com\/da\/wp-json\/wp\/v2\/types\/page"}],"author":[{"embeddable":true,"href":"https:\/\/golf-slovenia.com\/da\/wp-json\/wp\/v2\/users\/1"}],"replies":[{"embeddable":true,"href":"https:\/\/golf-slovenia.com\/da\/wp-json\/wp\/v2\/comments?post=300"}],"version-history":[{"count":20,"href":"https:\/\/golf-slovenia.com\/da\/wp-json\/wp\/v2\/pages\/300\/revisions"}],"predecessor-version":[{"id":6493,"href":"https:\/\/golf-slovenia.com\/da\/wp-json\/wp\/v2\/pages\/300\/revisions\/6493"}],"wp:featuredmedia":[{"embeddable":true,"href":"https:\/\/golf-slovenia.com\/da\/wp-json\/wp\/v2\/media\/47"}],"wp:attachment":[{"href":"https:\/\/golf-slovenia.com\/da\/wp-json\/wp\/v2\/media?parent=300"}],"curies":[{"name":"wp","href":"https:\/\/api.w.org\/{rel}","templated":true}]}}