{"id":20,"date":"2022-11-15T10:52:33","date_gmt":"2022-11-15T10:52:33","guid":{"rendered":"https:\/\/golf-slovenia.com\/partners\/"},"modified":"2022-11-19T18:17:37","modified_gmt":"2022-11-19T18:17:37","slug":"partnere","status":"publish","type":"page","link":"https:\/\/golf-slovenia.com\/da\/partnere\/","title":{"rendered":"Partnere"},"content":{"rendered":"<p><strong><a href=\"https:\/\/slovenia-holidays.com\/\" target=\"_blank\" rel=\"noreferrer noopener\">SLOVENIEN FERIE<\/a><\/strong><\/p>\n\n\n\n<p>Det bredeste udvalg af ferier i Slovenien. Fra aktive og eventyrlige pakker til organiserede ture med udend\u00f8rs aktiviteter, fra familieferier og afslappede storbyferier til luksusferier og skr\u00e6ddersyede ferier. Uanset hvad du foretr\u00e6kker, har Slovenia Holidays dig d\u00e6kket ind med de bedste guidede og selvledende ture.<\/p>\n\n\n\n<p><strong><a href=\"https:\/\/slovenia-activites.com\/\" target=\"_blank\" rel=\"noreferrer noopener\">SLOVENIEN AKTIVITETER<\/a><\/strong><\/p>\n\n\n\n<p>Slovenia Activities \u00e5bner d\u00f8ren til alle de bedste oplevelser, Slovenien har at byde p\u00e5. Vi s\u00f8rger for, at du kan nyde vores lands enest\u00e5ende potentiale til fulde. Uanset om det drejer sig om en bestemt udend\u00f8rs aktivitet, en kulinarisk rejse eller en kombination af afslappende tidsfordriv og mere sp\u00e6ndende varianter - eventyret begynder her!&nbsp;&nbsp;<\/p>\n\n\n\n<p><strong><a href=\"https:\/\/day-trips-slovenia.com\/\" target=\"_blank\" rel=\"noreferrer noopener\">DAGSTURE I SLOVENIEN<\/a><\/strong><\/p>\n\n\n\n<p>Dagsture i sm\u00e5 grupper og private ture fra Ljubljana, Bled, Koper, Zagreb og Venedig for at se de bedste steder i Slovenien i kombination med dagsture til nabolandene Kroatien og Italien.<\/p>\n\n\n\n<p><strong><a href=\"https:\/\/fishing-guides-slovenia.com\/\" target=\"_blank\" rel=\"noreferrer noopener\">FISKEGUIDER SLOVENIEN<\/a><\/strong><\/p>\n\n\n\n<p>Uforglemmelig fiskeoplevelse (tur &amp; ferie, leje af udstyr) med lokale fiskere p\u00e5 smukke skjulte steder i hele Slovenien.<\/p>\n\n\n\n<p><strong><a href=\"https:\/\/wine-tours-slovenia.com\/\" target=\"_blank\" rel=\"noreferrer noopener\">VINREJSER SLOVENIEN<\/a><\/strong><\/p>\n\n\n\n<p>Vinture er perfekte for b\u00e5de nybegyndere og \u00f8vede vinsmagere. Du beh\u00f8ver ikke nogen forudg\u00e5ende viden. Det eneste, der kr\u00e6ves, er lysten til at slappe af, drikke vin og slappe af endnu mere.<\/p>\n\n\n\n<p>Der findes ikke nogen bedre m\u00e5de at opleve Sloveniens rige vinproduktionstraditioner p\u00e5 f\u00f8rste h\u00e5nd, socialisere med andre rejsende og smage p\u00e5 naturens gl\u00e6der p\u00e5 en enkelt dag.<\/p>\n\n\n\n<p><strong><a href=\"https:\/\/biketourljubljana.com\/\" target=\"_blank\" rel=\"noreferrer noopener\">CYKELTUR LJUBLJANA<\/a><\/strong><\/p>\n\n\n\n<p>En afslappet, livlig og sjov m\u00e5de at opleve Ljubljanas scener og rige kulturarv p\u00e5. Ud over smukke sev\u00e6rdigheder vil vi ogs\u00e5 dele sp\u00e6ndende historier fra fortiden samt de aktuelle begivenheder i byen.<\/p>\n\n\n\n<p><a href=\"https:\/\/walking-holidays-slovenia.com\/\"><strong>VANDREFERIER SLOVENIEN<\/strong><\/a><\/p>\n\n\n\n<p>Vores vandreferier i Slovenien er for dem, der nyder at tilbringe deres tid udend\u00f8rs og opleve de attraktioner i Slovenien, der ikke kan n\u00e5s med bil. Fra afslappede vandreture langs uber\u00f8rte floder til eventyrlige vandreture i bjergene.<\/p>\n\n\n\n<p><a href=\"https:\/\/huttohuthikingslovenia.com\/\"><strong>VANDRETURE FRA HYTTE TIL HYTTE I SLOVENIEN<\/strong><\/a><\/p>\n\n\n\n<p>Oplev magien ved at vandre mellem hytter i de slovenske bjerge. Mellem de julianske alpernes tinder og den uspolerede natur i Triglav Nationalpark er der ikke noget bedre sted at v\u00e5gne op end med en solopgang i bjergene.<\/p>\n\n\n\n<p><a href=\"https:\/\/triglavtours.com\/\"><strong>TRIGLAV TOURS<\/strong><\/a><\/p>\n\n\n\n<p>Erobrer det h\u00f8jeste bjerg i de julianske alper og det h\u00f8jeste bjerg i Slovenien. Med hj\u00e6lp fra vores erfarne professionelle bjergguider har det aldrig v\u00e6ret sjovere og mere sikkert at bestige Triglav.<\/p>\n\n\n\n<p><a href=\"https:\/\/slovenia-fly-fishing.com\/\"><strong>SLOVENIEN FLUEFISKERI<\/strong><\/a><\/p>\n\n\n\n<p>Slovenien er et land fyldt med forskellige floder fulde af fisk, der ligger i forskellige landskaber mellem bjerge, sletter og havet. Med hj\u00e6lp fra vores dygtige lokale fiskeguider vil fluefiskeri i Slovenien blive en uforglemmelig oplevelse.<\/p>\n\n\n\n<p><strong><a href=\"https:\/\/thebalkantours.com\/\">TUREN TIL BALKAN<\/a><\/strong><\/p>\n\n\n\n<p>Uforglemmelige ferier p\u00e5 tv\u00e6rs af Balkanlandene.<\/p>\n\n\n\n<p><strong><a href=\"https:\/\/shoreexcursionskoper.com\/\" target=\"_blank\" rel=\"noreferrer noopener\">UDFLUGTER I LAND KOPER<\/a><\/strong><\/p>\n\n\n\n<p>De bedste guidede landudflugter fra Koper rundt i Slovenien for at opdage b\u00e5de landets st\u00f8rste attraktioner og skjulte perler.<\/p>\n\n\n\n<p><strong><a href=\"https:\/\/hvarstagdo.com\/\" target=\"_blank\" rel=\"noreferrer noopener\">HVAR STAG DO<\/a><\/strong><\/p>\n\n\n\n<p>Det bedste sted at arrangere en uforglemmelig polterabend p\u00e5 den utrolige \u00f8 Hvar for at give din ven et par sidste n\u00e6tter med fest, f\u00f8r han gifter sig med sin bror.<\/p>\n\n\n\n<p><strong><a href=\"https:\/\/sloveniaprivatetours.com\/\" target=\"_blank\" rel=\"noreferrer noopener\">SLOVENIEN PRIVATE TURE<\/a><\/strong><\/p>\n\n\n\n<p>Private ture til Slovenien er din chance for at opleve vores land helt uden stress og i selskab med en professionel lokal chauff\u00f8r og guide, som vil vise dig, hvad Slovenien er for et land.<\/p>","protected":false},"excerpt":{"rendered":"<p>SLOVENIENFERIER Det st\u00f8rste udvalg af ferier i Slovenien. Fra aktive og eventyrlige pakker til organiserede ture med udend\u00f8rs aktiviteter, fra familieferier og afslappede storbyferier til luksus og skr\u00e6ddersyede ferier. Uanset hvad du foretr\u00e6kker, har Slovenia Holidays de bedste guidede og selvguidede ture til dig. SLOVENIEN AKTIVITETER Slovenien Aktiviteter \u00e5bner d\u00f8ren til ... <a href=\"https:\/\/golf-slovenia.com\/da\/partnere\/\">Fortsat<\/a><\/p>","protected":false},"author":1,"featured_media":0,"parent":0,"menu_order":0,"comment_status":"open","ping_status":"open","template":"","meta":{"_acf_changed":false,"footnotes":""},"class_list":["post-20","page","type-page","status-publish","hentry"],"acf":{"page_subheading":"We are stronger together."},"_links":{"self":[{"href":"https:\/\/golf-slovenia.com\/da\/wp-json\/wp\/v2\/pages\/20","targetHints":{"allow":["GET"]}}],"collection":[{"href":"https:\/\/golf-slovenia.com\/da\/wp-json\/wp\/v2\/pages"}],"about":[{"href":"https:\/\/golf-slovenia.com\/da\/wp-json\/wp\/v2\/types\/page"}],"author":[{"embeddable":true,"href":"https:\/\/golf-slovenia.com\/da\/wp-json\/wp\/v2\/users\/1"}],"replies":[{"embeddable":true,"href":"https:\/\/golf-slovenia.com\/da\/wp-json\/wp\/v2\/comments?post=20"}],"version-history":[{"count":1,"href":"https:\/\/golf-slovenia.com\/da\/wp-json\/wp\/v2\/pages\/20\/revisions"}],"predecessor-version":[{"id":40,"href":"https:\/\/golf-slovenia.com\/da\/wp-json\/wp\/v2\/pages\/20\/revisions\/40"}],"wp:attachment":[{"href":"https:\/\/golf-slovenia.com\/da\/wp-json\/wp\/v2\/media?parent=20"}],"curies":[{"name":"wp","href":"https:\/\/api.w.org\/{rel}","templated":true}]}}