{"id":13553,"date":"2024-03-22T13:32:58","date_gmt":"2024-03-22T13:32:58","guid":{"rendered":"https:\/\/golf-slovenia.com\/?page_id=13553"},"modified":"2024-04-26T05:52:16","modified_gmt":"2024-04-26T05:52:16","slug":"hvordan-man-kommer-til-slovenien","status":"publish","type":"page","link":"https:\/\/golf-slovenia.com\/da\/hvordan-man-kommer-til-slovenien\/","title":{"rendered":"Hvordan kommer man til Slovenien?"},"content":{"rendered":"<p>Planl\u00e6gger du en rejse til Slovenien og undrer dig over, hvordan du kommer dertil? S\u00e5 beh\u00f8ver du ikke lede l\u00e6ngere!<\/p>\n\n\n\n<p>Slovenien ligger bekvemt <strong>beliggende i centrum af Europa<\/strong>hvilket g\u00f8r det nemt at ankomme fra alle retninger. Uanset om du kommer med fly, til lands eller til vands, er der masser af muligheder for at komme til dette lille, men m\u00e6gtige land.<\/p>\n\n\n\n<figure class=\"wp-block-image size-large is-resized\"><img decoding=\"async\" src=\"https:\/\/golf-slovenia.com\/wp-content\/uploads\/beautiful-landscape-of-lake-bled-the-church-island-in-the-middle-and-the-castle-in-the-background-of-white-clouded-sky-from-ojstrica-viewpoint-in-bled-slovenia-stockpack-adobe-stock-1024x439.webp\" alt=\"bled udsigtspunkt slovenien\" class=\"wp-image-13742\" style=\"width:1159px;height:auto\"\/><figcaption class=\"wp-element-caption\">Skjulte perler i Slovenien - Bled-s\u00f8en<\/figcaption><\/figure>\n\n\n\n<p>Med sin fantastiske naturlige sk\u00f8nhed, rige kulturhistorie og im\u00f8dekommende lokalbefolkning er Slovenien den perfekte destination for rejsende, der \u00f8nsker at udforske denne del af Europa.<\/p>\n\n\n\n<p>I denne guide gennemg\u00e5r vi alle de m\u00e5der, du kan komme til Slovenien p\u00e5, s\u00e5 du nemt kan planl\u00e6gge din rejse.<\/p>\n\n\n\n<h2 class=\"wp-block-heading\">Ankomst med fly<\/h2>\n\n\n\n<p>Et fly til Slovenien er den bedste m\u00e5de at komme hertil p\u00e5, is\u00e6r hvis man ikke er fra et af nabolandene.<\/p>\n\n\n\n<p>Slovenien har 3 internationale lufthavne (Ljubljana, Maribor, Portoro\u017e).&nbsp;<\/p>\n\n\n\n<p><strong>Ljubljana (Jo\u017ee Pu\u010dnik Lufthavn)<\/strong> - den st\u00f8rste lufthavn i Slovenien&nbsp;<\/p>\n\n\n\n<p>Den ligger ca. 26 km nord for hovedstaden. Du kan tage en taxa, en lufthavnstransport, leje en bil eller v\u00e6lge vores transfermuligheder, afh\u00e6ngigt af din rejseplan.&nbsp;<\/p>\n\n\n\n<p>Ljubljana lufthavn er den bedste mulighed, n\u00e5r man rejser til Slovenien, is\u00e6r hvis man vil bes\u00f8ge steder i den centrale, nordlige eller nordvestlige del af landet.<\/p>\n\n\n\n<p><strong>Maribor (Edvard Rusjan Lufthavn)<\/strong> - Den anden internationale lufthavn<\/p>\n\n\n\n<p>Den ligger ca. 10 km syd for Maribor, den n\u00e6stst\u00f8rste by i Slovenien. Rejser til og fra lufthavnen foreg\u00e5r med taxa eller en forudbestilt transfer. Maribor Lufthavn bruges hovedsageligt til s\u00e6son- og charterflyvninger.&nbsp;<\/p>\n\n\n\n<p><strong>Portoro\u017e Lufthavn <\/strong>- mindre charter-, forretnings- og fragtflyvninger<\/p>\n\n\n\n<p>Lufthavnen ligger 6 km syd for Portoro\u017e, og du kan n\u00e5 f\u00f8lgende byer inden for en times k\u00f8rsel: Trieste (Italien), Koper, Postojna, Ljubljana (Slovenien) og kroatiske byer p\u00e5 Istrien-halv\u00f8en.<\/p>\n\n\n\n<p><strong>Trieste lufthavn (Friuli Venezia Giulia lufthavn)<\/strong> - Masser af direkte fly, lige over gr\u00e6nsen til Slovenien<\/p>\n\n\n\n<p>Trieste Airport, ogs\u00e5 kendt som Friuli Venezia Giulia Airport, ligger ca. 33 km nordvest for Trieste i Italien. Den tilbyder direkte flyvninger til en r\u00e6kke destinationer, herunder st\u00f8rre byer og regionale knudepunkter, med flyselskaber som Ryanair og ITA Airways. Selv om det er i Italien, kan du n\u00e5 Slovenien p\u00e5 mindre end 30 minutter og Ljubljana p\u00e5 1 time og 20 minutter.<\/p>\n\n\n\n<p><strong>Andre alternative lufthavne i n\u00e6rheden af Slovenien <\/strong>(mindre end 2 timers k\u00f8rsel):<\/p>\n\n\n\n<p>Den anden mest bekvemme lufthavn uden for Slovenien er <strong>Venedig<\/strong> (Marco Polo og Treviso), med mange internationale forbindelser. <strong>Zagreb<\/strong> og <strong>Wien<\/strong> er ogs\u00e5 gode muligheder, selvom sidstn\u00e6vnte ligger lidt l\u00e6ngere v\u00e6k.<\/p>\n\n\n\n<p>Andre muligheder: Pula, Klagenfurt, Graz, Trieste<\/p>\n\n\n\n<h2 class=\"wp-block-heading\">Ankomst i bil<\/h2>\n\n\n\n<p>At ankomme til Slovenien i bil er en bekvem og praktisk mulighed, da landet har <strong>Fremragende forbindelser<\/strong> til resten af Europa via en <strong>netv\u00e6rk af motorveje<\/strong>. Det er nemt at udforske hele landet i bil, da afstandene er sm\u00e5, og man kan n\u00e5 rundt i hele landet p\u00e5 blot et par korte k\u00f8reture.<\/p>\n\n\n\n<p>Faktisk er Slovenien den <strong>perfekt destination til et road trip<\/strong>Du vil kunne opleve al den fantastiske natur og de mange kulturelle attraktioner, som landet har at byde p\u00e5.<\/p>\n\n\n\n<p>Det er vigtigt at bem\u00e6rke, at du bliver n\u00f8dt til at <strong>K\u00f8b en motorvejsvignet<\/strong> til at bruge motorvejene i Slovenien. De kan k\u00f8bes p\u00e5 benzinstationer, posthuse og i kiosker - men de <strong>bedste m\u00e5de<\/strong> er at <a href=\"https:\/\/evinjeta.dars.si\/en\">K\u00f8b online<\/a>. De er tilg\u00e6ngelige i forskellige tidsrum, lige fra en uge til et \u00e5r. N\u00e5r du har f\u00e5et din vignet, kan du nyde en problemfri rejse, n\u00e5r du udforsker Slovenien i bil.<\/p>\n\n\n\n<h2 class=\"wp-block-heading\">Ankomst med tog<\/h2>\n\n\n\n<p>At tage toget til Slovenien er s\u00e5 nemt, som det kan blive. Der er <strong>gode togforbindelser<\/strong> fra nabolandene og mange andre lande: Kroatien, Italien, \u00d8strig, Ungarn, Serbien, Tjekkiet, Tyskland, Schweiz osv.&nbsp;<\/p>\n\n\n\n<p>Slovenien er omfattet af <strong>Eurail Global Pass<\/strong> system.&nbsp;<\/p>\n\n\n\n<p>Du kan ogs\u00e5 rejse med tog fra n\u00e6rliggende lufthavne som Trieste, Zagreb eller Wien.<\/p>\n\n\n\n<h2 class=\"wp-block-heading\">Ankomst med bus<\/h2>\n\n\n\n<p>At rejse til Slovenien med bus fra mange europ\u00e6iske byer er ret ligetil. Der er <strong>direkte buslinjer<\/strong> fra s\u00e5 langt v\u00e6k som Sverige og Danmark, og de fleste internationale busser stopper i Ljubljana.<\/p>\n\n\n\n<p>Udenlandske EU-udbydere af bustransport, der er registreret, kr\u00e6ver ikke s\u00e6rlige tilladelser for at k\u00f8re gennem Slovenien, og FlixBus-busser og Nomago-busser bliver stadig mere popul\u00e6re.<\/p>\n\n\n\n<h2 class=\"wp-block-heading\">Har jeg brug for et VISA til Slovenien?<\/h2>\n\n\n\n<p>Borgere fra medlemsstaterne i Det Europ\u00e6iske \u00d8konomiske Samarbejdsomr\u00e5de (E\u00d8S) kan rejse ind i Slovenien med et <strong>gyldigt identitetskort eller gyldigt pas<\/strong> og kr\u00e6ver hverken visum eller opholdstilladelse.<\/p>\n\n\n\n<p>Tredjelandsstatsborgere skal have et visum eller en opholdstilladelse fra Sloveniens diplomatiske repr\u00e6sentation i udlandet.<\/p>\n\n\n\n<p>* Listen over lande, der kr\u00e6ver visum til Slovenien, kan ses p\u00e5 den officielle regerings hjemmeside <a href=\"https:\/\/www.gov.si\/en\/countries\/\">her<\/a>.<\/p>","protected":false},"excerpt":{"rendered":"<p>Planl\u00e6gger du en rejse til Slovenien og undrer dig over, hvordan du kommer dertil? S\u00e5 beh\u00f8ver du ikke lede l\u00e6ngere! Slovenien ligger midt i Europa, hvilket g\u00f8r det nemt at komme dertil fra alle retninger. Uanset om du kommer med fly, til lands eller til vands, er der masser af muligheder for at komme til dette lille, men m\u00e6gtige land. ... <a href=\"https:\/\/golf-slovenia.com\/da\/hvordan-man-kommer-til-slovenien\/\">Fortsat<\/a><\/p>","protected":false},"author":8,"featured_media":15427,"parent":0,"menu_order":0,"comment_status":"closed","ping_status":"closed","template":"","meta":{"_acf_changed":false,"footnotes":""},"class_list":["post-13553","page","type-page","status-publish","has-post-thumbnail","hentry"],"acf":{"page_subheading":"Learn how to get to Slovenia by plane, car, or public transportation, and have an easier time planning your trip with our comprehensive guide."},"_links":{"self":[{"href":"https:\/\/golf-slovenia.com\/da\/wp-json\/wp\/v2\/pages\/13553","targetHints":{"allow":["GET"]}}],"collection":[{"href":"https:\/\/golf-slovenia.com\/da\/wp-json\/wp\/v2\/pages"}],"about":[{"href":"https:\/\/golf-slovenia.com\/da\/wp-json\/wp\/v2\/types\/page"}],"author":[{"embeddable":true,"href":"https:\/\/golf-slovenia.com\/da\/wp-json\/wp\/v2\/users\/8"}],"replies":[{"embeddable":true,"href":"https:\/\/golf-slovenia.com\/da\/wp-json\/wp\/v2\/comments?post=13553"}],"version-history":[{"count":4,"href":"https:\/\/golf-slovenia.com\/da\/wp-json\/wp\/v2\/pages\/13553\/revisions"}],"predecessor-version":[{"id":15426,"href":"https:\/\/golf-slovenia.com\/da\/wp-json\/wp\/v2\/pages\/13553\/revisions\/15426"}],"wp:featuredmedia":[{"embeddable":true,"href":"https:\/\/golf-slovenia.com\/da\/wp-json\/wp\/v2\/media\/15427"}],"wp:attachment":[{"href":"https:\/\/golf-slovenia.com\/da\/wp-json\/wp\/v2\/media?parent=13553"}],"curies":[{"name":"wp","href":"https:\/\/api.w.org\/{rel}","templated":true}]}}