{"id":13,"date":"2022-11-15T10:52:33","date_gmt":"2022-11-15T10:52:33","guid":{"rendered":"https:\/\/golf-slovenia.com\/cookie-policy\/"},"modified":"2022-11-19T18:17:28","modified_gmt":"2022-11-19T18:17:28","slug":"cookiepolitik","status":"publish","type":"page","link":"https:\/\/golf-slovenia.com\/da\/cookiepolitik\/","title":{"rendered":"Politik om cookies"},"content":{"rendered":"<p>Denne cookiepolitik forklarer, hvad cookies er, og hvordan vi bruger dem. Du b\u00f8r l\u00e6se denne politik for at forst\u00e5, hvad cookies er, hvordan vi bruger dem, hvilke typer cookies vi bruger, dvs. hvilke oplysninger vi indsamler ved hj\u00e6lp af cookies, hvordan disse oplysninger bruges, og hvordan du styrer cookiepr\u00e6ferencerne. For yderligere oplysninger om, hvordan vi bruger, gemmer og opbevarer dine personlige oplysninger sikkert, se vores politik om beskyttelse af personlige oplysninger.<br><br>Du kan til enhver tid \u00e6ndre eller tilbagekalde dit samtykke fra cookiedeklarationen p\u00e5 vores websted.<br><br>F\u00e5 mere at vide om, hvem vi er, hvordan du kan kontakte os, og hvordan vi behandler personoplysninger i vores privatlivspolitik.<br><br>&nbsp;Dit samtykke g\u00e6lder kun for dette dom\u00e6ne.<\/p>\n\n\n\n<h4 class=\"wp-block-heading\">HVAD ER COOKIES?<\/h4>\n\n\n\n<p>Cookies er sm\u00e5 tekstfiler, der bruges til at gemme sm\u00e5 stykker information. Cookies gemmes p\u00e5 din enhed, n\u00e5r webstedet indl\u00e6ses i din browser. Disse cookies hj\u00e6lper os med at f\u00e5 hjemmesiden til at fungere korrekt, g\u00f8re hjemmesiden mere sikker, give en bedre brugeroplevelse og forst\u00e5, hvordan hjemmesiden fungerer, og analysere, hvad der fungerer, og hvor der er behov for forbedringer.<\/p>\n\n\n\n<h4 class=\"wp-block-heading\">HVORDAN BRUGER VI COOKIES?<\/h4>\n\n\n\n<p>Som de fleste onlinetjenester bruger vores websted cookies f\u00f8rsteparts- og tredjeparts-cookies til en r\u00e6kke form\u00e5l. F\u00f8rstepartscookies er for det meste n\u00f8dvendige for, at hjemmesiden kan fungere korrekt, og de indsamler ikke nogen af dine personligt identificerbare data.<br><br>De tredjepartscookies, der anvendes p\u00e5 vores websteder, bruges prim\u00e6rt til at forst\u00e5, hvordan webstedet fungerer, hvordan du interagerer med vores websted, til at sikre vores tjenester, til at levere reklamer, der er relevante for dig, og alt i alt til at give dig en bedre og forbedret brugeroplevelse og til at fremskynde dine fremtidige interaktioner med vores websted.<\/p>\n\n\n\n<h4 class=\"wp-block-heading\">HVORDAN KAN JEG STYRE COOKIE-INDSTILLINGERNE?<\/h4>\n\n\n\n<p>Du kan administrere dine cookiepr\u00e6ferencer ved at klikke p\u00e5 knappen \"Indstillinger\" og aktivere eller deaktivere cookie-kategorierne i popup-vinduet i overensstemmelse med dine pr\u00e6ferencer.<br><br>Hvis du beslutter dig for at \u00e6ndre dine pr\u00e6ferencer senere i l\u00f8bet af din browsing-session, kan du klikke p\u00e5 fanen \"Privacy &amp; Cookie Policy\" p\u00e5 din sk\u00e6rm. Dette vil vise meddelelsen om samtykke igen, s\u00e5 du kan \u00e6ndre dine pr\u00e6ferencer eller tr\u00e6kke dit samtykke helt tilbage.<br><br>Desuden tilbyder forskellige browsere forskellige metoder til at blokere og slette cookies, der anvendes af websteder. Du kan \u00e6ndre indstillingerne i din browser for at blokere\/slette cookies.<\/p>","protected":false},"excerpt":{"rendered":"<p>Denne cookiepolitik forklarer, hvad cookies er, og hvordan vi bruger dem. Du b\u00f8r l\u00e6se denne politik for at forst\u00e5, hvad cookies er, hvordan vi bruger dem, hvilke typer cookies vi bruger, dvs. de oplysninger, vi indsamler ved hj\u00e6lp af cookies, og hvordan disse oplysninger bruges, og hvordan du styrer cookie-indstillingerne. For yderligere information ... <a href=\"https:\/\/golf-slovenia.com\/da\/cookiepolitik\/\">Fortsat<\/a><\/p>","protected":false},"author":1,"featured_media":0,"parent":0,"menu_order":0,"comment_status":"open","ping_status":"open","template":"","meta":{"_acf_changed":false,"footnotes":""},"class_list":["post-13","page","type-page","status-publish","hentry"],"acf":{"page_subheading":"Understand what cookies are and how do we use them to make your experience on this website more pleasant."},"_links":{"self":[{"href":"https:\/\/golf-slovenia.com\/da\/wp-json\/wp\/v2\/pages\/13","targetHints":{"allow":["GET"]}}],"collection":[{"href":"https:\/\/golf-slovenia.com\/da\/wp-json\/wp\/v2\/pages"}],"about":[{"href":"https:\/\/golf-slovenia.com\/da\/wp-json\/wp\/v2\/types\/page"}],"author":[{"embeddable":true,"href":"https:\/\/golf-slovenia.com\/da\/wp-json\/wp\/v2\/users\/1"}],"replies":[{"embeddable":true,"href":"https:\/\/golf-slovenia.com\/da\/wp-json\/wp\/v2\/comments?post=13"}],"version-history":[{"count":1,"href":"https:\/\/golf-slovenia.com\/da\/wp-json\/wp\/v2\/pages\/13\/revisions"}],"predecessor-version":[{"id":39,"href":"https:\/\/golf-slovenia.com\/da\/wp-json\/wp\/v2\/pages\/13\/revisions\/39"}],"wp:attachment":[{"href":"https:\/\/golf-slovenia.com\/da\/wp-json\/wp\/v2\/media?parent=13"}],"curies":[{"name":"wp","href":"https:\/\/api.w.org\/{rel}","templated":true}]}}