{"id":319,"date":"2022-12-09T09:05:49","date_gmt":"2022-12-09T09:05:49","guid":{"rendered":"https:\/\/golf-slovenia.com\/?page_id=319"},"modified":"2024-01-22T08:49:38","modified_gmt":"2024-01-22T08:49:38","slug":"o-nas","status":"publish","type":"page","link":"https:\/\/golf-slovenia.com\/cs\/o-nas\/","title":{"rendered":"O n\u00e1s"},"content":{"rendered":"<p>M\u00e1m desetiletou praxi v cestovn\u00edm ruchu ve Slovinsku i v zahrani\u010d\u00ed, od pomoci klient\u016fm p\u0159i pl\u00e1nov\u00e1n\u00ed jejich luxusn\u00ed dovolen\u00e9.<\/p>\n\n\n\n<p>D\u00edky sv\u00fdm zku\u0161enostem dok\u00e1\u017eu d\u016fkladn\u011b porozum\u011bt tomu, co klient chce, jak to chce a jak se bude c\u00edtit, a\u017e to dostane - co\u017e je prvot\u0159\u00eddn\u00ed slu\u017eba, kterou m\u016f\u017ee nab\u00eddnout jen m\u00e1lo spole\u010dnost\u00ed.<\/p>\n\n\n\n<p>Sv\u011bt luxusn\u00edch dovolen\u00fdch se \u00fazce prol\u00edn\u00e1 s golfem a na\u0161e spole\u010dnost si brzy za\u010dala uv\u011bdomovat potenci\u00e1l spojen\u00ed extravagantn\u00edch pobyt\u016f s t\u00edmto sportem. Kdy\u017e jsme se sezn\u00e1mili s rozv\u00edjej\u00edc\u00edm se sv\u011btem golfu ve Slovinsku, uv\u011bdomili jsme si, \u017ee na\u0161e zem\u011b je skryt\u00fdm klenotem, kter\u00fd z\u016fst\u00e1v\u00e1 nevyu\u017eit\u00fd.<\/p>\n\n\n\n<figure class=\"wp-block-image size-large\"><img loading=\"lazy\" decoding=\"async\" width=\"1024\" height=\"743\" src=\"https:\/\/golf-slovenia.com\/wp-content\/uploads\/golfslovenia1-1024x743.webp\" alt=\"Golf Slovinsko\" class=\"wp-image-94\" srcset=\"https:\/\/golf-slovenia.com\/wp-content\/uploads\/golfslovenia1-1024x743.webp 1024w, https:\/\/golf-slovenia.com\/wp-content\/uploads\/golfslovenia1-300x218.webp 300w, https:\/\/golf-slovenia.com\/wp-content\/uploads\/golfslovenia1-768x558.webp 768w, https:\/\/golf-slovenia.com\/wp-content\/uploads\/golfslovenia1-1536x1115.webp 1536w, https:\/\/golf-slovenia.com\/wp-content\/uploads\/golfslovenia1-18x12.webp 18w, https:\/\/golf-slovenia.com\/wp-content\/uploads\/golfslovenia1.webp 2000w\" sizes=\"auto, (max-width: 1024px) 100vw, 1024px\" \/><figcaption class=\"wp-element-caption\">Slovinsko je skryt\u00fdm klenotem pro golfisty<\/figcaption><\/figure>\n\n\n\n<p>A to je p\u0159\u00edb\u011bh Golfu Slovinsko. Cht\u011bli jsme p\u0159edstavit na\u0161i \u00fa\u017easnou malou zemi golfist\u016fm z cel\u00e9ho sv\u011bta a nab\u00eddnout jim jedine\u010dn\u00e9 pr\u00e1zdninov\u00e9 bal\u00ed\u010dky.<\/p>\n\n\n\n<p>Slovinsko je zem\u00ed p\u0159\u00edle\u017eitost\u00ed a umo\u017e\u0148uje golfist\u016fm pro\u017e\u00edt v\u0161estrannou dovolenou a u\u017e\u00edt si svou obl\u00edbenou hru v kombinaci s dal\u0161\u00edmi aktivitami.<\/p>\n\n\n\n<p>\u010clov\u011bk str\u00e1v\u00ed ve\u0161ker\u00fd \u010das pozn\u00e1v\u00e1n\u00edm architektury, kuchyn\u011b a um\u011bn\u00ed t\u00e9to zem\u011b a zamiluje si nedot\u010denou krajinu s malebn\u00fdmi horami, vodop\u00e1dy, jeskyn\u011bmi a jezery.<\/p>\n\n\n\n<h2 class=\"wp-block-heading\">Exkluzivn\u00ed slu\u017eby pro ka\u017ed\u00e9ho golfistu<\/h2>\n\n\n\n<p>Chceme, abyste na sv\u00e9 p\u0159\u00ed\u0161t\u00ed golfov\u00e9 dovolen\u00e9 za\u017eili z\u00e1\u017eitek na cel\u00fd \u017eivot. Na\u0161e odborn\u011b napl\u00e1novan\u00e9 z\u00e1jezdy jsou navr\u017eeny tak, aby vytv\u00e1\u0159ely trval\u00e9 vzpom\u00ednky a z\u00e1rove\u0148 poskytovaly ty nejlep\u0161\u00ed luxusn\u00ed slu\u017eby. Sna\u017e\u00edme se, aby va\u0161e golfov\u00e1 dovolen\u00e1 ve Slovinsku byla co nejdokonalej\u0161\u00ed.<\/p>\n\n\n\n<figure class=\"wp-block-image size-large\"><img decoding=\"async\" src=\"https:\/\/golf-slovenia.com\/wp-content\/uploads\/Martuljek-mountains-s-1024x576.webp\" alt=\"Ohromuj\u00edc\u00ed Slovinsko\" class=\"wp-image-146\"\/><figcaption class=\"wp-element-caption\">Ohromuj\u00edc\u00ed Slovinsko<\/figcaption><\/figure>\n\n\n\n<p>Proto jsme se rozhodli dovolenou p\u0159edem nepl\u00e1novat, proto\u017ee ch\u00e1peme, \u017ee ka\u017ed\u00fd golfista m\u00e1 sv\u00e9 preference. S ohledem na to jsme p\u0159ipravili d\u016fkladn\u011b promy\u0161len\u00fd v\u00fdb\u011br v\u0161ech podstatn\u00fdch slo\u017eek golfov\u00e9 dovolen\u00e9. Pot\u00e9 na z\u00e1klad\u011b v\u00e1mi poskytnut\u00fdch informac\u00ed navrhneme itiner\u00e1\u0159 a vyd\u00e1me se na cestu ke kur\u00e1torstv\u00ed va\u0161eho osobn\u00edho golfov\u00e9ho z\u00e1\u017eitku.<\/p>\n\n\n\n<h2 class=\"wp-block-heading\">Individu\u00e1ln\u00ed golfov\u00e1 dovolen\u00e1 pro ka\u017ed\u00e9ho<\/h2>\n\n\n\n<p>V\u017edy s nad\u0161en\u00edm spolupracujeme p\u0159\u00edmo s v\u00e1mi a vytv\u00e1\u0159\u00edme dovolenou na m\u00edru va\u0161im pot\u0159eb\u00e1m a p\u0159\u00e1n\u00edm. Vytvo\u0159\u00edme pro v\u00e1s skute\u010dn\u011b nezapomenuteln\u00fd z\u00e1\u017eitek. Takov\u00fd, do kter\u00e9ho pronikne n\u00e1\u0161 osobn\u00ed p\u0159\u00edstup.<\/p>\n\n\n\n<p>S malou cestovn\u00ed kancel\u00e1\u0159\u00ed, kter\u00e1 v\u00e1m nab\u00edz\u00ed osobn\u00ed p\u0159\u00edstup a luxus a v\u00fdb\u011br velk\u00e9 zna\u010dky, z\u00edsk\u00e1te to nejlep\u0161\u00ed z obou sv\u011bt\u016f.<\/p>\n\n\n\n<p>Nav\u0161tivte na\u0161i <a href=\"https:\/\/golf-slovenia.com\/cs\/\">Golf Slovinsko<\/a> domovsk\u00e9 str\u00e1nky a p\u0159e\u010dt\u011bte si, jak v\u00e1m m\u016f\u017eeme pomoci dos\u00e1hnout \u017eivotn\u00ed dovolen\u00e9. M\u016f\u017eeme se do toho pustit, jakmile n\u00e1m po\u0161lete dotaz. <a href=\"https:\/\/golf-slovenia.com\/cs\/dotaz\/\">dotaz<\/a>!<\/p>\n\n\n\n<p>Chcete-li si prohl\u00e9dnout \u0161ir\u0161\u00ed spektrum luxusn\u00edch pobyt\u016f, m\u016f\u017eete se pod\u00edvat tak\u00e9 na str\u00e1nky <a href=\"http:\/\/slovenialuxuryholidays.com\">Luxusn\u00ed dovolen\u00e1 ve Slovinsku<\/a>. A abyste si ud\u011blali p\u0159edstavu o tom, co v\u0161echno m\u016f\u017eete ve Slovinsku d\u011blat, pod\u00edvejte se na. <a href=\"http:\/\/slovenia-holidays.com\">Dovolen\u00e1 ve Slovinsku<\/a> a <a href=\"http:\/\/sloveniatours.com\">Z\u00e1jezdy do Slovinska<\/a>.<\/p>\n\n\n\n<p>V\u0161echny na\u0161e partnery si m\u016f\u017eete prohl\u00e9dnout na adrese <a href=\"http:\/\/slovenia-discovery.com\">Objevov\u00e1n\u00ed Slovinska<\/a>.<\/p>","protected":false},"excerpt":{"rendered":"<p>M\u00e1m desetiletou praxi v cestovn\u00edm ruchu ve Slovinsku i v zahrani\u010d\u00ed, od pomoci klient\u016fm p\u0159i pl\u00e1nov\u00e1n\u00ed jejich luxusn\u00ed dovolen\u00e9. D\u00edky sv\u00fdm zku\u0161enostem jsem dok\u00e1zal d\u016fkladn\u011b porozum\u011bt tomu, co klient chce, jak to chce a jak se bude c\u00edtit, a\u017e to dostane - co\u017e je prvot\u0159\u00eddn\u00ed slu\u017eba, kterou poskytuje jen m\u00e1lo ... <a href=\"https:\/\/golf-slovenia.com\/cs\/o-nas\/\">Pokra\u010dov\u00e1n\u00ed<\/a><\/p>","protected":false},"author":1,"featured_media":92,"parent":0,"menu_order":0,"comment_status":"closed","ping_status":"closed","template":"","meta":{"_acf_changed":false,"footnotes":""},"class_list":["post-319","page","type-page","status-publish","has-post-thumbnail","hentry"],"acf":{"page_subheading":"Our team at Golf Slovenia lives and breathes its one goal \u2014 to present Slovenia as the uncut jewel of golf tourism to golfers from around the world."},"_links":{"self":[{"href":"https:\/\/golf-slovenia.com\/cs\/wp-json\/wp\/v2\/pages\/319","targetHints":{"allow":["GET"]}}],"collection":[{"href":"https:\/\/golf-slovenia.com\/cs\/wp-json\/wp\/v2\/pages"}],"about":[{"href":"https:\/\/golf-slovenia.com\/cs\/wp-json\/wp\/v2\/types\/page"}],"author":[{"embeddable":true,"href":"https:\/\/golf-slovenia.com\/cs\/wp-json\/wp\/v2\/users\/1"}],"replies":[{"embeddable":true,"href":"https:\/\/golf-slovenia.com\/cs\/wp-json\/wp\/v2\/comments?post=319"}],"version-history":[{"count":25,"href":"https:\/\/golf-slovenia.com\/cs\/wp-json\/wp\/v2\/pages\/319\/revisions"}],"predecessor-version":[{"id":11145,"href":"https:\/\/golf-slovenia.com\/cs\/wp-json\/wp\/v2\/pages\/319\/revisions\/11145"}],"wp:featuredmedia":[{"embeddable":true,"href":"https:\/\/golf-slovenia.com\/cs\/wp-json\/wp\/v2\/media\/92"}],"wp:attachment":[{"href":"https:\/\/golf-slovenia.com\/cs\/wp-json\/wp\/v2\/media?parent=319"}],"curies":[{"name":"wp","href":"https:\/\/api.w.org\/{rel}","templated":true}]}}