{"id":300,"date":"2022-12-09T07:24:04","date_gmt":"2022-12-09T07:24:04","guid":{"rendered":"https:\/\/golf-slovenia.com\/?page_id=300"},"modified":"2023-11-10T12:33:20","modified_gmt":"2023-11-10T12:33:20","slug":"7-nejlepsich-slovinskych-golfovych-hrist","status":"publish","type":"page","link":"https:\/\/golf-slovenia.com\/cs\/7-nejlepsich-slovinskych-golfovych-hrist\/","title":{"rendered":"7 nejlep\u0161\u00edch golfov\u00fdch h\u0159i\u0161\u0165 ve Slovinsku"},"content":{"rendered":"<p>Slovinsko se jako destinace golfov\u00e9 turistiky exponenci\u00e1ln\u011b rozv\u00edj\u00ed. V sou\u010dasn\u00e9 dob\u011b je zde <strong>15 golfov\u00fdch h\u0159i\u0161\u0165<\/strong> ve Slovinsku, kter\u00e9 se neust\u00e1le sna\u017e\u00ed poskytovat sv\u00fdm z\u00e1kazn\u00edk\u016fm ty nejlep\u0161\u00ed slu\u017eby.<\/p>\n\n\n\n<p>Golfov\u00e9 h\u0159i\u0161t\u011b Royal Bled se dokonce dostalo <strong>mezi 100 nejlep\u0161\u00edmi golfov\u00fdmi h\u0159i\u0161ti<\/strong> v kontinent\u00e1ln\u00ed Evrop\u011b a dal\u0161\u00ed \u010dty\u0159i slovinsk\u00e1 h\u0159i\u0161t\u011b byla za\u0159azena na seznam v\u00edce ne\u017e 7000 evropsk\u00fdch h\u0159i\u0161\u0165.<\/p>\n\n\n\n<p>P\u0159ipravili jsme p\u0159ehled v\u0161ech <strong>m\u00edsta, kter\u00e1 mus\u00edte nav\u0161t\u00edvit ve Slovinsku<\/strong>, p\u0159i\u010dem\u017e ka\u017ed\u00fd z nich nab\u00edz\u00ed jedine\u010dn\u00fd a prvot\u0159\u00eddn\u00ed golfov\u00fd z\u00e1\u017eitek.<\/p>\n\n\n\n<h2 class=\"wp-block-heading\" id=\"royal-bled-golf\">1. Royal Bled Golf<\/h2>\n\n\n\n<p><strong>Rok v\u00fdroby: <\/strong>1937<\/p>\n\n\n\n<p><strong>Otvory: <\/strong>18 (+9)<\/p>\n\n\n\n<p><strong>Par: <\/strong>72<\/p>\n\n\n\n<p><strong>D\u00e9lka: <\/strong>6563 metr\u016f<\/p>\n\n\n\n<p>Golfov\u00e9 h\u0159i\u0161t\u011b Royal Bled je <strong>vlajkov\u00e1 lo\u010f slovinsk\u00e9ho golfu<\/strong> a je na cest\u011b st\u00e1t se jedn\u00edm z nejexkluzivn\u011bj\u0161\u00edch m\u00edst v Evrop\u011b. Jako <strong>nejstar\u0161\u00ed golfov\u00e9 h\u0159i\u0161t\u011b ve Slovinsku<\/strong>, jej\u00ed po\u010d\u00e1tky sahaj\u00ed a\u017e do doby <strong>1937<\/strong>, a\u010dkoli byl v roce 1972 d\u016fkladn\u011b p\u0159epracov\u00e1n a zrenovov\u00e1n slavn\u00fdm golfov\u00fdm architektem. <strong>Donald Harradine<\/strong>.<\/p>\n\n\n\n\n\n<p>Na str\u00e1nk\u00e1ch <strong>18jamkov\u00e9 h\u0159i\u0161t\u011b King's Course<\/strong> je nejv\u011bt\u0161\u00ed ve Slovinsku a je doprov\u00e1zen <strong>9jamkov\u00e9 h\u0159i\u0161t\u011b Lake Course<\/strong>, kde jsou chippingov\u00e9 plochy, putting greeny, kompaktn\u00ed h\u0159i\u0161t\u011b a driving range. K vybaven\u00ed pat\u0159\u00ed restaurace, uzamykateln\u00e9 sk\u0159\u00ed\u0148ky, buggy a p\u016fj\u010dovna ve\u0161ker\u00e9ho nezbytn\u00e9ho vybaven\u00ed.<\/p>\n\n\n\n<p>P\u0159esto\u017ee h\u0159i\u0161t\u011b obklopuj\u00ed vysok\u00e9 vrcholky hor. <strong>Julsk\u00e9 Alpy<\/strong> a <strong>Karawanks<\/strong>, nejsou nijak zvl\u00e1\u0161\u0165 kopcovit\u00e9. H\u0159i\u0161t\u011b Royal Bled, kter\u00e9 zdob\u00ed naprost\u00fd klid a uklid\u0148uj\u00edc\u00ed kontakt s p\u0159\u00edrodou, je jedn\u00edm z nejskv\u011blej\u0161\u00edch golfov\u00fdch h\u0159i\u0161\u0165 v Evrop\u011b a mus\u00ed ho nav\u0161t\u00edvit ka\u017ed\u00fd v\u00e1\u0161niv\u00fd golfista.<\/p>\n\n\n\n<p>A <strong>Bledsk\u00e9 jezero<\/strong> je hned za rohem a nad n\u00edm se ty\u010d\u00ed mohutn\u00e9 zdi Bledsk\u00e9ho hradu - pohled, kter\u00fd si nesm\u00edte nechat uj\u00edt.<\/p>\n\n\n\n<h2 class=\"wp-block-heading\" id=\"golf-arboretum\">2. Golfov\u00e9 arboretum<\/h2>\n\n\n\n<p><strong>Rok v\u00fdroby: <\/strong>1998<\/p>\n\n\n\n<p><strong>Otvory: <\/strong>18<\/p>\n\n\n\n<p><strong>Par: <\/strong>71<\/p>\n\n\n\n<p><strong>D\u00e9lka: <\/strong>4985 metr\u016f<\/p>\n\n\n\n<p>Arboretum Golf se nach\u00e1z\u00ed uprost\u0159ed borov\u00e9ho lesa a p\u0159edstavuje <strong>18 jamek<\/strong> po\u017eitek pro n\u00e1v\u0161t\u011bvn\u00edky. Nedaleko se nach\u00e1z\u00ed nejnav\u0161t\u011bvovan\u011bj\u0161\u00ed botanick\u00e1 zahrada ve Slovinsku, <strong>Arboretum Vol\u010dji Potok<\/strong>. A t\u011bsn\u011b nad korunami strom\u016f m\u016f\u017eete zahl\u00e9dnout ty\u010d\u00edc\u00ed se <strong>Kamnicko-Savinjsk\u00e9 Alpy<\/strong>.<\/p>\n\n\n\n\n\n<p>Na adrese <strong>5,4 km<\/strong>, m\u00edsto kon\u00e1n\u00ed m\u00e1 <strong>par 77<\/strong> a nab\u00edz\u00ed driving range, chippingovou z\u00f3nu a kompaktn\u00ed h\u0159i\u0161t\u011b. Jako jedno z nejnov\u011bj\u0161\u00edch golfov\u00fdch h\u0159i\u0161\u0165 ve Slovinsku proch\u00e1z\u00ed ka\u017ed\u00fd rok n\u011bkolika \u00fapravami, aby nab\u00eddlo je\u0161t\u011b lep\u0161\u00ed golfov\u00fd z\u00e1\u017eitek.<\/p>\n\n\n\n<h2 class=\"wp-block-heading\" id=\"golf-grad-otocec\">3. Golf Grad Oto\u010dec<\/h2>\n\n\n\n<p><strong>Rok v\u00fdroby: <\/strong>2005<\/p>\n\n\n\n<p><strong>Otvory: <\/strong>18<\/p>\n\n\n\n<p><strong>Par: <\/strong>72<\/p>\n\n\n\n<p><strong>D\u00e9lka: <\/strong>6189 metr\u016f<\/p>\n\n\n\n<p>Rozprost\u00edraj\u00edc\u00ed se pod\u00e9l <strong>\u0158eka Krka<\/strong>, golfov\u00e9 h\u0159i\u0161t\u011b Grad Oto\u010dec je nejnov\u011bj\u0161\u00edm p\u0159\u00edr\u016fstkem do slovinsk\u00e9 golfov\u00e9 sf\u00e9ry. Zvln\u011bn\u00e1 krajina, na n\u00ed\u017e stoj\u00ed, je obklopena lesem, kter\u00fd golfist\u016fm poskytuje klid a samotu.<\/p>\n\n\n\n\n\n<p>Existuj\u00ed <strong>18 jamek<\/strong> na h\u0159i\u0161ti, kter\u00e9 le\u017e\u00ed pouh\u00fd kilometr od leti\u0161t\u011b. <strong>Z\u00e1meck\u00fd hotel Oto\u010dec<\/strong> - st\u0159edov\u011bk\u00fd hrad prom\u011bn\u011bn\u00fd v <strong>5hv\u011bzdi\u010dkov\u00fd hotel<\/strong> a vhodn\u00e9 ubytov\u00e1n\u00ed pro hostuj\u00edc\u00ed golfisty. Ch\u016fze m\u016f\u017ee b\u00fdt v hork\u00fdch dnech pom\u011brn\u011b nam\u00e1hav\u00e1, a proto mohou hr\u00e1\u010di vyu\u017e\u00edt k cest\u011b na driving range a putting greeny buggy.<\/p>\n\n\n\n<h2 class=\"wp-block-heading\" id=\"golf-ptuj\">4. Golf Ptuj<\/h2>\n\n\n\n<p><strong>Rok v\u00fdroby: <\/strong>1992<\/p>\n\n\n\n<p><strong>Otvory: <\/strong>18<\/p>\n\n\n\n<p><strong>Par: <\/strong>71<\/p>\n\n\n\n<p><strong>D\u00e9lka:<\/strong> 5727 metr\u016f<\/p>\n\n\n\n<p>Stejn\u011b jako Golf Grad Oto\u010dec le\u017e\u00ed h\u0159i\u0161t\u011b Golf Ptuj pod\u00e9l \u0159eky a v bl\u00edzkosti hradu. <strong>\u0158eka Dr\u00e1va<\/strong> a <strong>Hrad Ptuj<\/strong>. Nach\u00e1z\u00ed se uprost\u0159ed rozlehl\u00e9 planiny a je odtud vid\u011bt na kilometry daleko do v\u0161ech stran.<\/p>\n\n\n\n\n\n<p>Toto h\u0159i\u0161t\u011b je \u010dasto pova\u017eov\u00e1no za nejl\u00e9pe upraven\u00e9 golfov\u00e9 h\u0159i\u0161t\u011b ve Slovinsku. Jeho <strong>18 jamek<\/strong> skr\u00fdvaj\u00ed mnoho past\u00ed a vodn\u00edch p\u0159ek\u00e1\u017eek, kde p\u0159esnost p\u0159eva\u017euje nad silou.&nbsp;<\/p>\n\n\n\n<h2 class=\"wp-block-heading\" id=\"cubo-golf-ljubljana\">5. Cubo Golf Ljubljana<\/h2>\n\n\n\n<p><strong>Rok v\u00fdroby: <\/strong>2008<\/p>\n\n\n\n<p><strong>Otvory: <\/strong>18<\/p>\n\n\n\n<p><strong>Par: <\/strong>72<\/p>\n\n\n\n<p><strong>D\u00e9lka: <\/strong>5872 metr\u016f<\/p>\n\n\n\n<p>Pouze <strong>15 minut<\/strong> sta\u010d\u00ed dojet z centra Lublan\u011b na h\u0159i\u0161t\u011b Cubo Golf Ljubljana. Je vybaveno <strong>modern\u00ed technologie<\/strong>, umo\u017e\u0148uje <strong>no\u010dn\u00ed z\u00e1sah<\/strong> a m\u00e1 otev\u0159en\u00e9 fairwaye, co\u017e vede k men\u0161\u00edmu po\u010dtu ztracen\u00fdch m\u00ed\u010dk\u016f.<\/p>\n\n\n\n\n\n<p>Kurz m\u00e1 <strong>18 jamek<\/strong>, v\u010detn\u011b \u0161esti par\u016f t\u0159i, \u0161esti par\u016f \u010dty\u0159i a \u0161esti par\u016f p\u011bt. M\u016f\u017ee se pochlubit driving range, chippingovou plochou, putting greenem a kompaktn\u00edm h\u0159i\u0161t\u011bm. Po dni pln\u00e9m odpalov\u00e1n\u00ed m\u00ed\u010dk\u016f m\u016f\u017eete posed\u011bt u j\u00eddla v restauraci. <strong>Restaurace Cubo<\/strong>.<\/p>\n\n\n\n<h2 class=\"wp-block-heading\" id=\"golf-livada\">6. Golf Livada Moravske Toplice<\/h2>\n\n\n\n<p><strong>Rok v\u00fdroby: <\/strong>1998<\/p>\n\n\n\n<p><strong>Otvory:<\/strong> 18<\/p>\n\n\n\n<p><strong>Par:<\/strong> 72<\/p>\n\n\n\n<p><strong>D\u00e9lka:<\/strong> 6236 metr\u016f<\/p>\n\n\n\n<p>H\u0159i\u0161t\u011b Golf Livada Moravsk\u00e9 Toplice se nach\u00e1z\u00ed vedle term\u00e1ln\u00edch l\u00e1zn\u00ed <strong>Terme 3000<\/strong>. Byl postaven pro l\u00e1ze\u0148sk\u00e9 hosty, kte\u0159\u00ed cht\u011bj\u00ed spojit relaxa\u010dn\u00ed dovolenou s golfem. V are\u00e1lu se nach\u00e1z\u00ed <strong>18 jamek<\/strong>, driving range a buggy, kter\u00e9 jsou k dispozici pro j\u00edzdu po h\u0159i\u0161ti.<\/p>\n\n\n\n\n\n<p>Pokud chcete spojit golfovou dovolenou s term\u00e1ln\u00ed relaxac\u00ed, nav\u0161tivte pr\u00e1v\u011b toto golfov\u00e9 h\u0159i\u0161t\u011b ve Slovinsku.<\/p>\n\n\n\n<h2 class=\"wp-block-heading\" id=\"golf-mokrice\">7. Golf Grad Mokrice<\/h2>\n\n\n\n<p><strong>Rok v\u00fdroby: <\/strong>1944<\/p>\n\n\n\n<p><strong>Otvory: <\/strong>18<\/p>\n\n\n\n<p><strong>Par: <\/strong>71<\/p>\n\n\n\n<p><strong>D\u00e9lka:<\/strong> 5785 metr\u016f<\/p>\n\n\n\n<p>Golf Grad Mokrice sice nen\u00ed nejzn\u00e1m\u011bj\u0161\u00edm golfov\u00fdm h\u0159i\u0161t\u011bm ve Slovinsku, ale je jedn\u00edm z nejlep\u0161\u00edch golfov\u00fdch h\u0159i\u0161\u0165 v zemi. <strong>nejn\u00e1ro\u010dn\u011bj\u0161\u00ed otvory<\/strong> v t\u00e9to \u010d\u00e1sti Evropy. Mezi <strong>18 pol\u00ed<\/strong>, p\u00e1t\u00fd par-\u010dty\u0159ka je pro ka\u017ed\u00e9ho golfistu nejt\u011b\u017e\u0161\u00ed.<\/p>\n\n\n\n\n\n<p>H\u0159i\u0161t\u011b se t\u00e1hne pod hradbami st\u0159edov\u011bk\u00e9ho hradu. <strong>Hrad Mokrice<\/strong> p\u0159es zelen\u00e1 pole obklopen\u00e1 lesem. Dokonce i jezero slou\u017e\u00ed jako p\u0159\u00edrodn\u00ed p\u0159ek\u00e1\u017eka. S Kr\u00e1lovsk\u00fdm Bledem m\u00e1 jednu podobnost - jeho autorem byl <strong>Donald Harradine<\/strong>.<\/p>\n\n\n\n<h3 class=\"wp-block-heading\">Nav\u0161tivte Slovinsko na sv\u00e9 nadch\u00e1zej\u00edc\u00ed golfov\u00e9 dovolen\u00e9!<\/h3>\n\n\n\n<p>Pokud hled\u00e1te ide\u00e1ln\u00ed m\u00edsto pro odpo\u010dinek na golfov\u00e9 dovolen\u00e9, <strong>Slovinsko je va\u0161e nejlep\u0161\u00ed volba<\/strong>. Tato h\u0159i\u0161t\u011b p\u0159edstavuj\u00ed jen \u0161pi\u010dku ledovce a existuje spousta dal\u0161\u00edch volno\u010dasov\u00fdch aktivit, kter\u00e9 m\u016f\u017eete s golfem spojit. Slovinsko je skv\u011bl\u00fdm m\u00edstem pro odpo\u010dinek p\u0159i va\u0161\u00ed obl\u00edben\u00e9 h\u0159e.<\/p>\n\n\n\n<p>Jak v\u00e1m m\u016f\u017eeme pomoci navrhnout ide\u00e1ln\u00ed golfovou dovolenou ve Slovinsku, se dozv\u00edte, kdy\u017e nav\u0161t\u00edv\u00edte na\u0161e str\u00e1nky. <a href=\"https:\/\/golf-slovenia.com\/cs\/\">domovsk\u00e1 str\u00e1nka<\/a>. Pot\u00e9 m\u016f\u017eete vyplnit na\u0161i <a href=\"https:\/\/golf-slovenia.com\/cs\/dotaz\/\">popt\u00e1vkov\u00fd formul\u00e1\u0159<\/a>a my m\u016f\u017eeme za\u010d\u00edt rezervovat va\u0161e tee times!<\/p>","protected":false},"excerpt":{"rendered":"<p>Slovinsko se jako destinace golfov\u00e9 turistiky exponenci\u00e1ln\u011b rozv\u00edj\u00ed. V sou\u010dasn\u00e9 dob\u011b je ve Slovinsku 15 golfov\u00fdch h\u0159i\u0161\u0165, kter\u00e1 se neust\u00e1le sna\u017e\u00ed poskytovat sv\u00fdm z\u00e1kazn\u00edk\u016fm co nejlep\u0161\u00ed slu\u017eby. Golfov\u00e9 h\u0159i\u0161t\u011b Royal Bled se dokonce dostalo mezi 100 nejlep\u0161\u00edch golfov\u00fdch h\u0159i\u0161\u0165 kontinent\u00e1ln\u00ed Evropy a dal\u0161\u00ed \u010dty\u0159i slovinsk\u00e1 golfov\u00e1 h\u0159i\u0161t\u011b jsou zva\u017eov\u00e1na pro ... <a href=\"https:\/\/golf-slovenia.com\/cs\/7-nejlepsich-slovinskych-golfovych-hrist\/\">Pokra\u010dov\u00e1n\u00ed<\/a><\/p>","protected":false},"author":1,"featured_media":47,"parent":0,"menu_order":0,"comment_status":"closed","ping_status":"closed","template":"","meta":{"_acf_changed":false,"footnotes":""},"class_list":["post-300","page","type-page","status-publish","has-post-thumbnail","hentry"],"acf":{"page_subheading":"Learn all you need to know about best golf courses in Slovenia before planning your golf holidays and booking your tee times at these elite venues."},"_links":{"self":[{"href":"https:\/\/golf-slovenia.com\/cs\/wp-json\/wp\/v2\/pages\/300","targetHints":{"allow":["GET"]}}],"collection":[{"href":"https:\/\/golf-slovenia.com\/cs\/wp-json\/wp\/v2\/pages"}],"about":[{"href":"https:\/\/golf-slovenia.com\/cs\/wp-json\/wp\/v2\/types\/page"}],"author":[{"embeddable":true,"href":"https:\/\/golf-slovenia.com\/cs\/wp-json\/wp\/v2\/users\/1"}],"replies":[{"embeddable":true,"href":"https:\/\/golf-slovenia.com\/cs\/wp-json\/wp\/v2\/comments?post=300"}],"version-history":[{"count":20,"href":"https:\/\/golf-slovenia.com\/cs\/wp-json\/wp\/v2\/pages\/300\/revisions"}],"predecessor-version":[{"id":6493,"href":"https:\/\/golf-slovenia.com\/cs\/wp-json\/wp\/v2\/pages\/300\/revisions\/6493"}],"wp:featuredmedia":[{"embeddable":true,"href":"https:\/\/golf-slovenia.com\/cs\/wp-json\/wp\/v2\/media\/47"}],"wp:attachment":[{"href":"https:\/\/golf-slovenia.com\/cs\/wp-json\/wp\/v2\/media?parent=300"}],"curies":[{"name":"wp","href":"https:\/\/api.w.org\/{rel}","templated":true}]}}