{"id":20,"date":"2022-11-15T10:52:33","date_gmt":"2022-11-15T10:52:33","guid":{"rendered":"https:\/\/golf-slovenia.com\/partners\/"},"modified":"2022-11-19T18:17:37","modified_gmt":"2022-11-19T18:17:37","slug":"partneri","status":"publish","type":"page","link":"https:\/\/golf-slovenia.com\/cs\/partneri\/","title":{"rendered":"Partne\u0159i"},"content":{"rendered":"<p><strong><a href=\"https:\/\/slovenia-holidays.com\/\" target=\"_blank\" rel=\"noreferrer noopener\">DOVOLEN\u00c1 VE SLOVINSKU<\/a><\/strong><\/p>\n\n\n\n<p>Nej\u0161ir\u0161\u00ed nab\u00eddka dovolen\u00e9 ve Slovinsku. Od aktivn\u00edch a dobrodru\u017en\u00fdch bal\u00ed\u010dk\u016f p\u0159es organizovan\u00e9 v\u00fdlety s outdoorov\u00fdmi aktivitami, rodinnou dovolenou a pohodov\u00e9 pobyty ve m\u011bst\u011b a\u017e po luxusn\u00ed dovolenou a dovolenou na m\u00edru. A\u0165 u\u017e d\u00e1v\u00e1te p\u0159ednost \u010demukoli, dovolen\u00e1 ve Slovinsku v\u00e1m nab\u00eddne ty nejlep\u0161\u00ed z\u00e1jezdy s pr\u016fvodcem i bez n\u011bj.<\/p>\n\n\n\n<p><strong><a href=\"https:\/\/slovenia-activites.com\/\" target=\"_blank\" rel=\"noreferrer noopener\">AKTIVITY VE SLOVINSKU<\/a><\/strong><\/p>\n\n\n\n<p>Slovenia Activities v\u00e1m otev\u0159e dve\u0159e ke v\u0161em nejlep\u0161\u00edm z\u00e1\u017eitk\u016fm, kter\u00e9 Slovinsko nab\u00edz\u00ed. Postar\u00e1me se, abyste si v\u00fdjime\u010dn\u00fd potenci\u00e1l na\u0161\u00ed zem\u011b u\u017eili naplno. A\u0165 u\u017e se v\u011bnujete konkr\u00e9tn\u00ed outdoorov\u00e9 aktivit\u011b, vyd\u00e1te se na kulin\u00e1\u0159skou cestu, nebo se rozhodnete pro kombinaci relaxa\u010dn\u00edch z\u00e1bav a jejich vzru\u0161uj\u00edc\u00edch variant - dobrodru\u017estv\u00ed za\u010d\u00edn\u00e1 pr\u00e1v\u011b zde!&nbsp;&nbsp;<\/p>\n\n\n\n<p><strong><a href=\"https:\/\/day-trips-slovenia.com\/\" target=\"_blank\" rel=\"noreferrer noopener\">JEDNODENN\u00cd V\u00ddLETY SLOVINSKO<\/a><\/strong><\/p>\n\n\n\n<p>Jednodenn\u00ed v\u00fdlety v mal\u00fdch skupin\u00e1ch a soukrom\u00e9 v\u00fdlety z Lublan\u011b, Bledu, Koperu, Z\u00e1h\u0159ebu a Ben\u00e1tek za pozn\u00e1n\u00edm nejlep\u0161\u00edch m\u00edst Slovinska v kombinaci s jednodenn\u00edmi v\u00fdlety do sousedn\u00edho Chorvatska a It\u00e1lie.<\/p>\n\n\n\n<p><strong><a href=\"https:\/\/fishing-guides-slovenia.com\/\" target=\"_blank\" rel=\"noreferrer noopener\">RYB\u00c1\u0158\u0160T\u00cd PR\u016eVODCI SLOVINSKO<\/a><\/strong><\/p>\n\n\n\n<p>Nezapomenuteln\u00e9 ryb\u00e1\u0159sk\u00e9 z\u00e1\u017eitky (v\u00fdlet a dovolen\u00e1, p\u016fj\u010dovna vybaven\u00ed) s m\u00edstn\u00edmi ryb\u00e1\u0159i na kr\u00e1sn\u00fdch skryt\u00fdch m\u00edstech po cel\u00e9m Slovinsku.<\/p>\n\n\n\n<p><strong><a href=\"https:\/\/wine-tours-slovenia.com\/\" target=\"_blank\" rel=\"noreferrer noopener\">VINA\u0158SK\u00c9 V\u00ddLETY SLOVINSKO<\/a><\/strong><\/p>\n\n\n\n<p>V\u00fdlety za v\u00ednem jsou ide\u00e1ln\u00ed pro za\u010d\u00ednaj\u00edc\u00ed i zku\u0161en\u00e9 degust\u00e1tory. Nepot\u0159ebujete \u017e\u00e1dn\u00e9 p\u0159edchoz\u00ed znalosti. Jedin\u00e9, co je pot\u0159eba, je touha odpo\u010d\u00edvat, p\u00edt v\u00edno a je\u0161t\u011b v\u00edce odpo\u010d\u00edvat.<\/p>\n\n\n\n<p>Neexistuje lep\u0161\u00ed zp\u016fsob, jak poznat bohatou slovinskou vina\u0159skou tradici z prvn\u00ed ruky, sezn\u00e1mit se s ostatn\u00edmi cestovateli a ochutnat p\u0159\u00edrodn\u00ed kr\u00e1sy b\u011bhem jedin\u00e9ho dne.<\/p>\n\n\n\n<p><strong><a href=\"https:\/\/biketourljubljana.com\/\" target=\"_blank\" rel=\"noreferrer noopener\">CYKLISTICK\u00c1 T\u00daRA LJUBLJANA<\/a><\/strong><\/p>\n\n\n\n<p>Uvoln\u011bn\u00e1, \u017eiv\u00e1 a z\u00e1bavn\u00e1 cesta po kulis\u00e1ch a bohat\u00e9m kulturn\u00edm d\u011bdictv\u00ed Lublan\u011b. Krom\u011b kr\u00e1sn\u00fdch pam\u00e1tek se s v\u00e1mi pod\u011bl\u00edme tak\u00e9 o poutav\u00e9 p\u0159\u00edb\u011bhy z minulosti i o aktu\u00e1ln\u00ed d\u011bn\u00ed ve m\u011bst\u011b.<\/p>\n\n\n\n<p><a href=\"https:\/\/walking-holidays-slovenia.com\/\"><strong>P\u011a\u0160\u00cd DOVOLEN\u00c1 SLOVINSKO<\/strong><\/a><\/p>\n\n\n\n<p>Na\u0161e p\u011b\u0161\u00ed dovolen\u00e1 ve Slovinsku je ur\u010dena pro ty, kte\u0159\u00ed r\u00e1di tr\u00e1v\u00ed \u010das v p\u0159\u00edrod\u011b a objevuj\u00ed zaj\u00edmavosti Slovinska, kam se ned\u00e1 dojet autem. Od pohodov\u00fdch proch\u00e1zek pod\u00e9l nedot\u010den\u00fdch \u0159ek a\u017e po dobrodru\u017en\u00e9 t\u00fary v hor\u00e1ch.<\/p>\n\n\n\n<p><a href=\"https:\/\/huttohuthikingslovenia.com\/\"><strong>OD CHATY K CHAT\u011a P\u011a\u0160\u00cd TURISTIKA SLOVINSKO<\/strong><\/a><\/p>\n\n\n\n<p>Za\u017eijte kouzlo putov\u00e1n\u00ed mezi chatami ve slovinsk\u00fdch hor\u00e1ch. Mezi vrcholky Julsk\u00fdch Alp a nedot\u010denou p\u0159\u00edrodou Triglavsk\u00e9ho n\u00e1rodn\u00edho parku nen\u00ed lep\u0161\u00edho m\u00edsta k probuzen\u00ed ne\u017e v\u00fdchod slunce v hor\u00e1ch.<\/p>\n\n\n\n<p><a href=\"https:\/\/triglavtours.com\/\"><strong>TRIGLAV TOURS<\/strong><\/a><\/p>\n\n\n\n<p>Zdol\u00e1n\u00ed nejvy\u0161\u0161\u00edho vrcholu Julsk\u00fdch Alp a nejvy\u0161\u0161\u00ed hory Slovinska. S pomoc\u00ed na\u0161ich zku\u0161en\u00fdch profesion\u00e1ln\u00edch horsk\u00fdch v\u016fdc\u016f nebyl v\u00fdstup na Triglav nikdy p\u0159\u00edjemn\u011bj\u0161\u00ed a bezpe\u010dn\u011bj\u0161\u00ed.<\/p>\n\n\n\n<p><a href=\"https:\/\/slovenia-fly-fishing.com\/\"><strong>SLOVINSKO MU\u0160KA\u0158EN\u00cd<\/strong><\/a><\/p>\n\n\n\n<p>Slovinsko je zem\u011b pln\u00e1 \u0159ek pln\u00fdch ryb, kter\u00e9 le\u017e\u00ed v rozmanit\u00e9 krajin\u011b mezi horami, rovinami a mo\u0159em. S pomoc\u00ed na\u0161ich odborn\u00fdch m\u00edstn\u00edch ryb\u00e1\u0159sk\u00fdch pr\u016fvodc\u016f bude mu\u0161ka\u0159en\u00ed ve Slovinsku nezapomenuteln\u00fdm z\u00e1\u017eitkem.<\/p>\n\n\n\n<p><strong><a href=\"https:\/\/thebalkantours.com\/\">BALK\u00c1NSK\u00c9 TURN\u00c9<\/a><\/strong><\/p>\n\n\n\n<p>Nezapomenuteln\u00e1 dovolen\u00e1 v balk\u00e1nsk\u00fdch zem\u00edch.<\/p>\n\n\n\n<p><strong><a href=\"https:\/\/shoreexcursionskoper.com\/\" target=\"_blank\" rel=\"noreferrer noopener\">POB\u0158E\u017dN\u00cd V\u00ddLETY KOPER<\/a><\/strong><\/p>\n\n\n\n<p>Nejlep\u0161\u00ed v\u00fdlety z Koperu po Slovinsku s pr\u016fvodcem, p\u0159i kter\u00fdch objev\u00edte jeho nejv\u011bt\u0161\u00ed zaj\u00edmavosti i skryt\u00e9 skvosty.<\/p>\n\n\n\n<p><strong><a href=\"https:\/\/hvarstagdo.com\/\" target=\"_blank\" rel=\"noreferrer noopener\">HVAR STAG DO<\/a><\/strong><\/p>\n\n\n\n<p>Nejlep\u0161\u00ed m\u00edsto pro uspo\u0159\u00e1d\u00e1n\u00ed nezapomenuteln\u00e9 rozlu\u010dky se svobodou na neuv\u011b\u0159iteln\u00e9m ostrov\u011b Hvar, kde m\u016f\u017eete sv\u00e9mu p\u0159\u00edteli dop\u0159\u00e1t n\u011bkolik posledn\u00edch noc\u00ed z\u00e1bavy p\u0159edt\u00edm, ne\u017e si uv\u00e1\u017ee uzel.<\/p>\n\n\n\n<p><strong><a href=\"https:\/\/sloveniaprivatetours.com\/\" target=\"_blank\" rel=\"noreferrer noopener\">SOUKROM\u00c9 Z\u00c1JEZDY DO SLOVINSKA<\/a><\/strong><\/p>\n\n\n\n<p>Soukrom\u00e9 z\u00e1jezdy do Slovinska jsou p\u0159\u00edle\u017eitost\u00ed, jak poznat na\u0161i zemi zcela bez stresu, ve spole\u010dnosti profesion\u00e1ln\u00edho m\u00edstn\u00edho \u0159idi\u010de a pr\u016fvodce, kter\u00fd v\u00e1m uk\u00e1\u017ee, co je Slovinsko.<\/p>","protected":false},"excerpt":{"rendered":"<p>DOVOLEN\u00c1 SLOVINSKO Nej\u0161ir\u0161\u00ed nab\u00eddka dovolen\u00e9 ve Slovinsku. Od aktivn\u00edch a dobrodru\u017en\u00fdch bal\u00ed\u010dk\u016f p\u0159es organizovan\u00e9 z\u00e1jezdy s outdoorov\u00fdmi aktivitami, rodinnou dovolenou a pohodov\u00e9 pobyty ve m\u011bst\u011b a\u017e po luxusn\u00ed dovolenou a dovolenou na m\u00edru. A\u0165 u\u017e d\u00e1v\u00e1te p\u0159ednost \u010demukoli, Slovenia Holidays v\u00e1m nab\u00eddne ty nejlep\u0161\u00ed z\u00e1jezdy s pr\u016fvodcem i bez n\u011bj. SLOVINSKO AKTIVITY Slovinsko Aktivity otev\u00edr\u00e1 dve\u0159e do ... <a href=\"https:\/\/golf-slovenia.com\/cs\/partneri\/\">Pokra\u010dov\u00e1n\u00ed<\/a><\/p>","protected":false},"author":1,"featured_media":0,"parent":0,"menu_order":0,"comment_status":"open","ping_status":"open","template":"","meta":{"_acf_changed":false,"footnotes":""},"class_list":["post-20","page","type-page","status-publish","hentry"],"acf":{"page_subheading":"We are stronger together."},"_links":{"self":[{"href":"https:\/\/golf-slovenia.com\/cs\/wp-json\/wp\/v2\/pages\/20","targetHints":{"allow":["GET"]}}],"collection":[{"href":"https:\/\/golf-slovenia.com\/cs\/wp-json\/wp\/v2\/pages"}],"about":[{"href":"https:\/\/golf-slovenia.com\/cs\/wp-json\/wp\/v2\/types\/page"}],"author":[{"embeddable":true,"href":"https:\/\/golf-slovenia.com\/cs\/wp-json\/wp\/v2\/users\/1"}],"replies":[{"embeddable":true,"href":"https:\/\/golf-slovenia.com\/cs\/wp-json\/wp\/v2\/comments?post=20"}],"version-history":[{"count":1,"href":"https:\/\/golf-slovenia.com\/cs\/wp-json\/wp\/v2\/pages\/20\/revisions"}],"predecessor-version":[{"id":40,"href":"https:\/\/golf-slovenia.com\/cs\/wp-json\/wp\/v2\/pages\/20\/revisions\/40"}],"wp:attachment":[{"href":"https:\/\/golf-slovenia.com\/cs\/wp-json\/wp\/v2\/media?parent=20"}],"curies":[{"name":"wp","href":"https:\/\/api.w.org\/{rel}","templated":true}]}}