{"id":19,"date":"2022-11-15T10:52:33","date_gmt":"2022-11-15T10:52:33","guid":{"rendered":"https:\/\/golf-slovenia.com\/sustainability\/"},"modified":"2022-11-19T18:17:53","modified_gmt":"2022-11-19T18:17:53","slug":"udrzitelnost","status":"publish","type":"page","link":"https:\/\/golf-slovenia.com\/cs\/udrzitelnost\/","title":{"rendered":"Udr\u017eitelnost"},"content":{"rendered":"<h2 class=\"wp-block-heading\">PROHL\u00c1\u0160EN\u00cd O POSL\u00c1N\u00cd<\/h2>\n\n\n\n<p>Jsme perspektivn\u00ed incomingov\u00e1 cestovn\u00ed kancel\u00e1\u0159, jej\u00edm\u017e posl\u00e1n\u00edm je zprost\u0159edkovat na\u0161im klient\u016fm jedine\u010dn\u00e9 m\u00edstn\u00ed z\u00e1\u017eitky a obohatit m\u00edstn\u00ed nab\u00eddku o dal\u0161\u00ed aktivity. To se n\u00e1m da\u0159\u00ed a z\u00e1rove\u0148 podporujeme kulturn\u00ed a ekologickou anga\u017eovanost prost\u0159ednictv\u00edm \u00fazk\u00fdch vazeb s m\u00edstn\u00edmi dodavateli. Pova\u017eujeme za svou povinnost spolupracovat p\u0159\u00edmo s dodavateli, klienty a celou komunitou a podporovat udr\u017eitelnost prost\u0159ednictv\u00edm vzd\u011bl\u00e1v\u00e1n\u00ed a ochrany kulturn\u00edch a p\u0159\u00edrodn\u00edch zdroj\u016f v na\u0161ich destinac\u00edch.<\/p>\n\n\n\n<h2 class=\"wp-block-heading\">POLITIKA UDR\u017dITELNOSTI SPOLE\u010cNOSTI LEP D.O.O.<\/h2>\n\n\n\n<p>V\u011bnujeme se ochran\u011b \u017eivotn\u00edho prost\u0159ed\u00ed a sni\u017eov\u00e1n\u00ed negativn\u00edch dopad\u016f na p\u0159\u00edrodu. V z\u00e1jmu ochrany \u017eivotn\u00edho prost\u0159ed\u00ed se zavazujeme jednat n\u00e1sleduj\u00edc\u00edm zp\u016fsobem:<\/p>\n\n\n\n<ul class=\"wp-block-list\">\n<li>dodr\u017eovat pr\u00e1vn\u00ed p\u0159edpisy na ochranu \u017eivotn\u00edho prost\u0159ed\u00ed,<\/li>\n\n\n\n<li>sledovat dopady na\u0161ich \u010dinnost\u00ed na \u017eivotn\u00ed prost\u0159ed\u00ed,<\/li>\n\n\n\n<li>splnit c\u00edle a opat\u0159en\u00ed stanoven\u00e9 v politice udr\u017eitelnosti,<\/li>\n\n\n\n<li>informovat zam\u011bstnance o na\u0161\u00ed politice, c\u00edlech a opat\u0159en\u00edch v oblasti udr\u017eitelnosti.<\/li>\n\n\n\n<li>informovat hosty a dodavatele o na\u0161em \u00fasil\u00ed o sn\u00ed\u017een\u00ed negativn\u00edch dopad\u016f na\u0161\u00ed \u010dinnosti na \u017eivotn\u00ed prost\u0159ed\u00ed a povzbuzovat je k \u00fa\u010dasti a podpo\u0159e,<\/li>\n\n\n\n<li>podporovat udr\u017eitelnou mobilitu a dal\u0161\u00ed postupy \u0161etrn\u00e9 k \u017eivotn\u00edmu prost\u0159ed\u00ed mezi na\u0161imi zam\u011bstnanci.<\/li>\n<\/ul>\n\n\n\n<p>Zvl\u00e1\u0161tn\u00ed pozornost v\u011bnujeme n\u00e1sleduj\u00edc\u00edm oblastem:<\/p>\n\n\n\n<h3 class=\"wp-block-heading\">SPOT\u0158EBA ENERGIE<\/h3>\n\n\n\n<p>Na\u0161e spole\u010dnost se zav\u00e1zala k neust\u00e1l\u00e9mu zlep\u0161ov\u00e1n\u00ed sv\u00e9 energetick\u00e9 v\u00fdkonnosti a sni\u017eov\u00e1n\u00ed emis\u00ed sklen\u00edkov\u00fdch plyn\u016f.<\/p>\n\n\n\n<p>K dosa\u017een\u00ed c\u00edl\u016f bude spole\u010dnost:<\/p>\n\n\n\n<ol class=\"wp-block-list\">\n<li>Sn\u00ed\u017eit energetickou n\u00e1ro\u010dnost cel\u00e9ho provozu:<\/li>\n<\/ol>\n\n\n\n<p>Spot\u0159ebi\u010de a elektronika - nakupujte energeticky \u00fasporn\u00e9 v\u00fdrobky a provozujte je efektivn\u011b. Pou\u017e\u00edvejte modern\u00ed nap\u00e1jec\u00ed li\u0161tu, abyste sn\u00ed\u017eili \"up\u00ed\u0159\u00ed z\u00e1t\u011b\u017e\" -&gt; elektrickou energii, kter\u00e1 se ztr\u00e1c\u00ed, kdy\u017e se elektronika nepou\u017e\u00edv\u00e1. Osv\u011btlen\u00ed -&gt; Nakupujte energeticky \u00fa\u010dinn\u00e9 v\u00fdrobky, provozujte je efektivn\u011b a za\u0159a\u010fte do na\u0161\u00ed kancel\u00e1\u0159e v\u00edce denn\u00edho sv\u011btla pomoc\u00ed energeticky \u00fa\u010dinn\u00fdch oken a st\u0159e\u0161n\u00edch oken. Elektrick\u00e9 vyt\u00e1p\u011bn\u00ed a chlazen\u00ed prostor -&gt; N\u00e1kup energeticky \u00fa\u010dinn\u00fdch elektrick\u00fdch syst\u00e9m\u016f a jejich efektivn\u00ed provoz. Spr\u00e1vn\u011b izolujte a ut\u011bsn\u011bte na\u0161i kancel\u00e1\u0159.  Elektrick\u00fd oh\u0159ev vody -&gt; Zakoupit energeticky \u00fa\u010dinn\u00fd elektrick\u00fd oh\u0159\u00edva\u010d vody a efektivn\u011b ho provozovat nebo zvolit energeticky \u00fa\u010dinn\u00fd oh\u0159\u00edva\u010d vody, kter\u00fd nespot\u0159ebov\u00e1v\u00e1 elekt\u0159inu.<\/p>\n\n\n\n<ol class=\"wp-block-list\">\n<li>Efektivn\u011bj\u0161\u00ed vyu\u017e\u00edv\u00e1n\u00ed energie<\/li>\n\n\n\n<li>Dod\u00e1vky energie z obnoviteln\u00fdch zdroj\u016f<\/li>\n\n\n\n<li>sledovat, m\u011b\u0159it a vykazovat \u00fadaje o spot\u0159eb\u011b a v\u00fdrob\u011b energie a<\/li>\n\n\n\n<li>Podporovat pov\u011bdom\u00ed o odpov\u011bdnosti za \u00fasporu energie u v\u0161ech zam\u011bstnanc\u016f, student\u016f a dodavatel\u016f.<\/li>\n<\/ol>\n\n\n\n<p>Pronaj\u00edm\u00e1me si prostory v kancel\u00e1\u0159sk\u00e9 budov\u011b s ekologickou architekturou, kter\u00e1 d\u00edky pe\u010dliv\u00e9mu v\u00fdb\u011bru materi\u00e1l\u016f a bezchybn\u00e9mu technick\u00e9mu \u0159e\u0161en\u00ed v\u00fdrazn\u011b sni\u017euje spot\u0159ebu energie a sklen\u00edkov\u00fdch plyn\u016f. K n\u00edzk\u00fdm provozn\u00edm n\u00e1klad\u016fm d\u00e1le p\u0159isp\u00edv\u00e1 odv\u011btr\u00e1van\u00e1 hlin\u00edkov\u00e1 fas\u00e1da s tepelnou izolac\u00ed, v\u00edcevrstv\u00e9 zasklen\u00ed, mo\u017enost otev\u00edr\u00e1n\u00ed oken, centr\u00e1ln\u00ed \u0159\u00eddic\u00ed syst\u00e9m pro monitorov\u00e1n\u00ed chlazen\u00ed\/topen\u00ed a d\u00e1lkov\u00e9 vyt\u00e1p\u011bn\u00ed.<\/p>\n\n\n\n<h3 class=\"wp-block-heading\">SPOT\u0158EBA VODY<\/h3>\n\n\n\n<p>Ve spole\u010dnosti Lep d.o.o. pou\u017e\u00edv\u00e1me vodu \u0161etrn\u011b. U obou kohoutk\u016f v kancel\u00e1\u0159i jsou barevn\u00e9 n\u00e1lepky, kter\u00e9 na\u0161e zam\u011bstnance nab\u00e1daj\u00ed k \u0161et\u0159en\u00ed vodou.<\/p>\n\n\n\n<h3 class=\"wp-block-heading\">NAKL\u00c1D\u00c1N\u00cd S ODPADY<\/h3>\n\n\n\n<p>Sna\u017e\u00edme se sni\u017eovat mno\u017estv\u00ed odpadu produkovan\u00e9ho v kancel\u00e1\u0159i, zejm\u00e9na mno\u017estv\u00ed plast\u016f. Za t\u00edmto \u00fa\u010delem nakupujeme zbo\u017e\u00ed bez nebo s mal\u00fdm mno\u017estv\u00edm<br>balen\u00ed. Zbo\u017e\u00ed se nakupuje ve velk\u00e9m, pokud je to mo\u017en\u00e9. T\u0159\u00edd\u00edme tak\u00e9 odpad (pap\u00edr, plasty a obaly, sklo), kter\u00fd n\u00e1sledn\u011b odkl\u00e1d\u00e1me do p\u0159\u00edslu\u0161n\u00fdch m\u011bstsk\u00fdch kontejner\u016f a recyklujeme.<\/p>\n\n\n\n<h3 class=\"wp-block-heading\">SPOT\u0158EBA OSTATN\u00cdCH ZDROJ\u016e (PAP\u00cdR)<\/h3>\n\n\n\n<p>Spole\u010dnost Lep d.o.o. sni\u017euje spot\u0159ebu pap\u00edru t\u00edm, \u017ee se zam\u011b\u0159uje na digit\u00e1ln\u00ed marketing a online komunikaci. Tisk zb\u00fdvaj\u00edc\u00edch materi\u00e1l\u016f je pe\u010dliv\u011b a p\u0159esn\u011b pl\u00e1nov\u00e1n, aby se zabr\u00e1nilo vzniku zbytkov\u00fdch nevyu\u017eit\u00fdch materi\u00e1l\u016f. Pou\u017e\u00edv\u00e1me certifikovan\u00fd recyklovan\u00fd pap\u00edr.<\/p>\n\n\n\n<h3 class=\"wp-block-heading\">HR POLITIKA<\/h3>\n\n\n\n<p>V na\u0161\u00ed spole\u010dnosti zaji\u0161\u0165ujeme dobr\u00e9 pracovn\u00ed podm\u00ednky. Respektujeme n\u00e1rodn\u00ed i mezin\u00e1rodn\u00ed legislativu v oblasti pr\u00e1ce a lidsk\u00fdch pr\u00e1v. Zam\u011bstnanc\u016fm jsou poskytov\u00e1ny pravideln\u00e9 vzd\u011bl\u00e1vac\u00ed a \u0161kolic\u00ed programy a jsou sezn\u00e1meni s politikou, c\u00edli a opat\u0159en\u00edmi spole\u010dnosti v oblasti udr\u017eiteln\u00e9ho rozvoje.<\/p>\n\n\n\n<h3 class=\"wp-block-heading\">N\u00c1KUPN\u00cd POLITIKA<\/h3>\n\n\n\n<p>V na\u0161\u00ed spole\u010dnosti Lep d.o.o. si uv\u011bdomujeme, \u017ee n\u00e1kupem m\u00edstn\u00edho zbo\u017e\u00ed a slu\u017eeb p\u0159isp\u00edv\u00e1me k blahobytu m\u00edstn\u00ed komunity. Na\u0161e n\u00e1kupn\u00ed politika proto up\u0159ednost\u0148uje m\u00edstn\u00ed v\u00fdrobky, stejn\u011b jako v\u00fdrobky \u0161etrn\u00e9 k \u017eivotn\u00edmu prost\u0159ed\u00ed a v\u00fdrobky s certifik\u00e1ty udr\u017eitelnosti (fair trade, bio, FSC atd.).<\/p>\n\n\n\n<h2 class=\"wp-block-heading\"><strong>CELKOV\u00dd C\u00cdL<\/strong><\/h2>\n\n\n\n<p>Chceme se s na\u0161imi hosty pod\u011blit o na\u0161i v\u00e1\u0161e\u0148 pro Slovinsko a znalosti jeho p\u0159\u00edrody, historie a lid\u00ed prost\u0159ednictv\u00edm udr\u017eiteln\u00e9ho cestov\u00e1n\u00ed, kter\u00e9 je pro na\u0161i spole\u010dnost v\u00fdhodn\u00e9 a prosp\u011b\u0161n\u00e9 pro m\u00edstn\u00ed komunity a \u017eivotn\u00ed prost\u0159ed\u00ed.<\/p>\n\n\n\n<p><strong>KOMUNITY A KULTURA<\/strong><\/p>\n\n\n\n<p>- Prov\u00e1d\u011bt a podporovat projekty na ochranu p\u0159\u00edrody a vzd\u011bl\u00e1v\u00e1n\u00ed a p\u0159isp\u00edvat na charitativn\u00ed organizace a iniciativy v nav\u0161t\u00edven\u00fdch komunit\u00e1ch.<\/p>\n\n\n\n<p>- Prov\u00e1d\u011bt z\u00e1jezdy s c\u00edlem maximalizovat p\u0159\u00ednos pro kulturn\u00ed d\u011bdictv\u00ed nav\u0161t\u00edven\u00fdch komunit a motivovat je k udr\u017eov\u00e1n\u00ed a ochran\u011b jejich kultury.<\/p>\n\n\n\n<p>- Rozv\u00edjet schopnost hostitelsk\u00fdch komunit vyd\u011bl\u00e1vat si na \u017eivobyt\u00ed prost\u0159ednictv\u00edm cestovn\u00edho ruchu t\u00edm, \u017ee je podpo\u0159\u00edte v zapojen\u00ed do s\u00edt\u011b cestovn\u00edho ruchu, porozum\u011bn\u00ed tomuto odv\u011btv\u00ed a z\u00edsk\u00e1n\u00ed p\u0159\u00edstupu na trh.<\/p>\n\n\n\n<p><strong>EKONOMICK\u00c1 ODPOV\u011aDNOST<\/strong><\/p>\n\n\n\n<p>- Udr\u017eujte pen\u00edze na m\u00edst\u011b t\u00edm, \u017ee budete (pokud mo\u017eno) nakupovat v m\u00edst\u011b a ubytov\u00e1vat se v rodinn\u00fdch penzionech a hotelech.<\/p>\n\n\n\n<p>- Zajistit \u010dinnosti vedouc\u00ed k z\u00edsk\u00e1n\u00ed p\u0159\u00edjm\u016f prost\u0159ednictv\u00edm zam\u011bstn\u00e1v\u00e1n\u00ed, \u0161kolen\u00ed a podpory m\u00edstn\u00edch lid\u00ed, aby se pod\u00edleli na realizaci na\u0161ich v\u00fdlet\u016f a aktivit.<\/p>\n\n\n\n<p>- Podporovat na\u0161e hosty v n\u00e1kupu m\u00edstn\u00edch \u0159emesel a slu\u017eeb.<\/p>\n\n\n\n<p><strong>ODPOV\u011aDNOST ZA \u017dIVOTN\u00cd PROST\u0158ED\u00cd<\/strong><\/p>\n\n\n\n<p>- Poskytovat vysoce kvalitn\u00ed a ekologicky \u0161etrn\u00e9 prohl\u00eddky d\u00edky na\u0161emu \u0161pi\u010dkov\u00e9mu p\u0159\u00edstupu ke \u0161kolen\u00ed na\u0161ich pr\u016fvodc\u016f, aby spl\u0148ovali mezin\u00e1rodn\u00ed pr\u016fvodcovsk\u00e9 standardy.<\/p>\n\n\n\n<p>- Zvy\u0161ovat pov\u011bdom\u00ed m\u00edstn\u00edch komunit o d\u016fle\u017eitosti ochrany p\u0159\u00edrodn\u00edho bohatstv\u00ed Slovinska.<\/p>\n\n\n\n<p>- Podporovat a iniciovat m\u00edstn\u00ed projekty obnovy a ochrany les\u016f.<\/p>\n\n\n\n<p><strong>CESTOVN\u00cd RUCH<\/strong><\/p>\n\n\n\n<p>- Prosazovat odpov\u011bdn\u00fd p\u0159\u00edstup k rozvoji cestovn\u00edho ruchu.<\/p>\n\n\n\n<p><strong>N\u00c1\u0160 T\u00ddM<\/strong><\/p>\n\n\n\n<p>- Poskytnout na\u0161im mlad\u00fdm zam\u011bstnanc\u016fm u\u017eite\u010dn\u00e9 pracovn\u00ed zku\u0161enosti.<\/p>\n\n\n\n<p>- Osobn\u00ed c\u00edle: nad\u00e1le podporujeme zam\u011bstnance p\u0159i pln\u011bn\u00ed osobn\u00edch c\u00edl\u016f.<\/p>\n\n\n\n<p>- Flexibiln\u00ed pracovn\u00ed doba: nad\u00e1le poskytujeme flexibiln\u00ed pracovn\u00ed prost\u0159ed\u00ed a doposud byly schv\u00e1leny v\u0161echny \u017e\u00e1dosti zam\u011bstnanc\u016f o zm\u011bnu jejich pracovn\u00edho re\u017eimu.<\/p>\n\n\n\n<p>- \u0160kolen\u00ed: 50% p\u0159isp\u00edv\u00e1 na n\u00e1klady na \u0161kolen\u00ed 2 nov\u00fdch pr\u016fvodc\u016f do roku 2023.<\/p>\n\n\n\n<p><strong>NA\u0160I Z\u00c1KAZN\u00cdCI<\/strong><\/p>\n\n\n\n<p>- Zlep\u0161it komunikaci o odpov\u011bdn\u00fdch aspektech na\u0161ich z\u00e1jezd\u016f.<\/p>\n\n\n\n<p>- Podporovat p\u0159\u00edsp\u011bvky na\u0161ich host\u016f na podporu m\u00edstn\u00edch d\u011bt\u00ed z rodin v nouzi. Dos\u00e1hnout do roku 2024 v\u00fd\u0161e daru 10000 \u20ac.<\/p>\n\n\n\n<h3 class=\"wp-block-heading\">OCEN\u011aN\u00cd PARTNER\u016e V CESTOVN\u00cdM RUCHU<\/h3>\n\n\n\n<figure class=\"wp-block-image\"><img decoding=\"async\" src=\"https:\/\/960335.smushcdn.com\/2779545\/wp-content\/uploads\/partner-300x117.webp?lossy=1&amp;strip=1&amp;webp=1\" alt=\"\" class=\"wp-image-3451\"\/><\/figure>\n\n\n\n<p>Ocen\u011bn\u00ed Travelife Partner je uzn\u00e1n\u00edm na\u0161eho z\u00e1vazku k soci\u00e1ln\u00ed a environment\u00e1ln\u00ed udr\u017eitelnosti. Na z\u00e1klad\u011b ov\u011b\u0159en\u00e9ho sebehodnocen\u00ed spl\u0148ujeme v\u00edce ne\u017e 100 krit\u00e9ri\u00ed t\u00fdkaj\u00edc\u00edch se \u0159\u00edzen\u00ed udr\u017eitelnosti, provozu kancel\u00e1\u0159\u00ed, spolupr\u00e1ce s dodavateli a komunikace se z\u00e1kazn\u00edky. Pracujeme na dal\u0161\u00edm zlep\u0161ov\u00e1n\u00ed s c\u00edlem dos\u00e1hnout nakonec stupn\u011b Travelife Certified, kter\u00fd je auditov\u00e1n t\u0159et\u00ed stranou.<\/p>\n\n\n\n<p>T\u00fdm spole\u010dnosti Lep d.o.o. s pot\u011b\u0161en\u00edm oznamuje, \u017ee se zapojil do projektu&nbsp;<strong>Travelife pro cestovn\u00ed kancel\u00e1\u0159e a cestovn\u00ed agentury<\/strong>&nbsp;sch\u00e9ma. Travelife je mezin\u00e1rodn\u011b uzn\u00e1van\u00fd, GSTC-Global Sustainable Tourism Council akreditovan\u00fd vzd\u011bl\u00e1vac\u00ed, mana\u017eersk\u00fd a certifika\u010dn\u00ed program v oblasti udr\u017eitelnosti cestovn\u00edho ruchu. Jedn\u00e1 se o t\u0159\u00edstup\u0148ov\u00fd certifika\u010dn\u00ed program pro touroper\u00e1tory a cestovn\u00ed kancel\u00e1\u0159e: (1) Travelife Engaged; (2) Travelife Partner a (3) Travelife Certified.<strong>&nbsp;Partner Travelife<\/strong>&nbsp;je uzn\u00e1n\u00edm na\u0161eho z\u00e1vazku k soci\u00e1ln\u00ed a environment\u00e1ln\u00ed udr\u017eitelnosti. Usilujeme o dal\u0161\u00ed zlep\u0161en\u00ed s c\u00edlem splnit krit\u00e9ria certifikace Travelife.<\/p>\n\n\n\n<p>Na\u0161e \u00fasp\u011bchy v oblasti udr\u017eitelnosti jsou shrnuty v t\u00e9to zpr\u00e1v\u011b o udr\u017eitelnosti.<\/p>","protected":false},"excerpt":{"rendered":"<p>POSL\u00c1N\u00cd Jsme perspektivn\u00ed incomingov\u00e1 cestovn\u00ed kancel\u00e1\u0159, jej\u00edm\u017e posl\u00e1n\u00edm je poskytovat na\u0161im klient\u016fm jedine\u010dn\u00e9 m\u00edstn\u00ed z\u00e1\u017eitky a obohacovat m\u00edstn\u00ed nab\u00eddku o dal\u0161\u00ed aktivity. Toho dosahujeme p\u0159i podpo\u0159e kulturn\u00ed a ekologick\u00e9 anga\u017eovanosti prost\u0159ednictv\u00edm \u00fazk\u00fdch vazeb na m\u00edstn\u00ed dodavatele. Pova\u017eujeme za svou povinnost spolupracovat p\u0159\u00edmo s dodavateli, ... <a href=\"https:\/\/golf-slovenia.com\/cs\/udrzitelnost\/\">Pokra\u010dov\u00e1n\u00ed<\/a><\/p>","protected":false},"author":1,"featured_media":0,"parent":0,"menu_order":0,"comment_status":"open","ping_status":"open","template":"","meta":{"_acf_changed":false,"footnotes":""},"class_list":["post-19","page","type-page","status-publish","hentry"],"acf":{"page_subheading":"A healthy environment is essential to continue our work, which is why we choose sustainable practices and environmentally friendly ways to do it."},"_links":{"self":[{"href":"https:\/\/golf-slovenia.com\/cs\/wp-json\/wp\/v2\/pages\/19","targetHints":{"allow":["GET"]}}],"collection":[{"href":"https:\/\/golf-slovenia.com\/cs\/wp-json\/wp\/v2\/pages"}],"about":[{"href":"https:\/\/golf-slovenia.com\/cs\/wp-json\/wp\/v2\/types\/page"}],"author":[{"embeddable":true,"href":"https:\/\/golf-slovenia.com\/cs\/wp-json\/wp\/v2\/users\/1"}],"replies":[{"embeddable":true,"href":"https:\/\/golf-slovenia.com\/cs\/wp-json\/wp\/v2\/comments?post=19"}],"version-history":[{"count":1,"href":"https:\/\/golf-slovenia.com\/cs\/wp-json\/wp\/v2\/pages\/19\/revisions"}],"predecessor-version":[{"id":42,"href":"https:\/\/golf-slovenia.com\/cs\/wp-json\/wp\/v2\/pages\/19\/revisions\/42"}],"wp:attachment":[{"href":"https:\/\/golf-slovenia.com\/cs\/wp-json\/wp\/v2\/media?parent=19"}],"curies":[{"name":"wp","href":"https:\/\/api.w.org\/{rel}","templated":true}]}}