{"id":13553,"date":"2024-03-22T13:32:58","date_gmt":"2024-03-22T13:32:58","guid":{"rendered":"https:\/\/golf-slovenia.com\/?page_id=13553"},"modified":"2024-04-26T05:52:16","modified_gmt":"2024-04-26T05:52:16","slug":"jak-se-dostat-do-slovinska","status":"publish","type":"page","link":"https:\/\/golf-slovenia.com\/cs\/jak-se-dostat-do-slovinska\/","title":{"rendered":"Jak se dostat do Slovinska?"},"content":{"rendered":"<p>Pl\u00e1nujete cestu do Slovinska a zaj\u00edm\u00e1 v\u00e1s, jak se tam dostat? U\u017e nemus\u00edte hledat d\u00e1l!<\/p>\n\n\n\n<p>Slovinsko je v\u00fdhodn\u011b um\u00edst\u011bno <strong>se nach\u00e1z\u00ed v sam\u00e9m st\u0159edu Evropy<\/strong>, co\u017e usnad\u0148uje p\u0159\u00edjezd z jak\u00e9hokoli sm\u011bru. A\u0165 u\u017e p\u0159il\u00e9t\u00e1te letecky, po zemi nebo po mo\u0159i, existuje spousta mo\u017enost\u00ed, jak se do t\u00e9to mal\u00e9, ale mocn\u00e9 zem\u011b dostat.<\/p>\n\n\n\n<figure class=\"wp-block-image size-large is-resized\"><img decoding=\"async\" src=\"https:\/\/golf-slovenia.com\/wp-content\/uploads\/beautiful-landscape-of-lake-bled-the-church-island-in-the-middle-and-the-castle-in-the-background-of-white-clouded-sky-from-ojstrica-viewpoint-in-bled-slovenia-stockpack-adobe-stock-1024x439.webp\" alt=\"bled pohled slovinsko\" class=\"wp-image-13742\" style=\"width:1159px;height:auto\"\/><figcaption class=\"wp-element-caption\">Skryt\u00e9 klenoty ve Slovinsku - Bledsk\u00e9 jezero<\/figcaption><\/figure>\n\n\n\n<p>Slovinsko je d\u00edky sv\u00fdm \u00fachvatn\u00fdm p\u0159\u00edrodn\u00edm kr\u00e1s\u00e1m, bohat\u00e9 kulturn\u00ed historii a p\u0159\u00edv\u011btiv\u00fdm m\u00edstn\u00edm obyvatel\u016fm ide\u00e1ln\u00ed destinac\u00ed pro cestovatele, kte\u0159\u00ed cht\u011bj\u00ed prozkoumat tuto \u010d\u00e1st Evropy.<\/p>\n\n\n\n<p>V tomto pr\u016fvodci se v\u011bnujeme v\u0161em mo\u017enostem, jak se do Slovinska dostat, abyste si mohli snadno napl\u00e1novat cestu.<\/p>\n\n\n\n<h2 class=\"wp-block-heading\">P\u0159\u00edlet letadlem<\/h2>\n\n\n\n<p>Nejlep\u0161\u00ed mo\u017enost\u00ed, jak se sem dostat, je let\u011bt do Slovinska, zejm\u00e9na pokud nepoch\u00e1z\u00edte z n\u011bkter\u00e9 z p\u0159\u00edhrani\u010dn\u00edch zem\u00ed.<\/p>\n\n\n\n<p>Slovinsko m\u00e1 3 mezin\u00e1rodn\u00ed leti\u0161t\u011b (Lubla\u0148, Maribor, Portoro\u017e).&nbsp;<\/p>\n\n\n\n<p><strong>Lubla\u0148 (leti\u0161t\u011b Jo\u017ee Pu\u010dnik)<\/strong> - hlavn\u00ed leti\u0161t\u011b ve Slovinsku&nbsp;<\/p>\n\n\n\n<p>Nach\u00e1z\u00ed se asi 26 km severn\u011b od hlavn\u00edho m\u011bsta. V z\u00e1vislosti na sv\u00e9m cestovn\u00edm pl\u00e1nu m\u016f\u017eete vyu\u017e\u00edt taxi, leti\u0161tn\u00ed kyvadlovou dopravu, p\u016fj\u010dit si auto nebo zvolit na\u0161e mo\u017enosti transferu.&nbsp;<\/p>\n\n\n\n<p>Leti\u0161t\u011b v Lublani je nejlep\u0161\u00ed volbou p\u0159i cestov\u00e1n\u00ed do Slovinska, zejm\u00e9na pro n\u00e1v\u0161t\u011bvu m\u00edst v centr\u00e1ln\u00ed, severn\u00ed nebo severoz\u00e1padn\u00ed \u010d\u00e1sti zem\u011b.<\/p>\n\n\n\n<p><strong>Maribor (leti\u0161t\u011b Edvarda Rusjana)<\/strong> - druh\u00e9 mezin\u00e1rodn\u00ed leti\u0161t\u011b<\/p>\n\n\n\n<p>Nach\u00e1z\u00ed se asi 10 km ji\u017en\u011b od Mariboru, druh\u00e9ho nejv\u011bt\u0161\u00edho m\u011bsta Slovinska. Na leti\u0161t\u011b a z leti\u0161t\u011b se cestuje tax\u00edkem nebo p\u0159edem objednan\u00fdm transferem. Leti\u0161t\u011b Maribor je vyu\u017e\u00edv\u00e1no p\u0159edev\u0161\u00edm pro sez\u00f3nn\u00ed a charterov\u00e9 lety.&nbsp;<\/p>\n\n\n\n<p><strong>Leti\u0161t\u011b Portoro\u017e <\/strong>- men\u0161\u00ed charterov\u00e9, obchodn\u00ed a n\u00e1kladn\u00ed lety<\/p>\n\n\n\n<p>Leti\u0161t\u011b se nach\u00e1z\u00ed 6 km ji\u017en\u011b od Portoro\u017ee a b\u011bhem hodiny j\u00edzdy autem se dostanete do n\u00e1sleduj\u00edc\u00edch m\u011bst: V dojezdov\u00e9 vzd\u00e1lenosti se nach\u00e1z\u00ed Terst (It\u00e1lie), Koper, Postojna, Lubla\u0148 (Slovinsko) a chorvatsk\u00e1 m\u011bsta na Istrijsk\u00e9m poloostrov\u011b.<\/p>\n\n\n\n<p><strong>Leti\u0161t\u011b Terst (leti\u0161t\u011b Friuli Venezia Giulia)<\/strong> - Spousta p\u0159\u00edm\u00fdch let\u016f, jen kousek za slovinsk\u00fdmi hranicemi<\/p>\n\n\n\n<p>Leti\u0161t\u011b Terst, zn\u00e1m\u00e9 tak\u00e9 jako leti\u0161t\u011b Friuli Venezia Giulia, se nach\u00e1z\u00ed asi 33 km severoz\u00e1padn\u011b od Terstu v It\u00e1lii. Nab\u00edz\u00ed p\u0159\u00edm\u00e9 lety do r\u016fzn\u00fdch destinac\u00ed, v\u010detn\u011b velk\u00fdch m\u011bst a region\u00e1ln\u00edch uzl\u016f, s leteck\u00fdmi spole\u010dnostmi jako Ryanair a ITA Airways. P\u0159esto\u017ee se nach\u00e1z\u00ed v It\u00e1lii, do Slovinska se dostanete za m\u00e9n\u011b ne\u017e 30 minut a do Lublan\u011b za 1h20min.<\/p>\n\n\n\n<p><strong>Dal\u0161\u00ed alternativn\u00ed leti\u0161t\u011b pobl\u00ed\u017e Slovinska <\/strong>(m\u00e9n\u011b ne\u017e 2 hodiny j\u00edzdy):<\/p>\n\n\n\n<p>Dal\u0161\u00ed nejvhodn\u011bj\u0161\u00ed leti\u0161t\u011b mimo Slovinsko je <strong>Ben\u00e1tky<\/strong> (Marco Polo a Treviso) s \u010detn\u00fdmi mezin\u00e1rodn\u00edmi spoji. <strong>Z\u00e1h\u0159eb<\/strong> a <strong>V\u00edde\u0148<\/strong> jsou tak\u00e9 skv\u011blou volbou, i kdy\u017e druh\u00fd jmenovan\u00fd je o n\u011bco vzd\u00e1len\u011bj\u0161\u00ed.<\/p>\n\n\n\n<p>Dal\u0161\u00ed mo\u017enosti: Pula, Klagenfurt, \u0160t\u00fdrsk\u00fd Hradec, Terst<\/p>\n\n\n\n<h2 class=\"wp-block-heading\">P\u0159\u00edjezd autem<\/h2>\n\n\n\n<p>P\u0159\u00edjezd do Slovinska autem je pohodlnou a praktickou volbou, proto\u017ee zem\u011b m\u00e1. <strong>vynikaj\u00edc\u00ed spojen\u00ed<\/strong> do zbytku Evropy prost\u0159ednictv\u00edm <strong>s\u00ed\u0165 d\u00e1lnic<\/strong>. Celou zemi lze snadno prozkoumat autem, proto\u017ee vzd\u00e1lenosti jsou mal\u00e9 a celou zemi lze projet b\u011bhem n\u011bkolika kr\u00e1tk\u00fdch j\u00edzd.<\/p>\n\n\n\n<p>Slovinsko je toti\u017e <strong>ide\u00e1ln\u00ed destinace pro road trip<\/strong>, proto\u017ee si budete moci prohl\u00e9dnout v\u0161echny \u00fachvatn\u00e9 p\u0159\u00edrodn\u00ed kr\u00e1sy a rozmanit\u00e9 kulturn\u00ed pam\u00e1tky, kter\u00e9 tato zem\u011b nab\u00edz\u00ed.<\/p>\n\n\n\n<p>Je d\u016fle\u017eit\u00e9 si uv\u011bdomit, \u017ee je t\u0159eba. <strong>koupit d\u00e1lni\u010dn\u00ed zn\u00e1mku<\/strong> pou\u017e\u00edvat d\u00e1lnice ve Slovinsku. Lze je zakoupit na \u010derpac\u00edch stanic\u00edch, po\u0161t\u00e1ch a v kiosc\u00edch. <strong>nejlep\u0161\u00ed zp\u016fsob<\/strong> je <a href=\"https:\/\/evinjeta.dars.si\/en\">koupit online<\/a>. Jsou k dispozici na r\u016fzn\u011b dlouhou dobu, od jednoho t\u00fddne a\u017e po jeden rok. Jakmile si po\u0159\u00edd\u00edte d\u00e1lni\u010dn\u00ed zn\u00e1mku, budete si moci u\u017e\u00edvat bezprobl\u00e9mov\u00e9 a bezprobl\u00e9mov\u00e9 cestov\u00e1n\u00ed po Slovinsku autem.<\/p>\n\n\n\n<h2 class=\"wp-block-heading\">P\u0159\u00edjezd vlakem<\/h2>\n\n\n\n<p>J\u00edzda vlakem do Slovinska je snadn\u00e1. Na trase jsou <strong>dobr\u00e9 \u017eelezni\u010dn\u00ed spojen\u00ed<\/strong> ze sousedn\u00edch a mnoha dal\u0161\u00edch zem\u00ed: Chorvatsko, It\u00e1lie, Rakousko, Ma\u010farsko, Srbsko, \u010cesk\u00e1 republika, N\u011bmecko, \u0160v\u00fdcarsko atd.&nbsp;<\/p>\n\n\n\n<p>Slovinsko je zahrnuto do <strong>Eurail Global Pass<\/strong> syst\u00e9m.&nbsp;<\/p>\n\n\n\n<p>Z nedalek\u00fdch leti\u0161\u0165, jako je Terst, Z\u00e1h\u0159eb nebo V\u00edde\u0148, m\u016f\u017eete cestovat tak\u00e9 vlakem.<\/p>\n\n\n\n<h2 class=\"wp-block-heading\">P\u0159\u00edjezd autobusem<\/h2>\n\n\n\n<p>Cestov\u00e1n\u00ed do Slovinska autobusem z mnoha evropsk\u00fdch m\u011bst je pom\u011brn\u011b snadn\u00e9. Na trase se nach\u00e1z\u00ed <strong>p\u0159\u00edm\u00e9 autobusov\u00e9 linky<\/strong> a\u017e ze \u0160v\u00e9dska a D\u00e1nska, p\u0159i\u010dem\u017e v\u011bt\u0161ina mezin\u00e1rodn\u00edch autobus\u016f zastavuje v Lublani.<\/p>\n\n\n\n<p>Registrovan\u00ed zahrani\u010dn\u00ed poskytovatel\u00e9 autobusov\u00e9 dopravy v EU nepot\u0159ebuj\u00ed pro cestov\u00e1n\u00ed po Slovinsku zvl\u00e1\u0161tn\u00ed povolen\u00ed, p\u0159i\u010dem\u017e obliba autobus\u016f FlixBus a Nomago roste.<\/p>\n\n\n\n<h2 class=\"wp-block-heading\">Pot\u0159ebuji do Slovinska v\u00edzum?<\/h2>\n\n\n\n<p>Ob\u010dan\u00e9 \u010dlensk\u00fdch st\u00e1t\u016f Evropsk\u00e9ho hospod\u00e1\u0159sk\u00e9ho prostoru (EHP) mohou do Slovinska vstupovat s pr\u016fkazem toto\u017enosti. <strong>platn\u00fd pr\u016fkaz toto\u017enosti nebo platn\u00fd cestovn\u00ed pas.<\/strong> a nevy\u017eaduj\u00ed v\u00edzum ani povolen\u00ed k pobytu.<\/p>\n\n\n\n<p>St\u00e1tn\u00ed p\u0159\u00edslu\u0161n\u00edci t\u0159et\u00edch zem\u00ed mus\u00ed z\u00edskat v\u00edzum nebo povolen\u00ed k pobytu na slovinsk\u00e9 diplomatick\u00e9 misi v zahrani\u010d\u00ed.<\/p>\n\n\n\n<p>* Seznam zem\u00ed, kter\u00e9 vy\u017eaduj\u00ed v\u00edzum do Slovinska, je k dispozici na ofici\u00e1ln\u00edch vl\u00e1dn\u00edch str\u00e1nk\u00e1ch. <a href=\"https:\/\/www.gov.si\/en\/countries\/\">zde<\/a>.<\/p>","protected":false},"excerpt":{"rendered":"<p>Pl\u00e1nujete cestu do Slovinska a zaj\u00edm\u00e1 v\u00e1s, jak se tam dostat? U\u017e nemus\u00edte hledat d\u00e1l! Slovinsko m\u00e1 v\u00fdhodnou polohu v sam\u00e9m st\u0159edu Evropy, tak\u017ee se sem snadno dostanete z jak\u00e9hokoli sm\u011bru. A\u0165 u\u017e se chyst\u00e1te letecky, po zemi nebo po mo\u0159i, existuje spousta mo\u017enost\u00ed, jak se do t\u00e9to mal\u00e9, ale mocn\u00e9 zem\u011b dostat. ... <a href=\"https:\/\/golf-slovenia.com\/cs\/jak-se-dostat-do-slovinska\/\">Pokra\u010dov\u00e1n\u00ed<\/a><\/p>","protected":false},"author":8,"featured_media":15427,"parent":0,"menu_order":0,"comment_status":"closed","ping_status":"closed","template":"","meta":{"_acf_changed":false,"footnotes":""},"class_list":["post-13553","page","type-page","status-publish","has-post-thumbnail","hentry"],"acf":{"page_subheading":"Learn how to get to Slovenia by plane, car, or public transportation, and have an easier time planning your trip with our comprehensive guide."},"_links":{"self":[{"href":"https:\/\/golf-slovenia.com\/cs\/wp-json\/wp\/v2\/pages\/13553","targetHints":{"allow":["GET"]}}],"collection":[{"href":"https:\/\/golf-slovenia.com\/cs\/wp-json\/wp\/v2\/pages"}],"about":[{"href":"https:\/\/golf-slovenia.com\/cs\/wp-json\/wp\/v2\/types\/page"}],"author":[{"embeddable":true,"href":"https:\/\/golf-slovenia.com\/cs\/wp-json\/wp\/v2\/users\/8"}],"replies":[{"embeddable":true,"href":"https:\/\/golf-slovenia.com\/cs\/wp-json\/wp\/v2\/comments?post=13553"}],"version-history":[{"count":4,"href":"https:\/\/golf-slovenia.com\/cs\/wp-json\/wp\/v2\/pages\/13553\/revisions"}],"predecessor-version":[{"id":15426,"href":"https:\/\/golf-slovenia.com\/cs\/wp-json\/wp\/v2\/pages\/13553\/revisions\/15426"}],"wp:featuredmedia":[{"embeddable":true,"href":"https:\/\/golf-slovenia.com\/cs\/wp-json\/wp\/v2\/media\/15427"}],"wp:attachment":[{"href":"https:\/\/golf-slovenia.com\/cs\/wp-json\/wp\/v2\/media?parent=13553"}],"curies":[{"name":"wp","href":"https:\/\/api.w.org\/{rel}","templated":true}]}}