{"id":13,"date":"2022-11-15T10:52:33","date_gmt":"2022-11-15T10:52:33","guid":{"rendered":"https:\/\/golf-slovenia.com\/cookie-policy\/"},"modified":"2022-11-19T18:17:28","modified_gmt":"2022-11-19T18:17:28","slug":"zasady-pouzivani-souboru-cookie","status":"publish","type":"page","link":"https:\/\/golf-slovenia.com\/cs\/zasady-pouzivani-souboru-cookie\/","title":{"rendered":"Z\u00e1sady pou\u017e\u00edv\u00e1n\u00ed soubor\u016f cookie"},"content":{"rendered":"<p>Tyto z\u00e1sady pou\u017e\u00edv\u00e1n\u00ed soubor\u016f cookie vysv\u011btluj\u00ed, co jsou to soubory cookie a jak je pou\u017e\u00edv\u00e1me. M\u011bli byste si tyto z\u00e1sady p\u0159e\u010d\u00edst, abyste pochopili, co jsou soubory cookie, jak je pou\u017e\u00edv\u00e1me, jak\u00e9 typy soubor\u016f cookie pou\u017e\u00edv\u00e1me, tj. jak\u00e9 informace pomoc\u00ed soubor\u016f cookie shroma\u017e\u010fujeme a jak jsou tyto informace pou\u017e\u00edv\u00e1ny a jak ovl\u00e1dat p\u0159edvolby soubor\u016f cookie. Dal\u0161\u00ed informace o tom, jak pou\u017e\u00edv\u00e1me, uchov\u00e1v\u00e1me a zabezpe\u010dujeme va\u0161e osobn\u00ed \u00fadaje, naleznete v na\u0161ich Z\u00e1sad\u00e1ch ochrany osobn\u00edch \u00fadaj\u016f.<br><br>Sv\u016fj souhlas m\u016f\u017eete kdykoli zm\u011bnit nebo odvolat v Prohl\u00e1\u0161en\u00ed o souborech cookie na na\u0161ich webov\u00fdch str\u00e1nk\u00e1ch.<br><br>V\u00edce informac\u00ed o tom, kdo jsme, jak n\u00e1s m\u016f\u017eete kontaktovat a jak zpracov\u00e1v\u00e1me osobn\u00ed \u00fadaje, najdete v na\u0161ich Z\u00e1sad\u00e1ch ochrany osobn\u00edch \u00fadaj\u016f.<br><br>&nbsp;V\u00e1\u0161 souhlas se vztahuje pouze na tuto dom\u00e9nu.<\/p>\n\n\n\n<h4 class=\"wp-block-heading\">CO JSOU TO SOUBORY COOKIE?<\/h4>\n\n\n\n<p>Soubory cookie jsou mal\u00e9 textov\u00e9 soubory, kter\u00e9 slou\u017e\u00ed k ukl\u00e1d\u00e1n\u00ed mal\u00fdch informac\u00ed. Soubory cookie se ukl\u00e1daj\u00ed do va\u0161eho za\u0159\u00edzen\u00ed p\u0159i na\u010dten\u00ed webov\u00e9 str\u00e1nky v prohl\u00ed\u017ee\u010di. Tyto soubory cookie n\u00e1m pom\u00e1haj\u00ed zajistit spr\u00e1vn\u00e9 fungov\u00e1n\u00ed webov\u00fdch str\u00e1nek, zv\u00fd\u0161it jejich bezpe\u010dnost, poskytnout lep\u0161\u00ed u\u017eivatelsk\u00fd komfort a pochopit, jak webov\u00e9 str\u00e1nky funguj\u00ed, a analyzovat, co funguje a kde je t\u0159eba zlep\u0161en\u00ed.<\/p>\n\n\n\n<h4 class=\"wp-block-heading\">JAK POU\u017d\u00cdV\u00c1ME SOUBORY COOKIE?<\/h4>\n\n\n\n<p>Stejn\u011b jako v\u011bt\u0161ina online slu\u017eeb i na\u0161e webov\u00e9 str\u00e1nky pou\u017e\u00edvaj\u00ed soubory cookie prvn\u00ed strany a soubory cookie t\u0159et\u00edch stran pro r\u016fzn\u00e9 \u00fa\u010dely. Soubory cookie prvn\u00ed strany jsou v\u011bt\u0161inou nezbytn\u00e9 pro spr\u00e1vn\u00e9 fungov\u00e1n\u00ed webov\u00fdch str\u00e1nek a neshroma\u017e\u010fuj\u00ed \u017e\u00e1dn\u00e9 va\u0161e osobn\u00ed \u00fadaje.<br><br>Soubory cookie t\u0159et\u00edch stran pou\u017e\u00edvan\u00e9 na na\u0161ich webov\u00fdch str\u00e1nk\u00e1ch slou\u017e\u00ed p\u0159edev\u0161\u00edm k pochopen\u00ed toho, jak webov\u00e9 str\u00e1nky funguj\u00ed, jak s nimi komunikujete, k zaji\u0161t\u011bn\u00ed bezpe\u010dnosti na\u0161ich slu\u017eeb, k poskytov\u00e1n\u00ed pro v\u00e1s relevantn\u00edch reklam a celkov\u011b k zaji\u0161t\u011bn\u00ed lep\u0161\u00edho a kvalitn\u011bj\u0161\u00edho u\u017eivatelsk\u00e9ho z\u00e1\u017eitku a k urychlen\u00ed va\u0161\u00ed budouc\u00ed interakce s na\u0161imi webov\u00fdmi str\u00e1nkami.<\/p>\n\n\n\n<h4 class=\"wp-block-heading\">JAK MOHU OVL\u00c1DAT P\u0158EDVOLBY SOUBOR\u016e COOKIE?<\/h4>\n\n\n\n<p>Sv\u00e9 preference soubor\u016f cookie m\u016f\u017eete spravovat kliknut\u00edm na tla\u010d\u00edtko \"Nastaven\u00ed\" a povolen\u00edm nebo zak\u00e1z\u00e1n\u00edm kategori\u00ed soubor\u016f cookie ve vyskakovac\u00edm okn\u011b podle sv\u00fdch preferenc\u00ed.<br><br>Pokud se rozhodnete zm\u011bnit sv\u00e9 preference pozd\u011bji b\u011bhem prohl\u00ed\u017een\u00ed, m\u016f\u017eete kliknout na z\u00e1lo\u017eku \"Ochrana osobn\u00edch \u00fadaj\u016f a z\u00e1sady pou\u017e\u00edv\u00e1n\u00ed soubor\u016f cookie\" na obrazovce. T\u00edm se znovu zobraz\u00ed ozn\u00e1men\u00ed o souhlasu, kter\u00e9 v\u00e1m umo\u017en\u00ed zm\u011bnit va\u0161e preference nebo souhlas zcela odvolat.<br><br>Krom\u011b toho r\u016fzn\u00e9 prohl\u00ed\u017ee\u010de poskytuj\u00ed r\u016fzn\u00e9 metody blokov\u00e1n\u00ed a maz\u00e1n\u00ed soubor\u016f cookie pou\u017e\u00edvan\u00fdch webov\u00fdmi str\u00e1nkami. M\u016f\u017eete zm\u011bnit nastaven\u00ed prohl\u00ed\u017ee\u010de a soubory cookie blokovat\/vymazat.<\/p>","protected":false},"excerpt":{"rendered":"<p>Tyto z\u00e1sady pou\u017e\u00edv\u00e1n\u00ed soubor\u016f cookie vysv\u011btluj\u00ed, co jsou to soubory cookie a jak je pou\u017e\u00edv\u00e1me. M\u011bli byste si tyto z\u00e1sady p\u0159e\u010d\u00edst, abyste pochopili, co jsou soubory cookie, jak je pou\u017e\u00edv\u00e1me, jak\u00e9 typy soubor\u016f cookie pou\u017e\u00edv\u00e1me, tj. jak\u00e9 informace pomoc\u00ed soubor\u016f cookie shroma\u017e\u010fujeme a jak jsou tyto informace pou\u017e\u00edv\u00e1ny a jak ovl\u00e1dat p\u0159edvolby soubor\u016f cookie. Dal\u0161\u00ed informace ... <a href=\"https:\/\/golf-slovenia.com\/cs\/zasady-pouzivani-souboru-cookie\/\">Pokra\u010dov\u00e1n\u00ed<\/a><\/p>","protected":false},"author":1,"featured_media":0,"parent":0,"menu_order":0,"comment_status":"open","ping_status":"open","template":"","meta":{"_acf_changed":false,"footnotes":""},"class_list":["post-13","page","type-page","status-publish","hentry"],"acf":{"page_subheading":"Understand what cookies are and how do we use them to make your experience on this website more pleasant."},"_links":{"self":[{"href":"https:\/\/golf-slovenia.com\/cs\/wp-json\/wp\/v2\/pages\/13","targetHints":{"allow":["GET"]}}],"collection":[{"href":"https:\/\/golf-slovenia.com\/cs\/wp-json\/wp\/v2\/pages"}],"about":[{"href":"https:\/\/golf-slovenia.com\/cs\/wp-json\/wp\/v2\/types\/page"}],"author":[{"embeddable":true,"href":"https:\/\/golf-slovenia.com\/cs\/wp-json\/wp\/v2\/users\/1"}],"replies":[{"embeddable":true,"href":"https:\/\/golf-slovenia.com\/cs\/wp-json\/wp\/v2\/comments?post=13"}],"version-history":[{"count":1,"href":"https:\/\/golf-slovenia.com\/cs\/wp-json\/wp\/v2\/pages\/13\/revisions"}],"predecessor-version":[{"id":39,"href":"https:\/\/golf-slovenia.com\/cs\/wp-json\/wp\/v2\/pages\/13\/revisions\/39"}],"wp:attachment":[{"href":"https:\/\/golf-slovenia.com\/cs\/wp-json\/wp\/v2\/media?parent=13"}],"curies":[{"name":"wp","href":"https:\/\/api.w.org\/{rel}","templated":true}]}}